{"id":6168,"date":"2015-08-26T22:22:03","date_gmt":"2015-08-26T21:22:03","guid":{"rendered":"http:\/\/tierra-de-oz.net\/wordpress\/?page_id=6168"},"modified":"2026-01-26T20:53:50","modified_gmt":"2026-01-26T19:53:50","slug":"crucified-barbara-11-7-2015","status":"publish","type":"page","link":"https:\/\/tierra-de-oz.net\/wordpress\/crucified-barbara-11-7-2015\/","title":{"rendered":"Crucified Barbara &#8211; 11.7.2015"},"content":{"rendered":"<div class=\"associated-posts thumbnail-title\"><\/div>\n<p>Crucified Barbara live on stage at Are\u00e1l lik\u00e9rky Rudolf Jel\u00ednek, July 11th 2015, Vizovice, Czech Republic<\/p>\n<div id=\"jig1\" class=\"justified-image-grid jig-b4b0f8927a5ccb31d6c23390407b7c84 jig-preset-global jig-source-nextgen\"><div class=\"jig-clearfix\"><\/div><noscript id=\"jig1-html\" class=\"justified-image-grid-html\" data-lazy-src=\"skiplazyload\" data-src=\"skipunveillazyload\"><ul><li><a href=\"https:\/\/tierra-de-oz.net\/wordpress\/wp-content\/gallery\/crucified-barbara_1\/crucified-barbara-masters-of-rock-vizovice-11-07-2015-01.jpg\"><img src=\"https:\/\/tierra-de-oz.net\/wordpress\/wp-content\/plugins\/justified-image-grid\/timthumb.php?src=https%3A%2F%2Ftierra-de-oz.net%2Fwordpress%2Fwp-content%2Fgallery%2Fcrucified-barbara_1%2Fcrucified-barbara-masters-of-rock-vizovice-11-07-2015-01.jpg&amp;h=230&amp;q=90&amp;f=.jpg\" alt=\"\" width=\"344\" height=\"230\" \/><\/a><\/li><li><a href=\"https:\/\/tierra-de-oz.net\/wordpress\/wp-content\/gallery\/crucified-barbara_1\/crucified-barbara-masters-of-rock-vizovice-11-07-2015-02.jpg\"><img src=\"https:\/\/tierra-de-oz.net\/wordpress\/wp-content\/plugins\/justified-image-grid\/timthumb.php?src=https%3A%2F%2Ftierra-de-oz.net%2Fwordpress%2Fwp-content%2Fgallery%2Fcrucified-barbara_1%2Fcrucified-barbara-masters-of-rock-vizovice-11-07-2015-02.jpg&amp;h=230&amp;q=90&amp;f=.jpg\" alt=\"\" width=\"344\" height=\"230\" \/><\/a><\/li><li><a href=\"https:\/\/tierra-de-oz.net\/wordpress\/wp-content\/gallery\/crucified-barbara_1\/crucified-barbara-masters-of-rock-vizovice-11-07-2015-03.jpg\"><img src=\"https:\/\/tierra-de-oz.net\/wordpress\/wp-content\/plugins\/justified-image-grid\/timthumb.php?src=https%3A%2F%2Ftierra-de-oz.net%2Fwordpress%2Fwp-content%2Fgallery%2Fcrucified-barbara_1%2Fcrucified-barbara-masters-of-rock-vizovice-11-07-2015-03.jpg&amp;h=230&amp;q=90&amp;f=.jpg\" alt=\"\" width=\"344\" height=\"230\" \/><\/a><\/li><li><a href=\"https:\/\/tierra-de-oz.net\/wordpress\/wp-content\/gallery\/crucified-barbara_1\/crucified-barbara-masters-of-rock-vizovice-11-07-2015-04.jpg\"><img src=\"https:\/\/tierra-de-oz.net\/wordpress\/wp-content\/plugins\/justified-image-grid\/timthumb.php?src=https%3A%2F%2Ftierra-de-oz.net%2Fwordpress%2Fwp-content%2Fgallery%2Fcrucified-barbara_1%2Fcrucified-barbara-masters-of-rock-vizovice-11-07-2015-04.jpg&amp;h=230&amp;q=90&amp;f=.jpg\" alt=\"\" width=\"344\" height=\"230\" \/><\/a><\/li><li><a href=\"https:\/\/tierra-de-oz.net\/wordpress\/wp-content\/gallery\/crucified-barbara_1\/crucified-barbara-masters-of-rock-vizovice-11-07-2015-05.jpg\"><img src=\"https:\/\/tierra-de-oz.net\/wordpress\/wp-content\/plugins\/justified-image-grid\/timthumb.php?src=https%3A%2F%2Ftierra-de-oz.net%2Fwordpress%2Fwp-content%2Fgallery%2Fcrucified-barbara_1%2Fcrucified-barbara-masters-of-rock-vizovice-11-07-2015-05.jpg&amp;h=230&amp;q=90&amp;f=.jpg\" alt=\"\" width=\"344\" height=\"230\" \/><\/a><\/li><li><a href=\"https:\/\/tierra-de-oz.net\/wordpress\/wp-content\/gallery\/crucified-barbara_1\/crucified-barbara-masters-of-rock-vizovice-11-07-2015-06.jpg\"><img src=\"https:\/\/tierra-de-oz.net\/wordpress\/wp-content\/plugins\/justified-image-grid\/timthumb.php?src=https%3A%2F%2Ftierra-de-oz.net%2Fwordpress%2Fwp-content%2Fgallery%2Fcrucified-barbara_1%2Fcrucified-barbara-masters-of-rock-vizovice-11-07-2015-06.jpg&amp;h=230&amp;q=90&amp;f=.jpg\" alt=\"\" width=\"344\" height=\"230\" \/><\/a><\/li><li><a href=\"https:\/\/tierra-de-oz.net\/wordpress\/wp-content\/gallery\/crucified-barbara_1\/crucified-barbara-masters-of-rock-vizovice-11-07-2015-07.jpg\"><img src=\"https:\/\/tierra-de-oz.net\/wordpress\/wp-content\/plugins\/justified-image-grid\/timthumb.php?src=https%3A%2F%2Ftierra-de-oz.net%2Fwordpress%2Fwp-content%2Fgallery%2Fcrucified-barbara_1%2Fcrucified-barbara-masters-of-rock-vizovice-11-07-2015-07.jpg&amp;h=230&amp;q=90&amp;f=.jpg\" alt=\"\" width=\"344\" height=\"230\" \/><\/a><\/li><li><a href=\"https:\/\/tierra-de-oz.net\/wordpress\/wp-content\/gallery\/crucified-barbara_1\/crucified-barbara-masters-of-rock-vizovice-11-07-2015-08.jpg\"><img src=\"https:\/\/tierra-de-oz.net\/wordpress\/wp-content\/plugins\/justified-image-grid\/timthumb.php?src=https%3A%2F%2Ftierra-de-oz.net%2Fwordpress%2Fwp-content%2Fgallery%2Fcrucified-barbara_1%2Fcrucified-barbara-masters-of-rock-vizovice-11-07-2015-08.jpg&amp;h=230&amp;q=90&amp;f=.jpg\" alt=\"\" width=\"344\" height=\"230\" \/><\/a><\/li><li><a href=\"https:\/\/tierra-de-oz.net\/wordpress\/wp-content\/gallery\/crucified-barbara_1\/crucified-barbara-masters-of-rock-vizovice-11-07-2015-09.jpg\"><img src=\"https:\/\/tierra-de-oz.net\/wordpress\/wp-content\/plugins\/justified-image-grid\/timthumb.php?src=https%3A%2F%2Ftierra-de-oz.net%2Fwordpress%2Fwp-content%2Fgallery%2Fcrucified-barbara_1%2Fcrucified-barbara-masters-of-rock-vizovice-11-07-2015-09.jpg&amp;h=230&amp;q=90&amp;f=.jpg\" alt=\"\" width=\"153\" height=\"230\" \/><\/a><\/li><li><a href=\"https:\/\/tierra-de-oz.net\/wordpress\/wp-content\/gallery\/crucified-barbara_1\/crucified-barbara-masters-of-rock-vizovice-11-07-2015-10.jpg\"><img src=\"https:\/\/tierra-de-oz.net\/wordpress\/wp-content\/plugins\/justified-image-grid\/timthumb.php?src=https%3A%2F%2Ftierra-de-oz.net%2Fwordpress%2Fwp-content%2Fgallery%2Fcrucified-barbara_1%2Fcrucified-barbara-masters-of-rock-vizovice-11-07-2015-10.jpg&amp;h=230&amp;q=90&amp;f=.jpg\" alt=\"\" width=\"153\" height=\"230\" \/><\/a><\/li><li><a href=\"https:\/\/tierra-de-oz.net\/wordpress\/wp-content\/gallery\/crucified-barbara_1\/crucified-barbara-masters-of-rock-vizovice-11-07-2015-11.jpg\"><img src=\"https:\/\/tierra-de-oz.net\/wordpress\/wp-content\/plugins\/justified-image-grid\/timthumb.php?src=https%3A%2F%2Ftierra-de-oz.net%2Fwordpress%2Fwp-content%2Fgallery%2Fcrucified-barbara_1%2Fcrucified-barbara-masters-of-rock-vizovice-11-07-2015-11.jpg&amp;h=230&amp;q=90&amp;f=.jpg\" alt=\"\" width=\"344\" height=\"230\" \/><\/a><\/li><li><a href=\"https:\/\/tierra-de-oz.net\/wordpress\/wp-content\/gallery\/crucified-barbara_1\/crucified-barbara-masters-of-rock-vizovice-11-07-2015-12.jpg\"><img src=\"https:\/\/tierra-de-oz.net\/wordpress\/wp-content\/plugins\/justified-image-grid\/timthumb.php?src=https%3A%2F%2Ftierra-de-oz.net%2Fwordpress%2Fwp-content%2Fgallery%2Fcrucified-barbara_1%2Fcrucified-barbara-masters-of-rock-vizovice-11-07-2015-12.jpg&amp;h=230&amp;q=90&amp;f=.jpg\" alt=\"\" width=\"344\" height=\"230\" \/><\/a><\/li><li><a href=\"https:\/\/tierra-de-oz.net\/wordpress\/wp-content\/gallery\/crucified-barbara_1\/crucified-barbara-masters-of-rock-vizovice-11-07-2015-13.jpg\"><img src=\"https:\/\/tierra-de-oz.net\/wordpress\/wp-content\/plugins\/justified-image-grid\/timthumb.php?src=https%3A%2F%2Ftierra-de-oz.net%2Fwordpress%2Fwp-content%2Fgallery%2Fcrucified-barbara_1%2Fcrucified-barbara-masters-of-rock-vizovice-11-07-2015-13.jpg&amp;h=230&amp;q=90&amp;f=.jpg\" alt=\"\" width=\"344\" height=\"230\" \/><\/a><\/li><li><a href=\"https:\/\/tierra-de-oz.net\/wordpress\/wp-content\/gallery\/crucified-barbara_1\/crucified-barbara-masters-of-rock-vizovice-11-07-2015-14.jpg\"><img src=\"https:\/\/tierra-de-oz.net\/wordpress\/wp-content\/plugins\/justified-image-grid\/timthumb.php?src=https%3A%2F%2Ftierra-de-oz.net%2Fwordpress%2Fwp-content%2Fgallery%2Fcrucified-barbara_1%2Fcrucified-barbara-masters-of-rock-vizovice-11-07-2015-14.jpg&amp;h=230&amp;q=90&amp;f=.jpg\" alt=\"\" width=\"344\" height=\"230\" \/><\/a><\/li><li><a href=\"https:\/\/tierra-de-oz.net\/wordpress\/wp-content\/gallery\/crucified-barbara_1\/crucified-barbara-masters-of-rock-vizovice-11-07-2015-15.jpg\"><img src=\"https:\/\/tierra-de-oz.net\/wordpress\/wp-content\/plugins\/justified-image-grid\/timthumb.php?src=https%3A%2F%2Ftierra-de-oz.net%2Fwordpress%2Fwp-content%2Fgallery%2Fcrucified-barbara_1%2Fcrucified-barbara-masters-of-rock-vizovice-11-07-2015-15.jpg&amp;h=230&amp;q=90&amp;f=.jpg\" alt=\"\" width=\"344\" height=\"230\" \/><\/a><\/li><li><a href=\"https:\/\/tierra-de-oz.net\/wordpress\/wp-content\/gallery\/crucified-barbara_1\/crucified-barbara-masters-of-rock-vizovice-11-07-2015-16.jpg\"><img src=\"https:\/\/tierra-de-oz.net\/wordpress\/wp-content\/plugins\/justified-image-grid\/timthumb.php?src=https%3A%2F%2Ftierra-de-oz.net%2Fwordpress%2Fwp-content%2Fgallery%2Fcrucified-barbara_1%2Fcrucified-barbara-masters-of-rock-vizovice-11-07-2015-16.jpg&amp;h=230&amp;q=90&amp;f=.jpg\" alt=\"\" width=\"344\" height=\"230\" \/><\/a><\/li><li><a href=\"https:\/\/tierra-de-oz.net\/wordpress\/wp-content\/gallery\/crucified-barbara_1\/crucified-barbara-masters-of-rock-vizovice-11-07-2015-17.jpg\"><img src=\"https:\/\/tierra-de-oz.net\/wordpress\/wp-content\/plugins\/justified-image-grid\/timthumb.php?src=https%3A%2F%2Ftierra-de-oz.net%2Fwordpress%2Fwp-content%2Fgallery%2Fcrucified-barbara_1%2Fcrucified-barbara-masters-of-rock-vizovice-11-07-2015-17.jpg&amp;h=230&amp;q=90&amp;f=.jpg\" alt=\"\" width=\"344\" height=\"230\" \/><\/a><\/li><li><a href=\"https:\/\/tierra-de-oz.net\/wordpress\/wp-content\/gallery\/crucified-barbara_1\/crucified-barbara-masters-of-rock-vizovice-11-07-2015-18.jpg\"><img src=\"https:\/\/tierra-de-oz.net\/wordpress\/wp-content\/plugins\/justified-image-grid\/timthumb.php?src=https%3A%2F%2Ftierra-de-oz.net%2Fwordpress%2Fwp-content%2Fgallery%2Fcrucified-barbara_1%2Fcrucified-barbara-masters-of-rock-vizovice-11-07-2015-18.jpg&amp;h=230&amp;q=90&amp;f=.jpg\" alt=\"\" width=\"344\" height=\"230\" \/><\/a><\/li><li><a href=\"https:\/\/tierra-de-oz.net\/wordpress\/wp-content\/gallery\/crucified-barbara_1\/crucified-barbara-masters-of-rock-vizovice-11-07-2015-19.jpg\"><img src=\"https:\/\/tierra-de-oz.net\/wordpress\/wp-content\/plugins\/justified-image-grid\/timthumb.php?src=https%3A%2F%2Ftierra-de-oz.net%2Fwordpress%2Fwp-content%2Fgallery%2Fcrucified-barbara_1%2Fcrucified-barbara-masters-of-rock-vizovice-11-07-2015-19.jpg&amp;h=230&amp;q=90&amp;f=.jpg\" alt=\"\" width=\"344\" height=\"230\" \/><\/a><\/li><li><a href=\"https:\/\/tierra-de-oz.net\/wordpress\/wp-content\/gallery\/crucified-barbara_1\/crucified-barbara-masters-of-rock-vizovice-11-07-2015-20.jpg\"><img src=\"https:\/\/tierra-de-oz.net\/wordpress\/wp-content\/plugins\/justified-image-grid\/timthumb.php?src=https%3A%2F%2Ftierra-de-oz.net%2Fwordpress%2Fwp-content%2Fgallery%2Fcrucified-barbara_1%2Fcrucified-barbara-masters-of-rock-vizovice-11-07-2015-20.jpg&amp;h=230&amp;q=90&amp;f=.jpg\" alt=\"\" width=\"344\" height=\"230\" \/><\/a><\/li><li><a href=\"https:\/\/tierra-de-oz.net\/wordpress\/wp-content\/gallery\/crucified-barbara_1\/crucified-barbara-masters-of-rock-vizovice-11-07-2015-21.jpg\"><img src=\"https:\/\/tierra-de-oz.net\/wordpress\/wp-content\/plugins\/justified-image-grid\/timthumb.php?src=https%3A%2F%2Ftierra-de-oz.net%2Fwordpress%2Fwp-content%2Fgallery%2Fcrucified-barbara_1%2Fcrucified-barbara-masters-of-rock-vizovice-11-07-2015-21.jpg&amp;h=230&amp;q=90&amp;f=.jpg\" alt=\"\" width=\"344\" height=\"230\" \/><\/a><\/li><li><a href=\"https:\/\/tierra-de-oz.net\/wordpress\/wp-content\/gallery\/crucified-barbara_1\/crucified-barbara-masters-of-rock-vizovice-11-07-2015-22.jpg\"><img src=\"https:\/\/tierra-de-oz.net\/wordpress\/wp-content\/plugins\/justified-image-grid\/timthumb.php?src=https%3A%2F%2Ftierra-de-oz.net%2Fwordpress%2Fwp-content%2Fgallery%2Fcrucified-barbara_1%2Fcrucified-barbara-masters-of-rock-vizovice-11-07-2015-22.jpg&amp;h=230&amp;q=90&amp;f=.jpg\" alt=\"\" width=\"344\" height=\"230\" \/><\/a><\/li><li><a href=\"https:\/\/tierra-de-oz.net\/wordpress\/wp-content\/gallery\/crucified-barbara_1\/crucified-barbara-masters-of-rock-vizovice-11-07-2015-23.jpg\"><img src=\"https:\/\/tierra-de-oz.net\/wordpress\/wp-content\/plugins\/justified-image-grid\/timthumb.php?src=https%3A%2F%2Ftierra-de-oz.net%2Fwordpress%2Fwp-content%2Fgallery%2Fcrucified-barbara_1%2Fcrucified-barbara-masters-of-rock-vizovice-11-07-2015-23.jpg&amp;h=230&amp;q=90&amp;f=.jpg\" alt=\"\" width=\"344\" height=\"230\" \/><\/a><\/li><li><a href=\"https:\/\/tierra-de-oz.net\/wordpress\/wp-content\/gallery\/crucified-barbara_1\/crucified-barbara-masters-of-rock-vizovice-11-07-2015-24.jpg\"><img src=\"https:\/\/tierra-de-oz.net\/wordpress\/wp-content\/plugins\/justified-image-grid\/timthumb.php?src=https%3A%2F%2Ftierra-de-oz.net%2Fwordpress%2Fwp-content%2Fgallery%2Fcrucified-barbara_1%2Fcrucified-barbara-masters-of-rock-vizovice-11-07-2015-24.jpg&amp;h=230&amp;q=90&amp;f=.jpg\" alt=\"\" width=\"344\" height=\"230\" \/><\/a><\/li><li><a href=\"https:\/\/tierra-de-oz.net\/wordpress\/wp-content\/gallery\/crucified-barbara_1\/crucified-barbara-masters-of-rock-vizovice-11-07-2015-25.jpg\"><img src=\"https:\/\/tierra-de-oz.net\/wordpress\/wp-content\/plugins\/justified-image-grid\/timthumb.php?src=https%3A%2F%2Ftierra-de-oz.net%2Fwordpress%2Fwp-content%2Fgallery%2Fcrucified-barbara_1%2Fcrucified-barbara-masters-of-rock-vizovice-11-07-2015-25.jpg&amp;h=230&amp;q=90&amp;f=.jpg\" alt=\"\" width=\"344\" height=\"230\" \/><\/a><\/li><li><a href=\"https:\/\/tierra-de-oz.net\/wordpress\/wp-content\/gallery\/crucified-barbara_1\/crucified-barbara-masters-of-rock-vizovice-11-07-2015-26.jpg\"><img src=\"https:\/\/tierra-de-oz.net\/wordpress\/wp-content\/plugins\/justified-image-grid\/timthumb.php?src=https%3A%2F%2Ftierra-de-oz.net%2Fwordpress%2Fwp-content%2Fgallery%2Fcrucified-barbara_1%2Fcrucified-barbara-masters-of-rock-vizovice-11-07-2015-26.jpg&amp;h=230&amp;q=90&amp;f=.jpg\" alt=\"\" width=\"344\" height=\"230\" \/><\/a><\/li><li><a href=\"https:\/\/tierra-de-oz.net\/wordpress\/wp-content\/gallery\/crucified-barbara_1\/crucified-barbara-masters-of-rock-vizovice-11-07-2015-27.jpg\"><img src=\"https:\/\/tierra-de-oz.net\/wordpress\/wp-content\/plugins\/justified-image-grid\/timthumb.php?src=https%3A%2F%2Ftierra-de-oz.net%2Fwordpress%2Fwp-content%2Fgallery%2Fcrucified-barbara_1%2Fcrucified-barbara-masters-of-rock-vizovice-11-07-2015-27.jpg&amp;h=230&amp;q=90&amp;f=.jpg\" alt=\"\" width=\"344\" height=\"230\" \/><\/a><\/li><li><a href=\"https:\/\/tierra-de-oz.net\/wordpress\/wp-content\/gallery\/crucified-barbara_1\/crucified-barbara-masters-of-rock-vizovice-11-07-2015-28.jpg\"><img src=\"https:\/\/tierra-de-oz.net\/wordpress\/wp-content\/plugins\/justified-image-grid\/timthumb.php?src=https%3A%2F%2Ftierra-de-oz.net%2Fwordpress%2Fwp-content%2Fgallery%2Fcrucified-barbara_1%2Fcrucified-barbara-masters-of-rock-vizovice-11-07-2015-28.jpg&amp;h=230&amp;q=90&amp;f=.jpg\" alt=\"\" width=\"344\" height=\"230\" \/><\/a><\/li><li><a href=\"https:\/\/tierra-de-oz.net\/wordpress\/wp-content\/gallery\/crucified-barbara_1\/crucified-barbara-masters-of-rock-vizovice-11-07-2015-29.jpg\"><img src=\"https:\/\/tierra-de-oz.net\/wordpress\/wp-content\/plugins\/justified-image-grid\/timthumb.php?src=https%3A%2F%2Ftierra-de-oz.net%2Fwordpress%2Fwp-content%2Fgallery%2Fcrucified-barbara_1%2Fcrucified-barbara-masters-of-rock-vizovice-11-07-2015-29.jpg&amp;h=230&amp;q=90&amp;f=.jpg\" alt=\"\" width=\"344\" height=\"230\" \/><\/a><\/li><li><a href=\"https:\/\/tierra-de-oz.net\/wordpress\/wp-content\/gallery\/crucified-barbara_1\/crucified-barbara-masters-of-rock-vizovice-11-07-2015-30.jpg\"><img src=\"https:\/\/tierra-de-oz.net\/wordpress\/wp-content\/plugins\/justified-image-grid\/timthumb.php?src=https%3A%2F%2Ftierra-de-oz.net%2Fwordpress%2Fwp-content%2Fgallery%2Fcrucified-barbara_1%2Fcrucified-barbara-masters-of-rock-vizovice-11-07-2015-30.jpg&amp;h=230&amp;q=90&amp;f=.jpg\" alt=\"\" width=\"153\" height=\"230\" \/><\/a><\/li><\/ul><\/noscript><\/div>\n<p><a title=\"Masters of Rock @ Are\u00e1l lik\u00e9rky Rudolf Jel\u00ednek Vizovice, Czech Republic 9. \u2013 12.7.2015\" href=\"https:\/\/tierra-de-oz.net\/wordpress\/masters-of-rock-areal-likerky-rudolf-jelinek-vizovice-czech-republic-9-12-7-2015\/\">back<\/a><\/p>\n","protected":false},"excerpt":{"rendered":"<p>Crucified Barbara live on stage at Are&aacute;l lik&eacute;rky Rudolf Jel&iacute;nek, July 11th 2015, Vizovice, Czech Republic back<\/p>\n","protected":false},"author":1,"featured_media":6169,"parent":0,"menu_order":0,"comment_status":"closed","ping_status":"closed","template":"","meta":{"footnotes":""},"tags":[728,1290,727],"class_list":["post-6168","page","type-page","status-publish","has-post-thumbnail","hentry","tag-areal-likerky-rudolf-jelinek-vizovice","tag-crucified-barbara","tag-masters-of-rock-2"],"_links":{"self":[{"href":"https:\/\/tierra-de-oz.net\/wordpress\/wp-json\/wp\/v2\/pages\/6168","targetHints":{"allow":["GET"]}}],"collection":[{"href":"https:\/\/tierra-de-oz.net\/wordpress\/wp-json\/wp\/v2\/pages"}],"about":[{"href":"https:\/\/tierra-de-oz.net\/wordpress\/wp-json\/wp\/v2\/types\/page"}],"author":[{"embeddable":true,"href":"https:\/\/tierra-de-oz.net\/wordpress\/wp-json\/wp\/v2\/users\/1"}],"replies":[{"embeddable":true,"href":"https:\/\/tierra-de-oz.net\/wordpress\/wp-json\/wp\/v2\/comments?post=6168"}],"version-history":[{"count":2,"href":"https:\/\/tierra-de-oz.net\/wordpress\/wp-json\/wp\/v2\/pages\/6168\/revisions"}],"predecessor-version":[{"id":15167,"href":"https:\/\/tierra-de-oz.net\/wordpress\/wp-json\/wp\/v2\/pages\/6168\/revisions\/15167"}],"wp:featuredmedia":[{"embeddable":true,"href":"https:\/\/tierra-de-oz.net\/wordpress\/wp-json\/wp\/v2\/media\/6169"}],"wp:attachment":[{"href":"https:\/\/tierra-de-oz.net\/wordpress\/wp-json\/wp\/v2\/media?parent=6168"}],"wp:term":[{"taxonomy":"post_tag","embeddable":true,"href":"https:\/\/tierra-de-oz.net\/wordpress\/wp-json\/wp\/v2\/tags?post=6168"}],"curies":[{"name":"wp","href":"https:\/\/api.w.org\/{rel}","templated":true}]}}