{"id":6165,"date":"2015-08-26T22:20:11","date_gmt":"2015-08-26T21:20:11","guid":{"rendered":"http:\/\/tierra-de-oz.net\/wordpress\/?page_id=6165"},"modified":"2026-01-26T20:53:22","modified_gmt":"2026-01-26T19:53:22","slug":"black-label-society-10-7-2015","status":"publish","type":"page","link":"https:\/\/tierra-de-oz.net\/wordpress\/black-label-society-10-7-2015\/","title":{"rendered":"Black Label Society &#8211; 10.7.2015"},"content":{"rendered":"<div class=\"associated-posts thumbnail-title\"><\/div>\n<p>Black Label Society live on stage at Are\u00e1l lik\u00e9rky Rudolf Jel\u00ednek, July 10th 2015, Vizovice, Czech Republic<\/p>\n<div id=\"jig1\" class=\"justified-image-grid jig-b32dc8c4abc55adbe224effdfbfe3a37 jig-preset-global jig-source-nextgen\"><div class=\"jig-clearfix\"><\/div><noscript id=\"jig1-html\" class=\"justified-image-grid-html\" data-lazy-src=\"skiplazyload\" data-src=\"skipunveillazyload\"><ul><li><a href=\"https:\/\/tierra-de-oz.net\/wordpress\/wp-content\/gallery\/black-label-society_1\/black-label-society-masters-of-rock-vizovice-10-07-2015-01.jpg\"><img src=\"https:\/\/tierra-de-oz.net\/wordpress\/wp-content\/plugins\/justified-image-grid\/timthumb.php?src=https%3A%2F%2Ftierra-de-oz.net%2Fwordpress%2Fwp-content%2Fgallery%2Fblack-label-society_1%2Fblack-label-society-masters-of-rock-vizovice-10-07-2015-01.jpg&amp;h=230&amp;q=90&amp;f=.jpg\" alt=\"\" width=\"344\" height=\"230\" \/><\/a><\/li><li><a href=\"https:\/\/tierra-de-oz.net\/wordpress\/wp-content\/gallery\/black-label-society_1\/black-label-society-masters-of-rock-vizovice-10-07-2015-02.jpg\"><img src=\"https:\/\/tierra-de-oz.net\/wordpress\/wp-content\/plugins\/justified-image-grid\/timthumb.php?src=https%3A%2F%2Ftierra-de-oz.net%2Fwordpress%2Fwp-content%2Fgallery%2Fblack-label-society_1%2Fblack-label-society-masters-of-rock-vizovice-10-07-2015-02.jpg&amp;h=230&amp;q=90&amp;f=.jpg\" alt=\"\" width=\"344\" height=\"230\" \/><\/a><\/li><li><a href=\"https:\/\/tierra-de-oz.net\/wordpress\/wp-content\/gallery\/black-label-society_1\/black-label-society-masters-of-rock-vizovice-10-07-2015-03.jpg\"><img src=\"https:\/\/tierra-de-oz.net\/wordpress\/wp-content\/plugins\/justified-image-grid\/timthumb.php?src=https%3A%2F%2Ftierra-de-oz.net%2Fwordpress%2Fwp-content%2Fgallery%2Fblack-label-society_1%2Fblack-label-society-masters-of-rock-vizovice-10-07-2015-03.jpg&amp;h=230&amp;q=90&amp;f=.jpg\" alt=\"\" width=\"344\" height=\"230\" \/><\/a><\/li><li><a href=\"https:\/\/tierra-de-oz.net\/wordpress\/wp-content\/gallery\/black-label-society_1\/black-label-society-masters-of-rock-vizovice-10-07-2015-04.jpg\"><img src=\"https:\/\/tierra-de-oz.net\/wordpress\/wp-content\/plugins\/justified-image-grid\/timthumb.php?src=https%3A%2F%2Ftierra-de-oz.net%2Fwordpress%2Fwp-content%2Fgallery%2Fblack-label-society_1%2Fblack-label-society-masters-of-rock-vizovice-10-07-2015-04.jpg&amp;h=230&amp;q=90&amp;f=.jpg\" alt=\"\" width=\"344\" height=\"230\" \/><\/a><\/li><li><a href=\"https:\/\/tierra-de-oz.net\/wordpress\/wp-content\/gallery\/black-label-society_1\/black-label-society-masters-of-rock-vizovice-10-07-2015-05.jpg\"><img src=\"https:\/\/tierra-de-oz.net\/wordpress\/wp-content\/plugins\/justified-image-grid\/timthumb.php?src=https%3A%2F%2Ftierra-de-oz.net%2Fwordpress%2Fwp-content%2Fgallery%2Fblack-label-society_1%2Fblack-label-society-masters-of-rock-vizovice-10-07-2015-05.jpg&amp;h=230&amp;q=90&amp;f=.jpg\" alt=\"\" width=\"344\" height=\"230\" \/><\/a><\/li><li><a href=\"https:\/\/tierra-de-oz.net\/wordpress\/wp-content\/gallery\/black-label-society_1\/black-label-society-masters-of-rock-vizovice-10-07-2015-06.jpg\"><img src=\"https:\/\/tierra-de-oz.net\/wordpress\/wp-content\/plugins\/justified-image-grid\/timthumb.php?src=https%3A%2F%2Ftierra-de-oz.net%2Fwordpress%2Fwp-content%2Fgallery%2Fblack-label-society_1%2Fblack-label-society-masters-of-rock-vizovice-10-07-2015-06.jpg&amp;h=230&amp;q=90&amp;f=.jpg\" alt=\"\" width=\"344\" height=\"230\" \/><\/a><\/li><li><a href=\"https:\/\/tierra-de-oz.net\/wordpress\/wp-content\/gallery\/black-label-society_1\/black-label-society-masters-of-rock-vizovice-10-07-2015-07.jpg\"><img src=\"https:\/\/tierra-de-oz.net\/wordpress\/wp-content\/plugins\/justified-image-grid\/timthumb.php?src=https%3A%2F%2Ftierra-de-oz.net%2Fwordpress%2Fwp-content%2Fgallery%2Fblack-label-society_1%2Fblack-label-society-masters-of-rock-vizovice-10-07-2015-07.jpg&amp;h=230&amp;q=90&amp;f=.jpg\" alt=\"\" width=\"344\" height=\"230\" \/><\/a><\/li><li><a href=\"https:\/\/tierra-de-oz.net\/wordpress\/wp-content\/gallery\/black-label-society_1\/black-label-society-masters-of-rock-vizovice-10-07-2015-08.jpg\"><img src=\"https:\/\/tierra-de-oz.net\/wordpress\/wp-content\/plugins\/justified-image-grid\/timthumb.php?src=https%3A%2F%2Ftierra-de-oz.net%2Fwordpress%2Fwp-content%2Fgallery%2Fblack-label-society_1%2Fblack-label-society-masters-of-rock-vizovice-10-07-2015-08.jpg&amp;h=230&amp;q=90&amp;f=.jpg\" alt=\"\" width=\"153\" height=\"230\" \/><\/a><\/li><li><a href=\"https:\/\/tierra-de-oz.net\/wordpress\/wp-content\/gallery\/black-label-society_1\/black-label-society-masters-of-rock-vizovice-10-07-2015-09.jpg\"><img src=\"https:\/\/tierra-de-oz.net\/wordpress\/wp-content\/plugins\/justified-image-grid\/timthumb.php?src=https%3A%2F%2Ftierra-de-oz.net%2Fwordpress%2Fwp-content%2Fgallery%2Fblack-label-society_1%2Fblack-label-society-masters-of-rock-vizovice-10-07-2015-09.jpg&amp;h=230&amp;q=90&amp;f=.jpg\" alt=\"\" width=\"344\" height=\"230\" \/><\/a><\/li><li><a href=\"https:\/\/tierra-de-oz.net\/wordpress\/wp-content\/gallery\/black-label-society_1\/black-label-society-masters-of-rock-vizovice-10-07-2015-10.jpg\"><img src=\"https:\/\/tierra-de-oz.net\/wordpress\/wp-content\/plugins\/justified-image-grid\/timthumb.php?src=https%3A%2F%2Ftierra-de-oz.net%2Fwordpress%2Fwp-content%2Fgallery%2Fblack-label-society_1%2Fblack-label-society-masters-of-rock-vizovice-10-07-2015-10.jpg&amp;h=230&amp;q=90&amp;f=.jpg\" alt=\"\" width=\"344\" height=\"230\" \/><\/a><\/li><li><a href=\"https:\/\/tierra-de-oz.net\/wordpress\/wp-content\/gallery\/black-label-society_1\/black-label-society-masters-of-rock-vizovice-10-07-2015-11.jpg\"><img src=\"https:\/\/tierra-de-oz.net\/wordpress\/wp-content\/plugins\/justified-image-grid\/timthumb.php?src=https%3A%2F%2Ftierra-de-oz.net%2Fwordpress%2Fwp-content%2Fgallery%2Fblack-label-society_1%2Fblack-label-society-masters-of-rock-vizovice-10-07-2015-11.jpg&amp;h=230&amp;q=90&amp;f=.jpg\" alt=\"\" width=\"344\" height=\"230\" \/><\/a><\/li><li><a href=\"https:\/\/tierra-de-oz.net\/wordpress\/wp-content\/gallery\/black-label-society_1\/black-label-society-masters-of-rock-vizovice-10-07-2015-12.jpg\"><img src=\"https:\/\/tierra-de-oz.net\/wordpress\/wp-content\/plugins\/justified-image-grid\/timthumb.php?src=https%3A%2F%2Ftierra-de-oz.net%2Fwordpress%2Fwp-content%2Fgallery%2Fblack-label-society_1%2Fblack-label-society-masters-of-rock-vizovice-10-07-2015-12.jpg&amp;h=230&amp;q=90&amp;f=.jpg\" alt=\"\" width=\"344\" height=\"230\" \/><\/a><\/li><li><a href=\"https:\/\/tierra-de-oz.net\/wordpress\/wp-content\/gallery\/black-label-society_1\/black-label-society-masters-of-rock-vizovice-10-07-2015-13.jpg\"><img src=\"https:\/\/tierra-de-oz.net\/wordpress\/wp-content\/plugins\/justified-image-grid\/timthumb.php?src=https%3A%2F%2Ftierra-de-oz.net%2Fwordpress%2Fwp-content%2Fgallery%2Fblack-label-society_1%2Fblack-label-society-masters-of-rock-vizovice-10-07-2015-13.jpg&amp;h=230&amp;q=90&amp;f=.jpg\" alt=\"\" width=\"344\" height=\"230\" \/><\/a><\/li><li><a href=\"https:\/\/tierra-de-oz.net\/wordpress\/wp-content\/gallery\/black-label-society_1\/black-label-society-masters-of-rock-vizovice-10-07-2015-14.jpg\"><img src=\"https:\/\/tierra-de-oz.net\/wordpress\/wp-content\/plugins\/justified-image-grid\/timthumb.php?src=https%3A%2F%2Ftierra-de-oz.net%2Fwordpress%2Fwp-content%2Fgallery%2Fblack-label-society_1%2Fblack-label-society-masters-of-rock-vizovice-10-07-2015-14.jpg&amp;h=230&amp;q=90&amp;f=.jpg\" alt=\"\" width=\"344\" height=\"230\" \/><\/a><\/li><li><a href=\"https:\/\/tierra-de-oz.net\/wordpress\/wp-content\/gallery\/black-label-society_1\/black-label-society-masters-of-rock-vizovice-10-07-2015-15.jpg\"><img src=\"https:\/\/tierra-de-oz.net\/wordpress\/wp-content\/plugins\/justified-image-grid\/timthumb.php?src=https%3A%2F%2Ftierra-de-oz.net%2Fwordpress%2Fwp-content%2Fgallery%2Fblack-label-society_1%2Fblack-label-society-masters-of-rock-vizovice-10-07-2015-15.jpg&amp;h=230&amp;q=90&amp;f=.jpg\" alt=\"\" width=\"344\" height=\"230\" \/><\/a><\/li><li><a href=\"https:\/\/tierra-de-oz.net\/wordpress\/wp-content\/gallery\/black-label-society_1\/black-label-society-masters-of-rock-vizovice-10-07-2015-16.jpg\"><img src=\"https:\/\/tierra-de-oz.net\/wordpress\/wp-content\/plugins\/justified-image-grid\/timthumb.php?src=https%3A%2F%2Ftierra-de-oz.net%2Fwordpress%2Fwp-content%2Fgallery%2Fblack-label-society_1%2Fblack-label-society-masters-of-rock-vizovice-10-07-2015-16.jpg&amp;h=230&amp;q=90&amp;f=.jpg\" alt=\"\" width=\"344\" height=\"230\" \/><\/a><\/li><li><a href=\"https:\/\/tierra-de-oz.net\/wordpress\/wp-content\/gallery\/black-label-society_1\/black-label-society-masters-of-rock-vizovice-10-07-2015-17.jpg\"><img src=\"https:\/\/tierra-de-oz.net\/wordpress\/wp-content\/plugins\/justified-image-grid\/timthumb.php?src=https%3A%2F%2Ftierra-de-oz.net%2Fwordpress%2Fwp-content%2Fgallery%2Fblack-label-society_1%2Fblack-label-society-masters-of-rock-vizovice-10-07-2015-17.jpg&amp;h=230&amp;q=90&amp;f=.jpg\" alt=\"\" width=\"344\" height=\"230\" \/><\/a><\/li><li><a href=\"https:\/\/tierra-de-oz.net\/wordpress\/wp-content\/gallery\/black-label-society_1\/black-label-society-masters-of-rock-vizovice-10-07-2015-18.jpg\"><img src=\"https:\/\/tierra-de-oz.net\/wordpress\/wp-content\/plugins\/justified-image-grid\/timthumb.php?src=https%3A%2F%2Ftierra-de-oz.net%2Fwordpress%2Fwp-content%2Fgallery%2Fblack-label-society_1%2Fblack-label-society-masters-of-rock-vizovice-10-07-2015-18.jpg&amp;h=230&amp;q=90&amp;f=.jpg\" alt=\"\" width=\"344\" height=\"230\" \/><\/a><\/li><li><a href=\"https:\/\/tierra-de-oz.net\/wordpress\/wp-content\/gallery\/black-label-society_1\/black-label-society-masters-of-rock-vizovice-10-07-2015-19.jpg\"><img src=\"https:\/\/tierra-de-oz.net\/wordpress\/wp-content\/plugins\/justified-image-grid\/timthumb.php?src=https%3A%2F%2Ftierra-de-oz.net%2Fwordpress%2Fwp-content%2Fgallery%2Fblack-label-society_1%2Fblack-label-society-masters-of-rock-vizovice-10-07-2015-19.jpg&amp;h=230&amp;q=90&amp;f=.jpg\" alt=\"\" width=\"344\" height=\"230\" \/><\/a><\/li><li><a href=\"https:\/\/tierra-de-oz.net\/wordpress\/wp-content\/gallery\/black-label-society_1\/black-label-society-masters-of-rock-vizovice-10-07-2015-20.jpg\"><img src=\"https:\/\/tierra-de-oz.net\/wordpress\/wp-content\/plugins\/justified-image-grid\/timthumb.php?src=https%3A%2F%2Ftierra-de-oz.net%2Fwordpress%2Fwp-content%2Fgallery%2Fblack-label-society_1%2Fblack-label-society-masters-of-rock-vizovice-10-07-2015-20.jpg&amp;h=230&amp;q=90&amp;f=.jpg\" alt=\"\" width=\"153\" height=\"230\" \/><\/a><\/li><li><a href=\"https:\/\/tierra-de-oz.net\/wordpress\/wp-content\/gallery\/black-label-society_1\/black-label-society-masters-of-rock-vizovice-10-07-2015-21.jpg\"><img src=\"https:\/\/tierra-de-oz.net\/wordpress\/wp-content\/plugins\/justified-image-grid\/timthumb.php?src=https%3A%2F%2Ftierra-de-oz.net%2Fwordpress%2Fwp-content%2Fgallery%2Fblack-label-society_1%2Fblack-label-society-masters-of-rock-vizovice-10-07-2015-21.jpg&amp;h=230&amp;q=90&amp;f=.jpg\" alt=\"\" width=\"344\" height=\"230\" \/><\/a><\/li><li><a href=\"https:\/\/tierra-de-oz.net\/wordpress\/wp-content\/gallery\/black-label-society_1\/black-label-society-masters-of-rock-vizovice-10-07-2015-22.jpg\"><img src=\"https:\/\/tierra-de-oz.net\/wordpress\/wp-content\/plugins\/justified-image-grid\/timthumb.php?src=https%3A%2F%2Ftierra-de-oz.net%2Fwordpress%2Fwp-content%2Fgallery%2Fblack-label-society_1%2Fblack-label-society-masters-of-rock-vizovice-10-07-2015-22.jpg&amp;h=230&amp;q=90&amp;f=.jpg\" alt=\"\" width=\"344\" height=\"230\" \/><\/a><\/li><li><a href=\"https:\/\/tierra-de-oz.net\/wordpress\/wp-content\/gallery\/black-label-society_1\/black-label-society-masters-of-rock-vizovice-10-07-2015-23.jpg\"><img src=\"https:\/\/tierra-de-oz.net\/wordpress\/wp-content\/plugins\/justified-image-grid\/timthumb.php?src=https%3A%2F%2Ftierra-de-oz.net%2Fwordpress%2Fwp-content%2Fgallery%2Fblack-label-society_1%2Fblack-label-society-masters-of-rock-vizovice-10-07-2015-23.jpg&amp;h=230&amp;q=90&amp;f=.jpg\" alt=\"\" width=\"344\" height=\"230\" \/><\/a><\/li><li><a href=\"https:\/\/tierra-de-oz.net\/wordpress\/wp-content\/gallery\/black-label-society_1\/black-label-society-masters-of-rock-vizovice-10-07-2015-24.jpg\"><img src=\"https:\/\/tierra-de-oz.net\/wordpress\/wp-content\/plugins\/justified-image-grid\/timthumb.php?src=https%3A%2F%2Ftierra-de-oz.net%2Fwordpress%2Fwp-content%2Fgallery%2Fblack-label-society_1%2Fblack-label-society-masters-of-rock-vizovice-10-07-2015-24.jpg&amp;h=230&amp;q=90&amp;f=.jpg\" alt=\"\" width=\"153\" height=\"230\" \/><\/a><\/li><li><a href=\"https:\/\/tierra-de-oz.net\/wordpress\/wp-content\/gallery\/black-label-society_1\/black-label-society-masters-of-rock-vizovice-10-07-2015-25.jpg\"><img src=\"https:\/\/tierra-de-oz.net\/wordpress\/wp-content\/plugins\/justified-image-grid\/timthumb.php?src=https%3A%2F%2Ftierra-de-oz.net%2Fwordpress%2Fwp-content%2Fgallery%2Fblack-label-society_1%2Fblack-label-society-masters-of-rock-vizovice-10-07-2015-25.jpg&amp;h=230&amp;q=90&amp;f=.jpg\" alt=\"\" width=\"153\" height=\"230\" \/><\/a><\/li><li><a href=\"https:\/\/tierra-de-oz.net\/wordpress\/wp-content\/gallery\/black-label-society_1\/black-label-society-masters-of-rock-vizovice-10-07-2015-26.jpg\"><img src=\"https:\/\/tierra-de-oz.net\/wordpress\/wp-content\/plugins\/justified-image-grid\/timthumb.php?src=https%3A%2F%2Ftierra-de-oz.net%2Fwordpress%2Fwp-content%2Fgallery%2Fblack-label-society_1%2Fblack-label-society-masters-of-rock-vizovice-10-07-2015-26.jpg&amp;h=230&amp;q=90&amp;f=.jpg\" alt=\"\" width=\"153\" height=\"230\" \/><\/a><\/li><li><a href=\"https:\/\/tierra-de-oz.net\/wordpress\/wp-content\/gallery\/black-label-society_1\/black-label-society-masters-of-rock-vizovice-10-07-2015-27.jpg\"><img src=\"https:\/\/tierra-de-oz.net\/wordpress\/wp-content\/plugins\/justified-image-grid\/timthumb.php?src=https%3A%2F%2Ftierra-de-oz.net%2Fwordpress%2Fwp-content%2Fgallery%2Fblack-label-society_1%2Fblack-label-society-masters-of-rock-vizovice-10-07-2015-27.jpg&amp;h=230&amp;q=90&amp;f=.jpg\" alt=\"\" width=\"344\" height=\"230\" \/><\/a><\/li><li><a href=\"https:\/\/tierra-de-oz.net\/wordpress\/wp-content\/gallery\/black-label-society_1\/black-label-society-masters-of-rock-vizovice-10-07-2015-28.jpg\"><img src=\"https:\/\/tierra-de-oz.net\/wordpress\/wp-content\/plugins\/justified-image-grid\/timthumb.php?src=https%3A%2F%2Ftierra-de-oz.net%2Fwordpress%2Fwp-content%2Fgallery%2Fblack-label-society_1%2Fblack-label-society-masters-of-rock-vizovice-10-07-2015-28.jpg&amp;h=230&amp;q=90&amp;f=.jpg\" alt=\"\" width=\"153\" height=\"230\" \/><\/a><\/li><li><a href=\"https:\/\/tierra-de-oz.net\/wordpress\/wp-content\/gallery\/black-label-society_1\/black-label-society-masters-of-rock-vizovice-10-07-2015-29.jpg\"><img src=\"https:\/\/tierra-de-oz.net\/wordpress\/wp-content\/plugins\/justified-image-grid\/timthumb.php?src=https%3A%2F%2Ftierra-de-oz.net%2Fwordpress%2Fwp-content%2Fgallery%2Fblack-label-society_1%2Fblack-label-society-masters-of-rock-vizovice-10-07-2015-29.jpg&amp;h=230&amp;q=90&amp;f=.jpg\" alt=\"\" width=\"344\" height=\"230\" \/><\/a><\/li><li><a href=\"https:\/\/tierra-de-oz.net\/wordpress\/wp-content\/gallery\/black-label-society_1\/black-label-society-masters-of-rock-vizovice-10-07-2015-30.jpg\"><img src=\"https:\/\/tierra-de-oz.net\/wordpress\/wp-content\/plugins\/justified-image-grid\/timthumb.php?src=https%3A%2F%2Ftierra-de-oz.net%2Fwordpress%2Fwp-content%2Fgallery%2Fblack-label-society_1%2Fblack-label-society-masters-of-rock-vizovice-10-07-2015-30.jpg&amp;h=230&amp;q=90&amp;f=.jpg\" alt=\"\" width=\"344\" height=\"230\" \/><\/a><\/li><li><a href=\"https:\/\/tierra-de-oz.net\/wordpress\/wp-content\/gallery\/black-label-society_1\/black-label-society-masters-of-rock-vizovice-10-07-2015-31.jpg\"><img src=\"https:\/\/tierra-de-oz.net\/wordpress\/wp-content\/plugins\/justified-image-grid\/timthumb.php?src=https%3A%2F%2Ftierra-de-oz.net%2Fwordpress%2Fwp-content%2Fgallery%2Fblack-label-society_1%2Fblack-label-society-masters-of-rock-vizovice-10-07-2015-31.jpg&amp;h=230&amp;q=90&amp;f=.jpg\" alt=\"\" width=\"153\" height=\"230\" \/><\/a><\/li><li><a href=\"https:\/\/tierra-de-oz.net\/wordpress\/wp-content\/gallery\/black-label-society_1\/black-label-society-masters-of-rock-vizovice-10-07-2015-32.jpg\"><img src=\"https:\/\/tierra-de-oz.net\/wordpress\/wp-content\/plugins\/justified-image-grid\/timthumb.php?src=https%3A%2F%2Ftierra-de-oz.net%2Fwordpress%2Fwp-content%2Fgallery%2Fblack-label-society_1%2Fblack-label-society-masters-of-rock-vizovice-10-07-2015-32.jpg&amp;h=230&amp;q=90&amp;f=.jpg\" alt=\"\" width=\"344\" height=\"230\" \/><\/a><\/li><li><a href=\"https:\/\/tierra-de-oz.net\/wordpress\/wp-content\/gallery\/black-label-society_1\/black-label-society-masters-of-rock-vizovice-10-07-2015-33.jpg\"><img src=\"https:\/\/tierra-de-oz.net\/wordpress\/wp-content\/plugins\/justified-image-grid\/timthumb.php?src=https%3A%2F%2Ftierra-de-oz.net%2Fwordpress%2Fwp-content%2Fgallery%2Fblack-label-society_1%2Fblack-label-society-masters-of-rock-vizovice-10-07-2015-33.jpg&amp;h=230&amp;q=90&amp;f=.jpg\" alt=\"\" width=\"344\" height=\"230\" \/><\/a><\/li><li><a href=\"https:\/\/tierra-de-oz.net\/wordpress\/wp-content\/gallery\/black-label-society_1\/black-label-society-masters-of-rock-vizovice-10-07-2015-34.jpg\"><img src=\"https:\/\/tierra-de-oz.net\/wordpress\/wp-content\/plugins\/justified-image-grid\/timthumb.php?src=https%3A%2F%2Ftierra-de-oz.net%2Fwordpress%2Fwp-content%2Fgallery%2Fblack-label-society_1%2Fblack-label-society-masters-of-rock-vizovice-10-07-2015-34.jpg&amp;h=230&amp;q=90&amp;f=.jpg\" alt=\"\" width=\"344\" height=\"230\" \/><\/a><\/li><li><a href=\"https:\/\/tierra-de-oz.net\/wordpress\/wp-content\/gallery\/black-label-society_1\/black-label-society-masters-of-rock-vizovice-10-07-2015-35.jpg\"><img src=\"https:\/\/tierra-de-oz.net\/wordpress\/wp-content\/plugins\/justified-image-grid\/timthumb.php?src=https%3A%2F%2Ftierra-de-oz.net%2Fwordpress%2Fwp-content%2Fgallery%2Fblack-label-society_1%2Fblack-label-society-masters-of-rock-vizovice-10-07-2015-35.jpg&amp;h=230&amp;q=90&amp;f=.jpg\" alt=\"\" width=\"344\" height=\"230\" \/><\/a><\/li><li><a href=\"https:\/\/tierra-de-oz.net\/wordpress\/wp-content\/gallery\/black-label-society_1\/black-label-society-masters-of-rock-vizovice-10-07-2015-36.jpg\"><img src=\"https:\/\/tierra-de-oz.net\/wordpress\/wp-content\/plugins\/justified-image-grid\/timthumb.php?src=https%3A%2F%2Ftierra-de-oz.net%2Fwordpress%2Fwp-content%2Fgallery%2Fblack-label-society_1%2Fblack-label-society-masters-of-rock-vizovice-10-07-2015-36.jpg&amp;h=230&amp;q=90&amp;f=.jpg\" alt=\"\" width=\"344\" height=\"230\" \/><\/a><\/li><li><a href=\"https:\/\/tierra-de-oz.net\/wordpress\/wp-content\/gallery\/black-label-society_1\/black-label-society-masters-of-rock-vizovice-10-07-2015-37.jpg\"><img src=\"https:\/\/tierra-de-oz.net\/wordpress\/wp-content\/plugins\/justified-image-grid\/timthumb.php?src=https%3A%2F%2Ftierra-de-oz.net%2Fwordpress%2Fwp-content%2Fgallery%2Fblack-label-society_1%2Fblack-label-society-masters-of-rock-vizovice-10-07-2015-37.jpg&amp;h=230&amp;q=90&amp;f=.jpg\" alt=\"\" width=\"344\" height=\"230\" \/><\/a><\/li><li><a href=\"https:\/\/tierra-de-oz.net\/wordpress\/wp-content\/gallery\/black-label-society_1\/black-label-society-masters-of-rock-vizovice-10-07-2015-38.jpg\"><img src=\"https:\/\/tierra-de-oz.net\/wordpress\/wp-content\/plugins\/justified-image-grid\/timthumb.php?src=https%3A%2F%2Ftierra-de-oz.net%2Fwordpress%2Fwp-content%2Fgallery%2Fblack-label-society_1%2Fblack-label-society-masters-of-rock-vizovice-10-07-2015-38.jpg&amp;h=230&amp;q=90&amp;f=.jpg\" alt=\"\" width=\"344\" height=\"230\" \/><\/a><\/li><li><a href=\"https:\/\/tierra-de-oz.net\/wordpress\/wp-content\/gallery\/black-label-society_1\/black-label-society-masters-of-rock-vizovice-10-07-2015-39.jpg\"><img src=\"https:\/\/tierra-de-oz.net\/wordpress\/wp-content\/plugins\/justified-image-grid\/timthumb.php?src=https%3A%2F%2Ftierra-de-oz.net%2Fwordpress%2Fwp-content%2Fgallery%2Fblack-label-society_1%2Fblack-label-society-masters-of-rock-vizovice-10-07-2015-39.jpg&amp;h=230&amp;q=90&amp;f=.jpg\" alt=\"\" width=\"344\" height=\"230\" \/><\/a><\/li><\/ul><\/noscript><\/div>\n<p><a title=\"Masters of Rock @ Are\u00e1l lik\u00e9rky Rudolf Jel\u00ednek Vizovice, Czech Republic 9. \u2013 12.7.2015\" href=\"https:\/\/tierra-de-oz.net\/wordpress\/masters-of-rock-areal-likerky-rudolf-jelinek-vizovice-czech-republic-9-12-7-2015\/\">back<\/a><\/p>\n","protected":false},"excerpt":{"rendered":"<p>Black Label Society live on stage at Are&aacute;l lik&eacute;rky Rudolf Jel&iacute;nek, July 10th 2015, Vizovice, Czech Republic back<\/p>\n","protected":false},"author":1,"featured_media":6166,"parent":0,"menu_order":0,"comment_status":"closed","ping_status":"closed","template":"","meta":{"footnotes":""},"tags":[728,1348,727],"class_list":["post-6165","page","type-page","status-publish","has-post-thumbnail","hentry","tag-areal-likerky-rudolf-jelinek-vizovice","tag-black-label-society","tag-masters-of-rock-2"],"_links":{"self":[{"href":"https:\/\/tierra-de-oz.net\/wordpress\/wp-json\/wp\/v2\/pages\/6165","targetHints":{"allow":["GET"]}}],"collection":[{"href":"https:\/\/tierra-de-oz.net\/wordpress\/wp-json\/wp\/v2\/pages"}],"about":[{"href":"https:\/\/tierra-de-oz.net\/wordpress\/wp-json\/wp\/v2\/types\/page"}],"author":[{"embeddable":true,"href":"https:\/\/tierra-de-oz.net\/wordpress\/wp-json\/wp\/v2\/users\/1"}],"replies":[{"embeddable":true,"href":"https:\/\/tierra-de-oz.net\/wordpress\/wp-json\/wp\/v2\/comments?post=6165"}],"version-history":[{"count":2,"href":"https:\/\/tierra-de-oz.net\/wordpress\/wp-json\/wp\/v2\/pages\/6165\/revisions"}],"predecessor-version":[{"id":15166,"href":"https:\/\/tierra-de-oz.net\/wordpress\/wp-json\/wp\/v2\/pages\/6165\/revisions\/15166"}],"wp:featuredmedia":[{"embeddable":true,"href":"https:\/\/tierra-de-oz.net\/wordpress\/wp-json\/wp\/v2\/media\/6166"}],"wp:attachment":[{"href":"https:\/\/tierra-de-oz.net\/wordpress\/wp-json\/wp\/v2\/media?parent=6165"}],"wp:term":[{"taxonomy":"post_tag","embeddable":true,"href":"https:\/\/tierra-de-oz.net\/wordpress\/wp-json\/wp\/v2\/tags?post=6165"}],"curies":[{"name":"wp","href":"https:\/\/api.w.org\/{rel}","templated":true}]}}