{"id":6139,"date":"2015-08-26T21:53:16","date_gmt":"2015-08-26T20:53:16","guid":{"rendered":"http:\/\/tierra-de-oz.net\/wordpress\/?page_id=6139"},"modified":"2015-08-26T22:48:30","modified_gmt":"2015-08-26T21:48:30","slug":"masters-of-rock-areal-likerky-rudolf-jelinek-vizovice-czech-republic-9-12-7-2015","status":"publish","type":"page","link":"https:\/\/tierra-de-oz.net\/wordpress\/masters-of-rock-areal-likerky-rudolf-jelinek-vizovice-czech-republic-9-12-7-2015\/","title":{"rendered":"Masters of Rock @ Are\u00e1l lik\u00e9rky Rudolf Jel\u00ednek Vizovice, Czech Republic 9. \u2013 12.7.2015"},"content":{"rendered":"<div class=\"associated-posts thumbnail-title\"><div class=\"associated-post\"><div class=\"thumb-frame\"><a href=\"https:\/\/tierra-de-oz.net\/wordpress\/u-d-o-9-7-2015\/\" title=\"U.D.O. &#8211; 9.7.2015\"><img src=\"https:\/\/tierra-de-oz.net\/wordpress\/wp-content\/uploads\/2015\/08\/UDO-Masters-Of-Rock-Vizovice-09-07-2015-01-150x150.jpg\" width=\"150\" height=\"150\" alt=\"U.D.O. &#8211; 9.7.2015\" title=\"U.D.O. &#8211; 9.7.2015\" class=\"thumb post-preview-image\"><\/a><div class=\"post-title\"><a href=\"https:\/\/tierra-de-oz.net\/wordpress\/u-d-o-9-7-2015\/\" title=\"U.D.O. &#8211; 9.7.2015\" style=\"max-width:150px\"> U.D.O. &#8211; 9.7.2015 <\/a><\/div><\/div><\/div><div class=\"associated-post\"><div class=\"thumb-frame\"><a href=\"https:\/\/tierra-de-oz.net\/wordpress\/within-temptation-9-7-2015\/\" title=\"Within Temptation &#8211; 9.7.2015\"><img src=\"https:\/\/tierra-de-oz.net\/wordpress\/wp-content\/uploads\/2015\/08\/Within-Temptation-Masters-Of-Rock-Vizovice-09-07-2015-01-150x150.jpg\" width=\"150\" height=\"150\" alt=\"Within Temptation &#8211; 9.7.2015\" title=\"Within Temptation &#8211; 9.7.2015\" class=\"thumb post-preview-image\"><\/a><div class=\"post-title\"><a href=\"https:\/\/tierra-de-oz.net\/wordpress\/within-temptation-9-7-2015\/\" title=\"Within Temptation &#8211; 9.7.2015\" style=\"max-width:150px\"> Within Temptation &#8211; 9.7.2015 <\/a><\/div><\/div><\/div><div class=\"associated-post\"><div class=\"thumb-frame\"><a href=\"https:\/\/tierra-de-oz.net\/wordpress\/bloodbound-9-7-2015\/\" title=\"Bloodbound &#8211; 9.7.2015\"><img src=\"https:\/\/tierra-de-oz.net\/wordpress\/wp-content\/uploads\/2015\/08\/Bloodbound-Masters-Of-Rock-Vizovice-09-07-2015-01-150x150.jpg\" width=\"150\" height=\"150\" alt=\"Bloodbound &#8211; 9.7.2015\" title=\"Bloodbound &#8211; 9.7.2015\" class=\"thumb post-preview-image\"><\/a><div class=\"post-title\"><a href=\"https:\/\/tierra-de-oz.net\/wordpress\/bloodbound-9-7-2015\/\" title=\"Bloodbound &#8211; 9.7.2015\" style=\"max-width:150px\"> Bloodbound &#8211; 9.7.2015 <\/a><\/div><\/div><\/div><div class=\"associated-post\"><div class=\"thumb-frame\"><a href=\"https:\/\/tierra-de-oz.net\/wordpress\/neonfly-10-7-2015\/\" title=\"Neonfly &#8211; 10.7.2015\"><img src=\"https:\/\/tierra-de-oz.net\/wordpress\/wp-content\/uploads\/2015\/08\/Neonfly-Masters-Of-Rock-Vizovice-10-07-2015-01-150x150.jpg\" width=\"150\" height=\"150\" alt=\"Neonfly &#8211; 10.7.2015\" title=\"Neonfly &#8211; 10.7.2015\" class=\"thumb post-preview-image\"><\/a><div class=\"post-title\"><a href=\"https:\/\/tierra-de-oz.net\/wordpress\/neonfly-10-7-2015\/\" title=\"Neonfly &#8211; 10.7.2015\" style=\"max-width:150px\"> Neonfly &#8211; 10.7.2015 <\/a><\/div><\/div><\/div><div class=\"associated-post\"><div class=\"thumb-frame\"><a href=\"https:\/\/tierra-de-oz.net\/wordpress\/serious-black-10-7-2015\/\" title=\"Serious Black &#8211; 10.7.2015\"><img src=\"https:\/\/tierra-de-oz.net\/wordpress\/wp-content\/uploads\/2015\/08\/Serious-Black-Masters-Of-Rock-Vizovice-10-07-2015-01-150x150.jpg\" width=\"150\" height=\"150\" alt=\"Serious Black &#8211; 10.7.2015\" title=\"Serious Black &#8211; 10.7.2015\" class=\"thumb post-preview-image\"><\/a><div class=\"post-title\"><a href=\"https:\/\/tierra-de-oz.net\/wordpress\/serious-black-10-7-2015\/\" title=\"Serious Black &#8211; 10.7.2015\" style=\"max-width:150px\"> Serious Black &#8211; 10.7.2015 <\/a><\/div><\/div><\/div><div class=\"associated-post\"><div class=\"thumb-frame\"><a href=\"https:\/\/tierra-de-oz.net\/wordpress\/gus-g-10-7-2015\/\" title=\"Gus G &#8211; 10.7.2015\"><img src=\"https:\/\/tierra-de-oz.net\/wordpress\/wp-content\/uploads\/2015\/08\/Gus-G-Masters-Of-Rock-Vizovice-10-07-2015-02-150x150.jpg\" width=\"150\" height=\"150\" alt=\"Gus G &#8211; 10.7.2015\" title=\"Gus G &#8211; 10.7.2015\" class=\"thumb post-preview-image\"><\/a><div class=\"post-title\"><a href=\"https:\/\/tierra-de-oz.net\/wordpress\/gus-g-10-7-2015\/\" title=\"Gus G &#8211; 10.7.2015\" style=\"max-width:150px\"> Gus G &#8211; 10.7.2015 <\/a><\/div><\/div><\/div><div class=\"associated-post\"><div class=\"thumb-frame\"><a href=\"https:\/\/tierra-de-oz.net\/wordpress\/dog-eat-dog-10-7-2015\/\" title=\"Dog Eat Dog &#8211; 10.7.2015\"><img src=\"https:\/\/tierra-de-oz.net\/wordpress\/wp-content\/uploads\/2015\/08\/Dog-Eat-Dog-Masters-Of-Rock-Vizovice-10-07-2015-01-150x150.jpg\" width=\"150\" height=\"150\" alt=\"Dog Eat Dog &#8211; 10.7.2015\" title=\"Dog Eat Dog &#8211; 10.7.2015\" class=\"thumb post-preview-image\"><\/a><div class=\"post-title\"><a href=\"https:\/\/tierra-de-oz.net\/wordpress\/dog-eat-dog-10-7-2015\/\" title=\"Dog Eat Dog &#8211; 10.7.2015\" style=\"max-width:150px\"> Dog Eat Dog &#8211; 10.7.2015 <\/a><\/div><\/div><\/div><div class=\"associated-post\"><div class=\"thumb-frame\"><a href=\"https:\/\/tierra-de-oz.net\/wordpress\/hammerfall-10-7-2015\/\" title=\"Hammerfall &#8211; 10.7.2015\"><img src=\"https:\/\/tierra-de-oz.net\/wordpress\/wp-content\/uploads\/2015\/08\/Hammerfall-Masters-Of-Rock-Vizovice-10-07-2015-01-150x150.jpg\" width=\"150\" height=\"150\" alt=\"Hammerfall &#8211; 10.7.2015\" title=\"Hammerfall &#8211; 10.7.2015\" class=\"thumb post-preview-image\"><\/a><div class=\"post-title\"><a href=\"https:\/\/tierra-de-oz.net\/wordpress\/hammerfall-10-7-2015\/\" title=\"Hammerfall &#8211; 10.7.2015\" style=\"max-width:150px\"> Hammerfall &#8211; 10.7.2015 <\/a><\/div><\/div><\/div><div class=\"associated-post\"><div class=\"thumb-frame\"><a href=\"https:\/\/tierra-de-oz.net\/wordpress\/black-label-society-10-7-2015\/\" title=\"Black Label Society &#8211; 10.7.2015\"><img src=\"https:\/\/tierra-de-oz.net\/wordpress\/wp-content\/uploads\/2015\/08\/Black-Label-Society-Masters-Of-Rock-Vizovice-10-07-2015-01-150x150.jpg\" width=\"150\" height=\"150\" alt=\"Black Label Society &#8211; 10.7.2015\" title=\"Black Label Society &#8211; 10.7.2015\" class=\"thumb post-preview-image\"><\/a><div class=\"post-title\"><a href=\"https:\/\/tierra-de-oz.net\/wordpress\/black-label-society-10-7-2015\/\" title=\"Black Label Society &#8211; 10.7.2015\" style=\"max-width:150px\"> Black Label Society &#8211; 10.7.2015 <\/a><\/div><\/div><\/div><div class=\"associated-post\"><div class=\"thumb-frame\"><a href=\"https:\/\/tierra-de-oz.net\/wordpress\/crucified-barbara-11-7-2015\/\" title=\"Crucified Barbara &#8211; 11.7.2015\"><img src=\"https:\/\/tierra-de-oz.net\/wordpress\/wp-content\/uploads\/2015\/08\/Crucified-Barbara-Masters-Of-Rock-Vizovice-11-07-2015-01-150x150.jpg\" width=\"150\" height=\"150\" alt=\"Crucified Barbara &#8211; 11.7.2015\" title=\"Crucified Barbara &#8211; 11.7.2015\" class=\"thumb post-preview-image\"><\/a><div class=\"post-title\"><a href=\"https:\/\/tierra-de-oz.net\/wordpress\/crucified-barbara-11-7-2015\/\" title=\"Crucified Barbara &#8211; 11.7.2015\" style=\"max-width:150px\"> Crucified Barbara &#8211; 11.7.2015 <\/a><\/div><\/div><\/div><div class=\"associated-post\"><div class=\"thumb-frame\"><a href=\"https:\/\/tierra-de-oz.net\/wordpress\/blues-pills-11-7-2015\/\" title=\"Blues Pills &#8211; 11.7.2015\"><img src=\"https:\/\/tierra-de-oz.net\/wordpress\/wp-content\/uploads\/2015\/08\/Blues-Pills-Masters-Of-Rock-Vizovice-11-07-2015-01-150x150.jpg\" width=\"150\" height=\"150\" alt=\"Blues Pills &#8211; 11.7.2015\" title=\"Blues Pills &#8211; 11.7.2015\" class=\"thumb post-preview-image\"><\/a><div class=\"post-title\"><a href=\"https:\/\/tierra-de-oz.net\/wordpress\/blues-pills-11-7-2015\/\" title=\"Blues Pills &#8211; 11.7.2015\" style=\"max-width:150px\"> Blues Pills &#8211; 11.7.2015 <\/a><\/div><\/div><\/div><div class=\"associated-post\"><div class=\"thumb-frame\"><a href=\"https:\/\/tierra-de-oz.net\/wordpress\/delain-11-7-2015\/\" title=\"Delain &#8211; 11.7.2015\"><img src=\"https:\/\/tierra-de-oz.net\/wordpress\/wp-content\/uploads\/2015\/08\/Delain-Masters-Of-Rock-Vizovice-11-07-2015-01-150x150.jpg\" width=\"150\" height=\"150\" alt=\"Delain &#8211; 11.7.2015\" title=\"Delain &#8211; 11.7.2015\" class=\"thumb post-preview-image\"><\/a><div class=\"post-title\"><a href=\"https:\/\/tierra-de-oz.net\/wordpress\/delain-11-7-2015\/\" title=\"Delain &#8211; 11.7.2015\" style=\"max-width:150px\"> Delain &#8211; 11.7.2015 <\/a><\/div><\/div><\/div><div class=\"associated-post\"><div class=\"thumb-frame\"><a href=\"https:\/\/tierra-de-oz.net\/wordpress\/krokus-11-7-2015\/\" title=\"Krokus &#8211; 11.7.2015\"><img src=\"https:\/\/tierra-de-oz.net\/wordpress\/wp-content\/uploads\/2015\/08\/Krokus-Masters-Of-Rock-Vizovice-11-07-2015-01-150x150.jpg\" width=\"150\" height=\"150\" alt=\"Krokus &#8211; 11.7.2015\" title=\"Krokus &#8211; 11.7.2015\" class=\"thumb post-preview-image\"><\/a><div class=\"post-title\"><a href=\"https:\/\/tierra-de-oz.net\/wordpress\/krokus-11-7-2015\/\" title=\"Krokus &#8211; 11.7.2015\" style=\"max-width:150px\"> Krokus &#8211; 11.7.2015 <\/a><\/div><\/div><\/div><div class=\"associated-post\"><div class=\"thumb-frame\"><a href=\"https:\/\/tierra-de-oz.net\/wordpress\/gotthard-11-7-2015\/\" title=\"Gotthard &#8211; 11.7.2015\"><img src=\"https:\/\/tierra-de-oz.net\/wordpress\/wp-content\/uploads\/2015\/08\/Gotthard-Masters-Of-Rock-Vizovice-11-07-2015-01-150x150.jpg\" width=\"150\" height=\"150\" alt=\"Gotthard &#8211; 11.7.2015\" title=\"Gotthard &#8211; 11.7.2015\" class=\"thumb post-preview-image\"><\/a><div class=\"post-title\"><a href=\"https:\/\/tierra-de-oz.net\/wordpress\/gotthard-11-7-2015\/\" title=\"Gotthard &#8211; 11.7.2015\" style=\"max-width:150px\"> Gotthard &#8211; 11.7.2015 <\/a><\/div><\/div><\/div><div class=\"associated-post\"><div class=\"thumb-frame\"><a href=\"https:\/\/tierra-de-oz.net\/wordpress\/the-exploited-11-7-2015\/\" title=\"The Exploited &#8211; 11.7.2015\"><img src=\"https:\/\/tierra-de-oz.net\/wordpress\/wp-content\/uploads\/2015\/08\/The-Exploited-Masters-Of-Rock-Vizovice-11-07-2015-01-150x150.jpg\" width=\"150\" height=\"150\" alt=\"The Exploited &#8211; 11.7.2015\" title=\"The Exploited &#8211; 11.7.2015\" class=\"thumb post-preview-image\"><\/a><div class=\"post-title\"><a href=\"https:\/\/tierra-de-oz.net\/wordpress\/the-exploited-11-7-2015\/\" title=\"The Exploited &#8211; 11.7.2015\" style=\"max-width:150px\"> The Exploited &#8211; 11.7.2015 <\/a><\/div><\/div><\/div><div class=\"associated-post\"><div class=\"thumb-frame\"><a href=\"https:\/\/tierra-de-oz.net\/wordpress\/tri-state-corner-12-7-2015\/\" title=\"Tri State Corner &#8211; 12.7.2015\"><img src=\"https:\/\/tierra-de-oz.net\/wordpress\/wp-content\/uploads\/2015\/08\/Tri-State-Corner-Masters-Of-Rock-Vizovice-12-07-2015-01-150x150.jpg\" width=\"150\" height=\"150\" alt=\"Tri State Corner &#8211; 12.7.2015\" title=\"Tri State Corner &#8211; 12.7.2015\" class=\"thumb post-preview-image\"><\/a><div class=\"post-title\"><a href=\"https:\/\/tierra-de-oz.net\/wordpress\/tri-state-corner-12-7-2015\/\" title=\"Tri State Corner &#8211; 12.7.2015\" style=\"max-width:150px\"> Tri State Corner &#8211; 12.7.2015 <\/a><\/div><\/div><\/div><div class=\"associated-post\"><div class=\"thumb-frame\"><a href=\"https:\/\/tierra-de-oz.net\/wordpress\/lacrimas-profundere-12-7-2015\/\" title=\"Lacrimas Profundere &#8211; 12.7.2015\"><img src=\"https:\/\/tierra-de-oz.net\/wordpress\/wp-content\/uploads\/2015\/08\/Lacrimas-Profundere-Masters-Of-Rock-Vizovice-12-07-2015-01-150x150.jpg\" width=\"150\" height=\"150\" alt=\"Lacrimas Profundere &#8211; 12.7.2015\" title=\"Lacrimas Profundere &#8211; 12.7.2015\" class=\"thumb post-preview-image\"><\/a><div class=\"post-title\"><a href=\"https:\/\/tierra-de-oz.net\/wordpress\/lacrimas-profundere-12-7-2015\/\" title=\"Lacrimas Profundere &#8211; 12.7.2015\" style=\"max-width:150px\"> Lacrimas Profundere &#8211; 12.7.2015 <\/a><\/div><\/div><\/div><div class=\"associated-post\"><div class=\"thumb-frame\"><a href=\"https:\/\/tierra-de-oz.net\/wordpress\/voodoo-circle-12-7-2015\/\" title=\"Voodoo Circle &#8211; 12.7.2015\"><img src=\"https:\/\/tierra-de-oz.net\/wordpress\/wp-content\/uploads\/2015\/08\/Voodoo-Circle-Masters-Of-Rock-Vizovice-12-07-2015-01-150x150.jpg\" width=\"150\" height=\"150\" alt=\"Voodoo Circle &#8211; 12.7.2015\" title=\"Voodoo Circle &#8211; 12.7.2015\" class=\"thumb post-preview-image\"><\/a><div class=\"post-title\"><a href=\"https:\/\/tierra-de-oz.net\/wordpress\/voodoo-circle-12-7-2015\/\" title=\"Voodoo Circle &#8211; 12.7.2015\" style=\"max-width:150px\"> Voodoo Circle &#8211; 12.7.2015 <\/a><\/div><\/div><\/div><div class=\"associated-post\"><div class=\"thumb-frame\"><a href=\"https:\/\/tierra-de-oz.net\/wordpress\/arkona-12-7-2015\/\" title=\"Arkona &#8211; 12.7.2015\"><img src=\"https:\/\/tierra-de-oz.net\/wordpress\/wp-content\/uploads\/2015\/08\/Arkona-Masters-Of-Rock-Vizovice-12-07-2015-01-150x150.jpg\" width=\"150\" height=\"150\" alt=\"Arkona &#8211; 12.7.2015\" title=\"Arkona &#8211; 12.7.2015\" class=\"thumb post-preview-image\"><\/a><div class=\"post-title\"><a href=\"https:\/\/tierra-de-oz.net\/wordpress\/arkona-12-7-2015\/\" title=\"Arkona &#8211; 12.7.2015\" style=\"max-width:150px\"> Arkona &#8211; 12.7.2015 <\/a><\/div><\/div><\/div><div class=\"associated-post\"><div class=\"thumb-frame\"><a href=\"https:\/\/tierra-de-oz.net\/wordpress\/sonata-arctica-12-7-2015\/\" title=\"Sonata Arctica &#8211; 12.7.2015\"><img src=\"https:\/\/tierra-de-oz.net\/wordpress\/wp-content\/uploads\/2015\/08\/Sonata-Arctica-Masters-Of-Rock-Vizovice-12-07-2015-01-150x150.jpg\" width=\"150\" height=\"150\" alt=\"Sonata Arctica &#8211; 12.7.2015\" title=\"Sonata Arctica &#8211; 12.7.2015\" class=\"thumb post-preview-image\"><\/a><div class=\"post-title\"><a href=\"https:\/\/tierra-de-oz.net\/wordpress\/sonata-arctica-12-7-2015\/\" title=\"Sonata Arctica &#8211; 12.7.2015\" style=\"max-width:150px\"> Sonata Arctica &#8211; 12.7.2015 <\/a><\/div><\/div><\/div><div class=\"associated-post\"><div class=\"thumb-frame\"><a href=\"https:\/\/tierra-de-oz.net\/wordpress\/gamma-ray-12-7-2015\/\" title=\"Gamma Ray &#8211; 12.7.2015\"><img src=\"https:\/\/tierra-de-oz.net\/wordpress\/wp-content\/uploads\/2015\/08\/Gamma-Ray-Masters-Of-Rock-Vizovice-12-07-2015-01-150x150.jpg\" width=\"150\" height=\"150\" alt=\"Gamma Ray &#8211; 12.7.2015\" title=\"Gamma Ray &#8211; 12.7.2015\" class=\"thumb post-preview-image\"><\/a><div class=\"post-title\"><a href=\"https:\/\/tierra-de-oz.net\/wordpress\/gamma-ray-12-7-2015\/\" title=\"Gamma Ray &#8211; 12.7.2015\" style=\"max-width:150px\"> Gamma Ray &#8211; 12.7.2015 <\/a><\/div><\/div><\/div><div class=\"associated-post\"><div class=\"thumb-frame\"><a href=\"https:\/\/tierra-de-oz.net\/wordpress\/nightwish-12-7-2015\/\" title=\"Nightwish &#8211; 12.7.2015\"><img src=\"https:\/\/tierra-de-oz.net\/wordpress\/wp-content\/uploads\/2015\/08\/Nightwish-Masters-Of-Rock-Vizovice-12-07-2015-01-150x150.jpg\" width=\"150\" height=\"150\" alt=\"Nightwish &#8211; 12.7.2015\" title=\"Nightwish &#8211; 12.7.2015\" class=\"thumb post-preview-image\"><\/a><div class=\"post-title\"><a href=\"https:\/\/tierra-de-oz.net\/wordpress\/nightwish-12-7-2015\/\" title=\"Nightwish &#8211; 12.7.2015\" style=\"max-width:150px\"> Nightwish &#8211; 12.7.2015 <\/a><\/div><\/div><\/div><\/div>\n<p><a title=\"2015\" href=\"https:\/\/tierra-de-oz.net\/wordpress\/2015-2\/\">back<\/a><\/p>\n","protected":false},"excerpt":{"rendered":"<p>U.D.O. &ndash; 9.7.2015 Within Temptation &ndash; 9.7.2015 Bloodbound &ndash; 9.7.2015 Neonfly &ndash; 10.7.2015 Serious Black &ndash; 10.7.2015 Gus G &ndash; 10.7.2015 Dog<\/p>\n<p class=\"link-more\"><a class=\"myButt \" href=\"https:\/\/tierra-de-oz.net\/wordpress\/masters-of-rock-areal-likerky-rudolf-jelinek-vizovice-czech-republic-9-12-7-2015\/\">Read More<\/a><\/p>\n","protected":false},"author":1,"featured_media":0,"parent":0,"menu_order":0,"comment_status":"open","ping_status":"open","template":"","meta":{"footnotes":""},"tags":[728,974,1348,1231,1242,1290,1093,1141,963,1310,1361,904,1120,1363,727,1134,894,1313,1353,1362,1003,1033,950,1360],"class_list":["post-6139","page","type-page","status-publish","hentry","tag-areal-likerky-rudolf-jelinek-vizovice","tag-arkona","tag-black-label-society","tag-bloodbound","tag-blues-pills","tag-crucified-barbara","tag-delain","tag-dog-eat-dog","tag-gamma-ray","tag-gotthard","tag-gus-g","tag-hammerfall","tag-krokus","tag-lacrimas-profundere","tag-masters-of-rock-2","tag-neonfly","tag-nightwish","tag-serious-black","tag-sonata-arctica","tag-the-exploited","tag-tri-state-corner","tag-u-d-o","tag-voodoo-circle","tag-within-temptation"],"_links":{"self":[{"href":"https:\/\/tierra-de-oz.net\/wordpress\/wp-json\/wp\/v2\/pages\/6139","targetHints":{"allow":["GET"]}}],"collection":[{"href":"https:\/\/tierra-de-oz.net\/wordpress\/wp-json\/wp\/v2\/pages"}],"about":[{"href":"https:\/\/tierra-de-oz.net\/wordpress\/wp-json\/wp\/v2\/types\/page"}],"author":[{"embeddable":true,"href":"https:\/\/tierra-de-oz.net\/wordpress\/wp-json\/wp\/v2\/users\/1"}],"replies":[{"embeddable":true,"href":"https:\/\/tierra-de-oz.net\/wordpress\/wp-json\/wp\/v2\/comments?post=6139"}],"version-history":[{"count":1,"href":"https:\/\/tierra-de-oz.net\/wordpress\/wp-json\/wp\/v2\/pages\/6139\/revisions"}],"predecessor-version":[{"id":6140,"href":"https:\/\/tierra-de-oz.net\/wordpress\/wp-json\/wp\/v2\/pages\/6139\/revisions\/6140"}],"wp:attachment":[{"href":"https:\/\/tierra-de-oz.net\/wordpress\/wp-json\/wp\/v2\/media?parent=6139"}],"wp:term":[{"taxonomy":"post_tag","embeddable":true,"href":"https:\/\/tierra-de-oz.net\/wordpress\/wp-json\/wp\/v2\/tags?post=6139"}],"curies":[{"name":"wp","href":"https:\/\/api.w.org\/{rel}","templated":true}]}}