{"id":5724,"date":"2015-01-17T00:11:22","date_gmt":"2015-01-16T23:11:22","guid":{"rendered":"http:\/\/tierra-de-oz.net\/wordpress\/?page_id=5724"},"modified":"2016-01-05T21:01:04","modified_gmt":"2016-01-05T20:01:04","slug":"2015-2","status":"publish","type":"page","link":"https:\/\/tierra-de-oz.net\/wordpress\/2015-2\/","title":{"rendered":"2015"},"content":{"rendered":"<div class=\"associated-posts thumbnail-title\"><\/div>\n<p><a title=\"Battle Beast, Delain &amp; Sabaton @ Eventhalle, Geiselwind 10.1.2015\" href=\"https:\/\/tierra-de-oz.net\/wordpress\/battle-beast-delain-sabaton-eventhalle-geiselwind-10-1-2015\/\">Battle Beast, Delain &amp; Sabaton @ Eventhalle, Geiselwind 10.1.2015<\/a><br \/>\n<a title=\"Lary &amp; Die Fantastischen Vier @ Arena, N\u00fcrnberg 12.1.2015\" href=\"https:\/\/tierra-de-oz.net\/wordpress\/lary-die-fantastischen-vier-arena-nurnberg-12-1-2015\/\">Lary &amp; Die Fantastischen Vier @ Arena, N\u00fcrnberg 12.1.2015<\/a><br \/>\n<a title=\"Any Given Day, Dream On Dreamer, Bury Tomorrow &amp; Caliban @ Hirsch, N\u00fcrnberg 25.1.2015\" href=\"https:\/\/tierra-de-oz.net\/wordpress\/given-day-dream-on-dreamer-bury-tomorrow-caliban-hirsch-nurnberg-25-1-2015\/\">Any Given Day, Dream On Dreamer, Bury Tomorrow &amp; Caliban @ Hirsch, N\u00fcrnberg 25.1.2015<\/a><br \/>\n<a title=\"Metal Assault V @ Posthalle, W\u00fcrzburg 31.1.2015\" href=\"https:\/\/tierra-de-oz.net\/wordpress\/metal-assault-v-posthalle-wurzburg-31-1-2015\/\">Metal Assault V @ Posthalle, W\u00fcrzburg 31.1.2015<\/a><br \/>\n<a title=\"Serious Black, Orden Ogan, Hammerfall @ brose Arena, Bamberg 07.02.2015\" href=\"https:\/\/tierra-de-oz.net\/wordpress\/serious-black-orden-ogan-hammerfall-brose-arena-bamberg-07-02-2015\/\">Serious Black, Orden Ogan, Hammerfall @ brose Arena, Bamberg 07.2.2015<\/a><br \/>\n<a title=\"Nighttrain, Phallax &amp; Chrome Division @ Rockfabrik, N\u00fcrnberg 26.2.2015\" href=\"https:\/\/tierra-de-oz.net\/wordpress\/nighttrain-phallax-chrome-division-rockfabrik-nurnberg-26-2-2015\/\">Nighttrain, Phallax &amp; Chrome Division @ Rockfabrik, N\u00fcrnberg 26.2.2015<\/a><br \/>\n<a title=\"Travel: Dubai, United Arab Emirates 5. \u2013 8.3.2015\" href=\"https:\/\/tierra-de-oz.net\/wordpress\/travel-dubai-united-arab-emirates-5-8-3-2015\/\">Travel: Dubai, United Arab Emirates 5. &#8211; 8.3.2015<\/a><br \/>\n<a title=\"Garagedays, Sister Sin &amp; U.D.O. @ Hirsch, N\u00fcrnberg 25.3.2015\" href=\"https:\/\/tierra-de-oz.net\/wordpress\/garagedays-sister-sin-u-d-o-hirsch-nurnberg-25-3-2015\/\">Garagedays, Sister Sin &amp; U.D.O. @ Hirsch, N\u00fcrnberg 25.3.2015<\/a><br \/>\n<a title=\"Rock meets Classic @ Arena, N\u00fcrnberg 28.3.2015\" href=\"https:\/\/tierra-de-oz.net\/wordpress\/rock-meets-classic-arena-nurnberg-28-3-2015\/\">Rock meets Classic @ Arena, N\u00fcrnberg 28.3.2015<\/a><br \/>\n<a title=\"Lion Twin &amp; Tri State Corner @ Rockfabrik, N\u00fcrnberg 29.3.2015\" href=\"https:\/\/tierra-de-oz.net\/wordpress\/lion-twin-tri-state-corner-rockfabrik-nurnberg-29-3-2015\/\">Lion Twin &amp; Tri State Corner @ Rockfabrik, N\u00fcrnberg 29.3.2015<\/a><br \/>\n<a title=\"The Australian Pink Floyd Show @ Meistersingerhalle, N\u00fcrnberg 1.4.2015\" href=\"https:\/\/tierra-de-oz.net\/wordpress\/australian-pink-floyd-show-meistersingerhalle-nurnberg-1-4-2015\/\">The Australian Pink Floyd Show @ Meistersingerhalle, N\u00fcrnberg 1.4.2015<\/a><br \/>\n<a title=\"The Legendary &amp; Tito and Tarantula @ Hirsch, N\u00fcrnberg 21.4.2015\" href=\"https:\/\/tierra-de-oz.net\/wordpress\/legendary-tito-and-tarantula-hirsch-nurnberg-21-4-2015\/\">The Legendary &amp; Tito and Tarantula @ Hirsch, N\u00fcrnberg 21.4.2015<\/a><br \/>\n<a title=\"Out &amp; Loud @ Eventzentrum Strohofer, Geiselwind 2015\" href=\"https:\/\/tierra-de-oz.net\/wordpress\/out-and-loud-eventzentrum-strohofer-geiselwind-2015\/\">Out &amp; Loud @ Eventzentrum Strohofer, Geiselwind 2015<\/a><br \/>\n<a title=\"Rock im Park @ Zeppelinfeld, N\u00fcrnberg 5. \u2013 7.6.2015\" href=\"https:\/\/tierra-de-oz.net\/wordpress\/rock-im-park-zeppelinfeld-nurnberg-5-7-6-2015\/\">Rock im Park @ Zeppelinfeld, N\u00fcrnberg 5. &#8211; 7.6.2015<\/a><br \/>\n<a title=\"David Garrett Classic Revolution Open Air @ Jahn-Gel\u00e4nde, Forchheim 19.6.2015\" href=\"https:\/\/tierra-de-oz.net\/wordpress\/david-garrett-classic-revolution-open-air-jahn-gelande-forchheim-19-6-2015\/\">David Garrett Classic Revolution Open Air @ Jahn-Gel\u00e4nde, Forchheim 19.6.2015<\/a><br \/>\n<a title=\"Peter Maffay and Band @ Jahn-Gel\u00e4nde, Forchheim 20.6.2015\" href=\"https:\/\/tierra-de-oz.net\/wordpress\/peter-maffay-and-band-jahn-gelande-forchheim-20-6-2015\/\">Peter Maffay and Band @ Jahn-Gel\u00e4nde, Forchheim 20.6.2015<\/a><br \/>\n<a title=\"The New Black &amp; Black Label Society @ Posthalle, W\u00fcrzburg 7.7.2015\" href=\"https:\/\/tierra-de-oz.net\/wordpress\/the-new-black-black-label-society-posthalle-wurzburg-7-7-2015\/\">The New Black &amp; Black Label Society @ Posthalle, W\u00fcrzburg 7.7.2015<br \/>\n<\/a><a title=\"Masters of Rock @ Are\u00e1l lik\u00e9rky Rudolf Jel\u00ednek Vizovice, Czech Republic 9. \u2013 12.7.2015\" href=\"https:\/\/tierra-de-oz.net\/wordpress\/masters-of-rock-areal-likerky-rudolf-jelinek-vizovice-czech-republic-9-12-7-2015\/\">Masters of Rock @ Are\u00e1l lik\u00e9rky Rudolf Jel\u00ednek Vizovice, Czech Republic 9. &#8211; 12.7.2015<\/a><br \/>\n<a title=\"Bang your Head @ Messegel\u00e4nde, Balingen 16. \u2013 18.7.2015\" href=\"https:\/\/tierra-de-oz.net\/wordpress\/bang-head-messegelande-balingen-16-18-7-2015\/\">Bang your Head @ Messegel\u00e4nde, Balingen 16. &#8211; 18.7.2015<\/a><br \/>\n<a title=\"Eamonn McCormack &amp; George Thorogood and the Destroyers @ L\u00f6wensaal, N\u00fcrnberg 24.7.2015\" href=\"https:\/\/tierra-de-oz.net\/wordpress\/eamonn-mccormack-george-thorogood-and-the-destroyers-lowensaal-nurnberg-24-7-2015\/\">Eamonn McCormack &amp; George Thorogood and the Destroyers @ L\u00f6wensaal, N\u00fcrnberg 24.7.2015<\/a><br \/>\n<a title=\"Billy Idol @ Olympiastadion, M\u00fcnchen 25.7.2015\" href=\"https:\/\/tierra-de-oz.net\/wordpress\/billy-idol-olympiastadion-munchen-25-7-2015\/\">Billy Idol @ Olympiastadion, M\u00fcnchen 25.7.2015<br \/>\n<\/a><a title=\"Pyraser Classic Rock Night 2015\" href=\"https:\/\/tierra-de-oz.net\/wordpress\/pyraser-classic-rock-night-2015\/\">Pyraser Classic Rock Night 2015<\/a><br \/>\n<a title=\"Summer Breeze Open Air 2015\" href=\"https:\/\/tierra-de-oz.net\/wordpress\/summer-breeze-open-air-2015\/\">Summer Breeze Open Air 2015<\/a><br \/>\n<a title=\"Dr. Woo\u2019s Rock\u2019n\u2019Roll Circus &amp; Scorpions @ Schlossplatz, Coburg 21.8.2015\" href=\"https:\/\/tierra-de-oz.net\/wordpress\/dr-woos-rocknroll-circus-scorpions-schlossplatz-coburg-21-8-2015\/\">Dr. Woo&#8217;s Rock&#8217;n&#8217;Roll Circus &amp; Scorpions @ Schlossplatz, Coburg 21.8.2015<br \/>\n<\/a><a title=\"Divine Ascension, Gloryhammer &amp; Stratovarius @ Musichall, Geiselwind 16.10.2015\" href=\"https:\/\/tierra-de-oz.net\/wordpress\/divine-ascension-gloryhammer-stratovarius-musichall-geiselwind-16-10-2015\/\">Divine Ascension, Gloryhammer &amp; Stratovarius @ Musichall, Geiselwind 16.10.2015<\/a><br \/>\n<a title=\"Nanowar of Steel, Furor Gallico &amp; M\u00e4go de Oz @ Backstage, M\u00fcnchen 27.10.2015\" href=\"https:\/\/tierra-de-oz.net\/wordpress\/nanowar-of-steel-furor-gallico-mago-de-oz-backstage-munchen-27-10-2015\/\">Nanowar of Steel, Furor Gallico &amp; M\u00e4go de Oz @ Backstage, M\u00fcnchen 27.10.2015<br \/>\n<\/a><a title=\"Heino @ Hirsch, N\u00fcrnberg 29.10.2015\" href=\"https:\/\/tierra-de-oz.net\/wordpress\/heino-hirsch-nurnberg-29-10-2015\/\">Heino @ Hirsch, N\u00fcrnberg 29.10.2015<\/a><a title=\"Nanowar of Steel, Furor Gallico &amp; M\u00e4go de Oz @ Backstage, M\u00fcnchen 27.10.2015\" href=\"https:\/\/tierra-de-oz.net\/wordpress\/nanowar-of-steel-furor-gallico-mago-de-oz-backstage-munchen-27-10-2015\/\"><br \/>\n<\/a><a title=\"Orden Ogan &amp; Powerwolf @ Musichall, Geiselwind 30.10.2015\" href=\"https:\/\/tierra-de-oz.net\/wordpress\/orden-ogan-powerwolf-musichall-geiselwind-30-10-2015\/\">Orden Ogan &amp; Powerwolf @ Musichall, Geiselwind 30.10.2015<br \/>\n<\/a><a title=\"Eluveitie &amp; Epica @ L\u00f6wensaal, N\u00fcrnberg 3.11.2015\" href=\"https:\/\/tierra-de-oz.net\/wordpress\/eluveitie-epica-lowensaal-nurnberg-3-11-2015\/\">Eluveitie &amp; Epica @ L\u00f6wensaal, N\u00fcrnberg 3.11.2015<br \/>\n<\/a><a title=\"Rival Sons &amp; Deep Purple @ Arena, N\u00fcrnberg 21.11.2015\" href=\"https:\/\/tierra-de-oz.net\/wordpress\/rival-sons-deep-purple-arena-nurnberg-21-11-2015\/\">Rival Sons &amp; Deep Purple @ Arena, N\u00fcrnberg 21.11.2015<br \/>\n<\/a><a title=\"Amorphis, Arch Enemy &amp; Nightwish @ Arena, N\u00fcrnberg 5.12.2015\" href=\"https:\/\/tierra-de-oz.net\/wordpress\/amorphis-arch-enemy-nightwish-arena-nurnberg-5-12-2015\/\">Amorphis, Arch Enemy &amp; Nightwish @ Arena, N\u00fcrnberg 5.12.2015<br \/>\n<\/a><a title=\"Christmas Bash @ Eventhalle, Geiselwind 12.12.2015\" href=\"https:\/\/tierra-de-oz.net\/wordpress\/christmas-bash-eventhalle-geiselwind-12-12-2015\/\">Christmas Bash @ Eventhalle, Geiselwind 12.12.2015<\/a><br \/>\n<a title=\"The New Roses &amp; Molly Hatchet @ Hirsch, N\u00fcrnberg 14.12.2015\" href=\"https:\/\/tierra-de-oz.net\/wordpress\/the-new-roses-molly-hatchet-hirsch-nurnberg-14-12-2015\/\">The New Roses &amp; Molly Hatchet @ Hirsch, N\u00fcrnberg 14.12.2015<\/a><br \/>\n<a title=\"Archer &amp; Doro @ L\u00f6wensaal, N\u00fcrnberg 19.12.2015\" href=\"https:\/\/tierra-de-oz.net\/wordpress\/archer-doro-lowensaal-nurnberg-19-12-2015\/\">Archer &amp; Doro @ L\u00f6wensaal, N\u00fcrnberg 19.12.2015<\/a><br \/>\n<a title=\"Molllust &amp; Orphaned Land @ Hirsch, N\u00fcrnberg 21.12.2015\" href=\"https:\/\/tierra-de-oz.net\/wordpress\/molllust-orphaned-land-hirsch-nurnberg-21-12-2015\/\">Molllust &amp; Orphaned Land @ Hirsch, N\u00fcrnberg 21.12.2015<\/a><\/p>\n<p><a href=\"https:\/\/tierra-de-oz.net\/wordpress\/gallery\/\">back to gallery<\/a><\/p>\n","protected":false},"excerpt":{"rendered":"<p>Battle Beast, Delain &amp; Sabaton @ Eventhalle, Geiselwind 10.1.2015 Lary &amp; Die Fantastischen Vier @ Arena, N&uuml;rnberg 12.1.2015 Any Given Day, Dream<\/p>\n<p class=\"link-more\"><a class=\"myButt \" href=\"https:\/\/tierra-de-oz.net\/wordpress\/2015-2\/\">Read More<\/a><\/p>\n","protected":false},"author":1,"featured_media":0,"parent":0,"menu_order":0,"comment_status":"open","ping_status":"open","template":"","meta":{"footnotes":""},"tags":[],"class_list":["post-5724","page","type-page","status-publish","hentry"],"_links":{"self":[{"href":"https:\/\/tierra-de-oz.net\/wordpress\/wp-json\/wp\/v2\/pages\/5724","targetHints":{"allow":["GET"]}}],"collection":[{"href":"https:\/\/tierra-de-oz.net\/wordpress\/wp-json\/wp\/v2\/pages"}],"about":[{"href":"https:\/\/tierra-de-oz.net\/wordpress\/wp-json\/wp\/v2\/types\/page"}],"author":[{"embeddable":true,"href":"https:\/\/tierra-de-oz.net\/wordpress\/wp-json\/wp\/v2\/users\/1"}],"replies":[{"embeddable":true,"href":"https:\/\/tierra-de-oz.net\/wordpress\/wp-json\/wp\/v2\/comments?post=5724"}],"version-history":[{"count":65,"href":"https:\/\/tierra-de-oz.net\/wordpress\/wp-json\/wp\/v2\/pages\/5724\/revisions"}],"predecessor-version":[{"id":6481,"href":"https:\/\/tierra-de-oz.net\/wordpress\/wp-json\/wp\/v2\/pages\/5724\/revisions\/6481"}],"wp:attachment":[{"href":"https:\/\/tierra-de-oz.net\/wordpress\/wp-json\/wp\/v2\/media?parent=5724"}],"wp:term":[{"taxonomy":"post_tag","embeddable":true,"href":"https:\/\/tierra-de-oz.net\/wordpress\/wp-json\/wp\/v2\/tags?post=5724"}],"curies":[{"name":"wp","href":"https:\/\/api.w.org\/{rel}","templated":true}]}}