{"id":2910,"date":"2013-09-13T13:12:33","date_gmt":"2013-09-13T12:12:33","guid":{"rendered":"http:\/\/tierra-de-oz.net\/wordpress\/?page_id=2910"},"modified":"2013-09-20T11:19:42","modified_gmt":"2013-09-20T10:19:42","slug":"skalmold-tyr-finntroll-hirsch-nurnberg-10-9-2013","status":"publish","type":"page","link":"https:\/\/tierra-de-oz.net\/wordpress\/skalmold-tyr-finntroll-hirsch-nurnberg-10-9-2013\/","title":{"rendered":"Sk\u00e1lm\u00f6ld, T\u00fdr &#038; Finntroll @ Hirsch, N\u00fcrnberg 10.9.2013"},"content":{"rendered":"<div class=\"associated-posts thumbnail-title\"><div class=\"associated-post\"><div class=\"thumb-frame\"><a href=\"https:\/\/tierra-de-oz.net\/wordpress\/skalmold-10-9-2013\/\" title=\"Sk\u00e1lm\u00f6ld &#8211; 10.9.2013\"><img src=\"https:\/\/tierra-de-oz.net\/wordpress\/wp-content\/uploads\/2013\/09\/skalmoeld-hirsch-nuernberg-10-09-2013-24-150x150.jpg\" width=\"150\" height=\"150\" alt=\"Sk\u00e1lm\u00f6ld &#8211; 10.9.2013\" title=\"Sk\u00e1lm\u00f6ld &#8211; 10.9.2013\" class=\"thumb post-preview-image\"><\/a><div class=\"post-title\"><a href=\"https:\/\/tierra-de-oz.net\/wordpress\/skalmold-10-9-2013\/\" title=\"Sk\u00e1lm\u00f6ld &#8211; 10.9.2013\" style=\"max-width:150px\"> Sk\u00e1lm\u00f6ld &#8211; 10.9.2013 <\/a><\/div><\/div><\/div><div class=\"associated-post\"><div class=\"thumb-frame\"><a href=\"https:\/\/tierra-de-oz.net\/wordpress\/tyr-10-9-2013\/\" title=\"T\u00fdr &#8211; 10.9.2013\"><img src=\"https:\/\/tierra-de-oz.net\/wordpress\/wp-content\/uploads\/2013\/09\/tyr-hirsch-nuernberg-10-09-2013-01-150x150.jpg\" width=\"150\" height=\"150\" alt=\"T\u00fdr &#8211; 10.9.2013\" title=\"T\u00fdr &#8211; 10.9.2013\" class=\"thumb post-preview-image\"><\/a><div class=\"post-title\"><a href=\"https:\/\/tierra-de-oz.net\/wordpress\/tyr-10-9-2013\/\" title=\"T\u00fdr &#8211; 10.9.2013\" style=\"max-width:150px\"> T\u00fdr &#8211; 10.9.2013 <\/a><\/div><\/div><\/div><div class=\"associated-post\"><div class=\"thumb-frame\"><a href=\"https:\/\/tierra-de-oz.net\/wordpress\/finntroll-10-9-2013\/\" title=\"Finntroll &#8211; 10.9.2013\"><img src=\"https:\/\/tierra-de-oz.net\/wordpress\/wp-content\/uploads\/2013\/09\/finntroll-hirsch-nuernberg-10-09-2013-20-150x150.jpg\" width=\"150\" height=\"150\" alt=\"Finntroll &#8211; 10.9.2013\" title=\"Finntroll &#8211; 10.9.2013\" class=\"thumb post-preview-image\"><\/a><div class=\"post-title\"><a href=\"https:\/\/tierra-de-oz.net\/wordpress\/finntroll-10-9-2013\/\" title=\"Finntroll &#8211; 10.9.2013\" style=\"max-width:150px\"> Finntroll &#8211; 10.9.2013 <\/a><\/div><\/div><\/div><\/div>\n<p><a title=\"2013\" href=\"https:\/\/tierra-de-oz.net\/wordpress\/?page_id=1208\">back to 2013<\/a><\/p>\n","protected":false},"excerpt":{"rendered":"<p>Sk&aacute;lm&ouml;ld &ndash; 10.9.2013 T&yacute;r &ndash; 10.9.2013 Finntroll &ndash; 10.9.2013 back to 2013<\/p>\n","protected":false},"author":1,"featured_media":0,"parent":0,"menu_order":0,"comment_status":"open","ping_status":"open","template":"","meta":{"footnotes":""},"tags":[],"class_list":["post-2910","page","type-page","status-publish","hentry"],"_links":{"self":[{"href":"https:\/\/tierra-de-oz.net\/wordpress\/wp-json\/wp\/v2\/pages\/2910","targetHints":{"allow":["GET"]}}],"collection":[{"href":"https:\/\/tierra-de-oz.net\/wordpress\/wp-json\/wp\/v2\/pages"}],"about":[{"href":"https:\/\/tierra-de-oz.net\/wordpress\/wp-json\/wp\/v2\/types\/page"}],"author":[{"embeddable":true,"href":"https:\/\/tierra-de-oz.net\/wordpress\/wp-json\/wp\/v2\/users\/1"}],"replies":[{"embeddable":true,"href":"https:\/\/tierra-de-oz.net\/wordpress\/wp-json\/wp\/v2\/comments?post=2910"}],"version-history":[{"count":6,"href":"https:\/\/tierra-de-oz.net\/wordpress\/wp-json\/wp\/v2\/pages\/2910\/revisions"}],"predecessor-version":[{"id":4109,"href":"https:\/\/tierra-de-oz.net\/wordpress\/wp-json\/wp\/v2\/pages\/2910\/revisions\/4109"}],"wp:attachment":[{"href":"https:\/\/tierra-de-oz.net\/wordpress\/wp-json\/wp\/v2\/media?parent=2910"}],"wp:term":[{"taxonomy":"post_tag","embeddable":true,"href":"https:\/\/tierra-de-oz.net\/wordpress\/wp-json\/wp\/v2\/tags?post=2910"}],"curies":[{"name":"wp","href":"https:\/\/api.w.org\/{rel}","templated":true}]}}