{"id":14271,"date":"2025-12-30T21:43:49","date_gmt":"2025-12-30T20:43:49","guid":{"rendered":"https:\/\/tierra-de-oz.net\/wordpress\/?page_id=14271"},"modified":"2025-12-30T21:43:49","modified_gmt":"2025-12-30T20:43:49","slug":"wustenberg-29-12-2025","status":"publish","type":"page","link":"https:\/\/tierra-de-oz.net\/wordpress\/wustenberg-29-12-2025\/","title":{"rendered":"W\u00fcstenberg &#8211; 29.12.2025"},"content":{"rendered":"<div class=\"associated-posts thumbnail-title\"><\/div>\n<p>W\u00fcstenberg live on stage at L\u00f6wensaal N\u00fcrnberg, December 29th 2025<\/p>\n<div id=\"jig1\" class=\"justified-image-grid jig-53344c960c9fabe18d071b76a802d5e1 jig-preset-global jig-source-nextgen\"><div class=\"jig-clearfix\"><\/div><noscript id=\"jig1-html\" class=\"justified-image-grid-html\" data-lazy-src=\"skiplazyload\" data-src=\"skipunveillazyload\"><ul><li><a href=\"https:\/\/tierra-de-oz.net\/wordpress\/wp-content\/gallery\/wuestenberg\/wuestenberg-loewensaal-nuernberg-29-12-2025-01.jpg\"><img src=\"https:\/\/tierra-de-oz.net\/wordpress\/wp-content\/plugins\/justified-image-grid\/timthumb.php?src=https%3A%2F%2Ftierra-de-oz.net%2Fwordpress%2Fwp-content%2Fgallery%2Fwuestenberg%2Fwuestenberg-loewensaal-nuernberg-29-12-2025-01.jpg&amp;h=230&amp;q=90&amp;f=.jpg\" alt=\"\" width=\"345\" height=\"230\" \/><\/a><\/li><li><a href=\"https:\/\/tierra-de-oz.net\/wordpress\/wp-content\/gallery\/wuestenberg\/wuestenberg-loewensaal-nuernberg-29-12-2025-02.jpg\"><img src=\"https:\/\/tierra-de-oz.net\/wordpress\/wp-content\/plugins\/justified-image-grid\/timthumb.php?src=https%3A%2F%2Ftierra-de-oz.net%2Fwordpress%2Fwp-content%2Fgallery%2Fwuestenberg%2Fwuestenberg-loewensaal-nuernberg-29-12-2025-02.jpg&amp;h=230&amp;q=90&amp;f=.jpg\" alt=\"\" width=\"345\" height=\"230\" \/><\/a><\/li><li><a href=\"https:\/\/tierra-de-oz.net\/wordpress\/wp-content\/gallery\/wuestenberg\/wuestenberg-loewensaal-nuernberg-29-12-2025-03.jpg\"><img src=\"https:\/\/tierra-de-oz.net\/wordpress\/wp-content\/plugins\/justified-image-grid\/timthumb.php?src=https%3A%2F%2Ftierra-de-oz.net%2Fwordpress%2Fwp-content%2Fgallery%2Fwuestenberg%2Fwuestenberg-loewensaal-nuernberg-29-12-2025-03.jpg&amp;h=230&amp;q=90&amp;f=.jpg\" alt=\"\" width=\"345\" height=\"230\" \/><\/a><\/li><li><a href=\"https:\/\/tierra-de-oz.net\/wordpress\/wp-content\/gallery\/wuestenberg\/wuestenberg-loewensaal-nuernberg-29-12-2025-04.jpg\"><img src=\"https:\/\/tierra-de-oz.net\/wordpress\/wp-content\/plugins\/justified-image-grid\/timthumb.php?src=https%3A%2F%2Ftierra-de-oz.net%2Fwordpress%2Fwp-content%2Fgallery%2Fwuestenberg%2Fwuestenberg-loewensaal-nuernberg-29-12-2025-04.jpg&amp;h=230&amp;q=90&amp;f=.jpg\" alt=\"\" width=\"345\" height=\"230\" \/><\/a><\/li><li><a href=\"https:\/\/tierra-de-oz.net\/wordpress\/wp-content\/gallery\/wuestenberg\/wuestenberg-loewensaal-nuernberg-29-12-2025-05.jpg\"><img src=\"https:\/\/tierra-de-oz.net\/wordpress\/wp-content\/plugins\/justified-image-grid\/timthumb.php?src=https%3A%2F%2Ftierra-de-oz.net%2Fwordpress%2Fwp-content%2Fgallery%2Fwuestenberg%2Fwuestenberg-loewensaal-nuernberg-29-12-2025-05.jpg&amp;h=230&amp;q=90&amp;f=.jpg\" alt=\"\" width=\"345\" height=\"230\" \/><\/a><\/li><li><a href=\"https:\/\/tierra-de-oz.net\/wordpress\/wp-content\/gallery\/wuestenberg\/wuestenberg-loewensaal-nuernberg-29-12-2025-06.jpg\"><img src=\"https:\/\/tierra-de-oz.net\/wordpress\/wp-content\/plugins\/justified-image-grid\/timthumb.php?src=https%3A%2F%2Ftierra-de-oz.net%2Fwordpress%2Fwp-content%2Fgallery%2Fwuestenberg%2Fwuestenberg-loewensaal-nuernberg-29-12-2025-06.jpg&amp;h=230&amp;q=90&amp;f=.jpg\" alt=\"\" width=\"345\" height=\"230\" \/><\/a><\/li><li><a href=\"https:\/\/tierra-de-oz.net\/wordpress\/wp-content\/gallery\/wuestenberg\/wuestenberg-loewensaal-nuernberg-29-12-2025-07.jpg\"><img src=\"https:\/\/tierra-de-oz.net\/wordpress\/wp-content\/plugins\/justified-image-grid\/timthumb.php?src=https%3A%2F%2Ftierra-de-oz.net%2Fwordpress%2Fwp-content%2Fgallery%2Fwuestenberg%2Fwuestenberg-loewensaal-nuernberg-29-12-2025-07.jpg&amp;h=230&amp;q=90&amp;f=.jpg\" alt=\"\" width=\"345\" height=\"230\" \/><\/a><\/li><li><a href=\"https:\/\/tierra-de-oz.net\/wordpress\/wp-content\/gallery\/wuestenberg\/wuestenberg-loewensaal-nuernberg-29-12-2025-08.jpg\"><img src=\"https:\/\/tierra-de-oz.net\/wordpress\/wp-content\/plugins\/justified-image-grid\/timthumb.php?src=https%3A%2F%2Ftierra-de-oz.net%2Fwordpress%2Fwp-content%2Fgallery%2Fwuestenberg%2Fwuestenberg-loewensaal-nuernberg-29-12-2025-08.jpg&amp;h=230&amp;q=90&amp;f=.jpg\" alt=\"\" width=\"345\" height=\"230\" \/><\/a><\/li><li><a href=\"https:\/\/tierra-de-oz.net\/wordpress\/wp-content\/gallery\/wuestenberg\/wuestenberg-loewensaal-nuernberg-29-12-2025-09.jpg\"><img src=\"https:\/\/tierra-de-oz.net\/wordpress\/wp-content\/plugins\/justified-image-grid\/timthumb.php?src=https%3A%2F%2Ftierra-de-oz.net%2Fwordpress%2Fwp-content%2Fgallery%2Fwuestenberg%2Fwuestenberg-loewensaal-nuernberg-29-12-2025-09.jpg&amp;h=230&amp;q=90&amp;f=.jpg\" alt=\"\" width=\"345\" height=\"230\" \/><\/a><\/li><li><a href=\"https:\/\/tierra-de-oz.net\/wordpress\/wp-content\/gallery\/wuestenberg\/wuestenberg-loewensaal-nuernberg-29-12-2025-10.jpg\"><img src=\"https:\/\/tierra-de-oz.net\/wordpress\/wp-content\/plugins\/justified-image-grid\/timthumb.php?src=https%3A%2F%2Ftierra-de-oz.net%2Fwordpress%2Fwp-content%2Fgallery%2Fwuestenberg%2Fwuestenberg-loewensaal-nuernberg-29-12-2025-10.jpg&amp;h=230&amp;q=90&amp;f=.jpg\" alt=\"\" width=\"345\" height=\"230\" \/><\/a><\/li><li><a href=\"https:\/\/tierra-de-oz.net\/wordpress\/wp-content\/gallery\/wuestenberg\/wuestenberg-loewensaal-nuernberg-29-12-2025-11.jpg\"><img src=\"https:\/\/tierra-de-oz.net\/wordpress\/wp-content\/plugins\/justified-image-grid\/timthumb.php?src=https%3A%2F%2Ftierra-de-oz.net%2Fwordpress%2Fwp-content%2Fgallery%2Fwuestenberg%2Fwuestenberg-loewensaal-nuernberg-29-12-2025-11.jpg&amp;h=230&amp;q=90&amp;f=.jpg\" alt=\"\" width=\"345\" height=\"230\" \/><\/a><\/li><li><a href=\"https:\/\/tierra-de-oz.net\/wordpress\/wp-content\/gallery\/wuestenberg\/wuestenberg-loewensaal-nuernberg-29-12-2025-12.jpg\"><img src=\"https:\/\/tierra-de-oz.net\/wordpress\/wp-content\/plugins\/justified-image-grid\/timthumb.php?src=https%3A%2F%2Ftierra-de-oz.net%2Fwordpress%2Fwp-content%2Fgallery%2Fwuestenberg%2Fwuestenberg-loewensaal-nuernberg-29-12-2025-12.jpg&amp;h=230&amp;q=90&amp;f=.jpg\" alt=\"\" width=\"345\" height=\"230\" \/><\/a><\/li><li><a href=\"https:\/\/tierra-de-oz.net\/wordpress\/wp-content\/gallery\/wuestenberg\/wuestenberg-loewensaal-nuernberg-29-12-2025-13.jpg\"><img src=\"https:\/\/tierra-de-oz.net\/wordpress\/wp-content\/plugins\/justified-image-grid\/timthumb.php?src=https%3A%2F%2Ftierra-de-oz.net%2Fwordpress%2Fwp-content%2Fgallery%2Fwuestenberg%2Fwuestenberg-loewensaal-nuernberg-29-12-2025-13.jpg&amp;h=230&amp;q=90&amp;f=.jpg\" alt=\"\" width=\"345\" height=\"230\" \/><\/a><\/li><li><a href=\"https:\/\/tierra-de-oz.net\/wordpress\/wp-content\/gallery\/wuestenberg\/wuestenberg-loewensaal-nuernberg-29-12-2025-14.jpg\"><img src=\"https:\/\/tierra-de-oz.net\/wordpress\/wp-content\/plugins\/justified-image-grid\/timthumb.php?src=https%3A%2F%2Ftierra-de-oz.net%2Fwordpress%2Fwp-content%2Fgallery%2Fwuestenberg%2Fwuestenberg-loewensaal-nuernberg-29-12-2025-14.jpg&amp;h=230&amp;q=90&amp;f=.jpg\" alt=\"\" width=\"345\" height=\"230\" \/><\/a><\/li><li><a href=\"https:\/\/tierra-de-oz.net\/wordpress\/wp-content\/gallery\/wuestenberg\/wuestenberg-loewensaal-nuernberg-29-12-2025-15.jpg\"><img src=\"https:\/\/tierra-de-oz.net\/wordpress\/wp-content\/plugins\/justified-image-grid\/timthumb.php?src=https%3A%2F%2Ftierra-de-oz.net%2Fwordpress%2Fwp-content%2Fgallery%2Fwuestenberg%2Fwuestenberg-loewensaal-nuernberg-29-12-2025-15.jpg&amp;h=230&amp;q=90&amp;f=.jpg\" alt=\"\" width=\"345\" height=\"230\" \/><\/a><\/li><li><a href=\"https:\/\/tierra-de-oz.net\/wordpress\/wp-content\/gallery\/wuestenberg\/wuestenberg-loewensaal-nuernberg-29-12-2025-16.jpg\"><img src=\"https:\/\/tierra-de-oz.net\/wordpress\/wp-content\/plugins\/justified-image-grid\/timthumb.php?src=https%3A%2F%2Ftierra-de-oz.net%2Fwordpress%2Fwp-content%2Fgallery%2Fwuestenberg%2Fwuestenberg-loewensaal-nuernberg-29-12-2025-16.jpg&amp;h=230&amp;q=90&amp;f=.jpg\" alt=\"\" width=\"345\" height=\"230\" \/><\/a><\/li><li><a href=\"https:\/\/tierra-de-oz.net\/wordpress\/wp-content\/gallery\/wuestenberg\/wuestenberg-loewensaal-nuernberg-29-12-2025-17.jpg\"><img src=\"https:\/\/tierra-de-oz.net\/wordpress\/wp-content\/plugins\/justified-image-grid\/timthumb.php?src=https%3A%2F%2Ftierra-de-oz.net%2Fwordpress%2Fwp-content%2Fgallery%2Fwuestenberg%2Fwuestenberg-loewensaal-nuernberg-29-12-2025-17.jpg&amp;h=230&amp;q=90&amp;f=.jpg\" alt=\"\" width=\"345\" height=\"230\" \/><\/a><\/li><li><a href=\"https:\/\/tierra-de-oz.net\/wordpress\/wp-content\/gallery\/wuestenberg\/wuestenberg-loewensaal-nuernberg-29-12-2025-18.jpg\"><img src=\"https:\/\/tierra-de-oz.net\/wordpress\/wp-content\/plugins\/justified-image-grid\/timthumb.php?src=https%3A%2F%2Ftierra-de-oz.net%2Fwordpress%2Fwp-content%2Fgallery%2Fwuestenberg%2Fwuestenberg-loewensaal-nuernberg-29-12-2025-18.jpg&amp;h=230&amp;q=90&amp;f=.jpg\" alt=\"\" width=\"345\" height=\"230\" \/><\/a><\/li><li><a href=\"https:\/\/tierra-de-oz.net\/wordpress\/wp-content\/gallery\/wuestenberg\/wuestenberg-loewensaal-nuernberg-29-12-2025-19.jpg\"><img src=\"https:\/\/tierra-de-oz.net\/wordpress\/wp-content\/plugins\/justified-image-grid\/timthumb.php?src=https%3A%2F%2Ftierra-de-oz.net%2Fwordpress%2Fwp-content%2Fgallery%2Fwuestenberg%2Fwuestenberg-loewensaal-nuernberg-29-12-2025-19.jpg&amp;h=230&amp;q=90&amp;f=.jpg\" alt=\"\" width=\"345\" height=\"230\" \/><\/a><\/li><li><a href=\"https:\/\/tierra-de-oz.net\/wordpress\/wp-content\/gallery\/wuestenberg\/wuestenberg-loewensaal-nuernberg-29-12-2025-20.jpg\"><img src=\"https:\/\/tierra-de-oz.net\/wordpress\/wp-content\/plugins\/justified-image-grid\/timthumb.php?src=https%3A%2F%2Ftierra-de-oz.net%2Fwordpress%2Fwp-content%2Fgallery%2Fwuestenberg%2Fwuestenberg-loewensaal-nuernberg-29-12-2025-20.jpg&amp;h=230&amp;q=90&amp;f=.jpg\" alt=\"\" width=\"345\" height=\"230\" \/><\/a><\/li><li><a href=\"https:\/\/tierra-de-oz.net\/wordpress\/wp-content\/gallery\/wuestenberg\/wuestenberg-loewensaal-nuernberg-29-12-2025-21.jpg\"><img src=\"https:\/\/tierra-de-oz.net\/wordpress\/wp-content\/plugins\/justified-image-grid\/timthumb.php?src=https%3A%2F%2Ftierra-de-oz.net%2Fwordpress%2Fwp-content%2Fgallery%2Fwuestenberg%2Fwuestenberg-loewensaal-nuernberg-29-12-2025-21.jpg&amp;h=230&amp;q=90&amp;f=.jpg\" alt=\"\" width=\"345\" height=\"230\" \/><\/a><\/li><li><a href=\"https:\/\/tierra-de-oz.net\/wordpress\/wp-content\/gallery\/wuestenberg\/wuestenberg-loewensaal-nuernberg-29-12-2025-22.jpg\"><img src=\"https:\/\/tierra-de-oz.net\/wordpress\/wp-content\/plugins\/justified-image-grid\/timthumb.php?src=https%3A%2F%2Ftierra-de-oz.net%2Fwordpress%2Fwp-content%2Fgallery%2Fwuestenberg%2Fwuestenberg-loewensaal-nuernberg-29-12-2025-22.jpg&amp;h=230&amp;q=90&amp;f=.jpg\" alt=\"\" width=\"345\" height=\"230\" \/><\/a><\/li><li><a href=\"https:\/\/tierra-de-oz.net\/wordpress\/wp-content\/gallery\/wuestenberg\/wuestenberg-loewensaal-nuernberg-29-12-2025-23.jpg\"><img src=\"https:\/\/tierra-de-oz.net\/wordpress\/wp-content\/plugins\/justified-image-grid\/timthumb.php?src=https%3A%2F%2Ftierra-de-oz.net%2Fwordpress%2Fwp-content%2Fgallery%2Fwuestenberg%2Fwuestenberg-loewensaal-nuernberg-29-12-2025-23.jpg&amp;h=230&amp;q=90&amp;f=.jpg\" alt=\"\" width=\"345\" height=\"230\" \/><\/a><\/li><li><a href=\"https:\/\/tierra-de-oz.net\/wordpress\/wp-content\/gallery\/wuestenberg\/wuestenberg-loewensaal-nuernberg-29-12-2025-24.jpg\"><img src=\"https:\/\/tierra-de-oz.net\/wordpress\/wp-content\/plugins\/justified-image-grid\/timthumb.php?src=https%3A%2F%2Ftierra-de-oz.net%2Fwordpress%2Fwp-content%2Fgallery%2Fwuestenberg%2Fwuestenberg-loewensaal-nuernberg-29-12-2025-24.jpg&amp;h=230&amp;q=90&amp;f=.jpg\" alt=\"\" width=\"345\" height=\"230\" \/><\/a><\/li><li><a href=\"https:\/\/tierra-de-oz.net\/wordpress\/wp-content\/gallery\/wuestenberg\/wuestenberg-loewensaal-nuernberg-29-12-2025-25.jpg\"><img src=\"https:\/\/tierra-de-oz.net\/wordpress\/wp-content\/plugins\/justified-image-grid\/timthumb.php?src=https%3A%2F%2Ftierra-de-oz.net%2Fwordpress%2Fwp-content%2Fgallery%2Fwuestenberg%2Fwuestenberg-loewensaal-nuernberg-29-12-2025-25.jpg&amp;h=230&amp;q=90&amp;f=.jpg\" alt=\"\" width=\"345\" height=\"230\" \/><\/a><\/li><li><a href=\"https:\/\/tierra-de-oz.net\/wordpress\/wp-content\/gallery\/wuestenberg\/wuestenberg-loewensaal-nuernberg-29-12-2025-26.jpg\"><img src=\"https:\/\/tierra-de-oz.net\/wordpress\/wp-content\/plugins\/justified-image-grid\/timthumb.php?src=https%3A%2F%2Ftierra-de-oz.net%2Fwordpress%2Fwp-content%2Fgallery%2Fwuestenberg%2Fwuestenberg-loewensaal-nuernberg-29-12-2025-26.jpg&amp;h=230&amp;q=90&amp;f=.jpg\" alt=\"\" width=\"345\" height=\"230\" \/><\/a><\/li><li><a href=\"https:\/\/tierra-de-oz.net\/wordpress\/wp-content\/gallery\/wuestenberg\/wuestenberg-loewensaal-nuernberg-29-12-2025-27.jpg\"><img src=\"https:\/\/tierra-de-oz.net\/wordpress\/wp-content\/plugins\/justified-image-grid\/timthumb.php?src=https%3A%2F%2Ftierra-de-oz.net%2Fwordpress%2Fwp-content%2Fgallery%2Fwuestenberg%2Fwuestenberg-loewensaal-nuernberg-29-12-2025-27.jpg&amp;h=230&amp;q=90&amp;f=.jpg\" alt=\"\" width=\"345\" height=\"230\" \/><\/a><\/li><li><a href=\"https:\/\/tierra-de-oz.net\/wordpress\/wp-content\/gallery\/wuestenberg\/wuestenberg-loewensaal-nuernberg-29-12-2025-28.jpg\"><img src=\"https:\/\/tierra-de-oz.net\/wordpress\/wp-content\/plugins\/justified-image-grid\/timthumb.php?src=https%3A%2F%2Ftierra-de-oz.net%2Fwordpress%2Fwp-content%2Fgallery%2Fwuestenberg%2Fwuestenberg-loewensaal-nuernberg-29-12-2025-28.jpg&amp;h=230&amp;q=90&amp;f=.jpg\" alt=\"\" width=\"345\" height=\"230\" \/><\/a><\/li><li><a href=\"https:\/\/tierra-de-oz.net\/wordpress\/wp-content\/gallery\/wuestenberg\/wuestenberg-loewensaal-nuernberg-29-12-2025-29.jpg\"><img src=\"https:\/\/tierra-de-oz.net\/wordpress\/wp-content\/plugins\/justified-image-grid\/timthumb.php?src=https%3A%2F%2Ftierra-de-oz.net%2Fwordpress%2Fwp-content%2Fgallery%2Fwuestenberg%2Fwuestenberg-loewensaal-nuernberg-29-12-2025-29.jpg&amp;h=230&amp;q=90&amp;f=.jpg\" alt=\"\" width=\"345\" height=\"230\" \/><\/a><\/li><li><a href=\"https:\/\/tierra-de-oz.net\/wordpress\/wp-content\/gallery\/wuestenberg\/wuestenberg-loewensaal-nuernberg-29-12-2025-30.jpg\"><img src=\"https:\/\/tierra-de-oz.net\/wordpress\/wp-content\/plugins\/justified-image-grid\/timthumb.php?src=https%3A%2F%2Ftierra-de-oz.net%2Fwordpress%2Fwp-content%2Fgallery%2Fwuestenberg%2Fwuestenberg-loewensaal-nuernberg-29-12-2025-30.jpg&amp;h=230&amp;q=90&amp;f=.jpg\" alt=\"\" width=\"345\" height=\"230\" \/><\/a><\/li><li><a href=\"https:\/\/tierra-de-oz.net\/wordpress\/wp-content\/gallery\/wuestenberg\/wuestenberg-loewensaal-nuernberg-29-12-2025-31.jpg\"><img src=\"https:\/\/tierra-de-oz.net\/wordpress\/wp-content\/plugins\/justified-image-grid\/timthumb.php?src=https%3A%2F%2Ftierra-de-oz.net%2Fwordpress%2Fwp-content%2Fgallery%2Fwuestenberg%2Fwuestenberg-loewensaal-nuernberg-29-12-2025-31.jpg&amp;h=230&amp;q=90&amp;f=.jpg\" alt=\"\" width=\"345\" height=\"230\" \/><\/a><\/li><li><a href=\"https:\/\/tierra-de-oz.net\/wordpress\/wp-content\/gallery\/wuestenberg\/wuestenberg-loewensaal-nuernberg-29-12-2025-32.jpg\"><img src=\"https:\/\/tierra-de-oz.net\/wordpress\/wp-content\/plugins\/justified-image-grid\/timthumb.php?src=https%3A%2F%2Ftierra-de-oz.net%2Fwordpress%2Fwp-content%2Fgallery%2Fwuestenberg%2Fwuestenberg-loewensaal-nuernberg-29-12-2025-32.jpg&amp;h=230&amp;q=90&amp;f=.jpg\" alt=\"\" width=\"345\" height=\"230\" \/><\/a><\/li><li><a href=\"https:\/\/tierra-de-oz.net\/wordpress\/wp-content\/gallery\/wuestenberg\/wuestenberg-loewensaal-nuernberg-29-12-2025-33.jpg\"><img src=\"https:\/\/tierra-de-oz.net\/wordpress\/wp-content\/plugins\/justified-image-grid\/timthumb.php?src=https%3A%2F%2Ftierra-de-oz.net%2Fwordpress%2Fwp-content%2Fgallery%2Fwuestenberg%2Fwuestenberg-loewensaal-nuernberg-29-12-2025-33.jpg&amp;h=230&amp;q=90&amp;f=.jpg\" alt=\"\" width=\"345\" height=\"230\" \/><\/a><\/li><li><a href=\"https:\/\/tierra-de-oz.net\/wordpress\/wp-content\/gallery\/wuestenberg\/wuestenberg-loewensaal-nuernberg-29-12-2025-34.jpg\"><img src=\"https:\/\/tierra-de-oz.net\/wordpress\/wp-content\/plugins\/justified-image-grid\/timthumb.php?src=https%3A%2F%2Ftierra-de-oz.net%2Fwordpress%2Fwp-content%2Fgallery%2Fwuestenberg%2Fwuestenberg-loewensaal-nuernberg-29-12-2025-34.jpg&amp;h=230&amp;q=90&amp;f=.jpg\" alt=\"\" width=\"345\" height=\"230\" \/><\/a><\/li><li><a href=\"https:\/\/tierra-de-oz.net\/wordpress\/wp-content\/gallery\/wuestenberg\/wuestenberg-loewensaal-nuernberg-29-12-2025-35.jpg\"><img src=\"https:\/\/tierra-de-oz.net\/wordpress\/wp-content\/plugins\/justified-image-grid\/timthumb.php?src=https%3A%2F%2Ftierra-de-oz.net%2Fwordpress%2Fwp-content%2Fgallery%2Fwuestenberg%2Fwuestenberg-loewensaal-nuernberg-29-12-2025-35.jpg&amp;h=230&amp;q=90&amp;f=.jpg\" alt=\"\" width=\"345\" height=\"230\" \/><\/a><\/li><li><a href=\"https:\/\/tierra-de-oz.net\/wordpress\/wp-content\/gallery\/wuestenberg\/wuestenberg-loewensaal-nuernberg-29-12-2025-36.jpg\"><img src=\"https:\/\/tierra-de-oz.net\/wordpress\/wp-content\/plugins\/justified-image-grid\/timthumb.php?src=https%3A%2F%2Ftierra-de-oz.net%2Fwordpress%2Fwp-content%2Fgallery%2Fwuestenberg%2Fwuestenberg-loewensaal-nuernberg-29-12-2025-36.jpg&amp;h=230&amp;q=90&amp;f=.jpg\" alt=\"\" width=\"345\" height=\"230\" \/><\/a><\/li><\/ul><\/noscript><\/div>\n<p><a href=\"https:\/\/tierra-de-oz.net\/wordpress\/wustenberg-fiddlers-green-lowensaal-nurnberg-29-12-2025\/\">back<\/a><\/p>\n","protected":false},"excerpt":{"rendered":"<p>W&uuml;stenberg live on stage at L&ouml;wensaal N&uuml;rnberg, December 29th 2025 back<\/p>\n","protected":false},"author":1,"featured_media":14272,"parent":0,"menu_order":0,"comment_status":"closed","ping_status":"closed","template":"","meta":{"footnotes":""},"tags":[549,2118],"class_list":["post-14271","page","type-page","status-publish","has-post-thumbnail","hentry","tag-lowensaal-nurnberg","tag-wustenberg"],"_links":{"self":[{"href":"https:\/\/tierra-de-oz.net\/wordpress\/wp-json\/wp\/v2\/pages\/14271","targetHints":{"allow":["GET"]}}],"collection":[{"href":"https:\/\/tierra-de-oz.net\/wordpress\/wp-json\/wp\/v2\/pages"}],"about":[{"href":"https:\/\/tierra-de-oz.net\/wordpress\/wp-json\/wp\/v2\/types\/page"}],"author":[{"embeddable":true,"href":"https:\/\/tierra-de-oz.net\/wordpress\/wp-json\/wp\/v2\/users\/1"}],"replies":[{"embeddable":true,"href":"https:\/\/tierra-de-oz.net\/wordpress\/wp-json\/wp\/v2\/comments?post=14271"}],"version-history":[{"count":1,"href":"https:\/\/tierra-de-oz.net\/wordpress\/wp-json\/wp\/v2\/pages\/14271\/revisions"}],"predecessor-version":[{"id":14273,"href":"https:\/\/tierra-de-oz.net\/wordpress\/wp-json\/wp\/v2\/pages\/14271\/revisions\/14273"}],"wp:featuredmedia":[{"embeddable":true,"href":"https:\/\/tierra-de-oz.net\/wordpress\/wp-json\/wp\/v2\/media\/14272"}],"wp:attachment":[{"href":"https:\/\/tierra-de-oz.net\/wordpress\/wp-json\/wp\/v2\/media?parent=14271"}],"wp:term":[{"taxonomy":"post_tag","embeddable":true,"href":"https:\/\/tierra-de-oz.net\/wordpress\/wp-json\/wp\/v2\/tags?post=14271"}],"curies":[{"name":"wp","href":"https:\/\/api.w.org\/{rel}","templated":true}]}}