{"id":14269,"date":"2025-12-30T21:42:34","date_gmt":"2025-12-30T20:42:34","guid":{"rendered":"https:\/\/tierra-de-oz.net\/wordpress\/?page_id=14269"},"modified":"2025-12-30T21:45:17","modified_gmt":"2025-12-30T20:45:17","slug":"wustenberg-fiddlers-green-lowensaal-nurnberg-29-12-2025","status":"publish","type":"page","link":"https:\/\/tierra-de-oz.net\/wordpress\/wustenberg-fiddlers-green-lowensaal-nurnberg-29-12-2025\/","title":{"rendered":"W\u00fcstenberg &#038; Fiddler&#8217;s Green @ L\u00f6wensaal, N\u00fcrnberg 29.12.2025"},"content":{"rendered":"<div class=\"associated-posts thumbnail-title\"><div class=\"associated-post\"><div class=\"thumb-frame\"><a href=\"https:\/\/tierra-de-oz.net\/wordpress\/wustenberg-29-12-2025\/\" title=\"W\u00fcstenberg &#8211; 29.12.2025\"><img src=\"https:\/\/tierra-de-oz.net\/wordpress\/wp-content\/uploads\/2025\/12\/Wuestenberg-Loewensaal-Nuernberg-29-12-2025-01-150x150.jpg\" width=\"150\" height=\"150\" alt=\"W\u00fcstenberg &#8211; 29.12.2025\" title=\"W\u00fcstenberg &#8211; 29.12.2025\" class=\"thumb post-preview-image\"><\/a><div class=\"post-title\"><a href=\"https:\/\/tierra-de-oz.net\/wordpress\/wustenberg-29-12-2025\/\" title=\"W\u00fcstenberg &#8211; 29.12.2025\" style=\"max-width:150px\"> W\u00fcstenberg &#8211; 29.12.2025 <\/a><\/div><\/div><\/div><div class=\"associated-post\"><div class=\"thumb-frame\"><a href=\"https:\/\/tierra-de-oz.net\/wordpress\/fiddlers-green-29-12-2025\/\" title=\"Fiddler&#8217;s Green &#8211; 29.12.2025\"><img src=\"https:\/\/tierra-de-oz.net\/wordpress\/wp-content\/uploads\/2025\/12\/Fiddlers-Green-Loewensaal-Nuernberg-29-12-2025-01-150x150.jpg\" width=\"150\" height=\"150\" alt=\"Fiddler&#8217;s Green &#8211; 29.12.2025\" title=\"Fiddler&#8217;s Green &#8211; 29.12.2025\" class=\"thumb post-preview-image\"><\/a><div class=\"post-title\"><a href=\"https:\/\/tierra-de-oz.net\/wordpress\/fiddlers-green-29-12-2025\/\" title=\"Fiddler&#8217;s Green &#8211; 29.12.2025\" style=\"max-width:150px\"> Fiddler&#8217;s Green &#8211; 29.12.2025 <\/a><\/div><\/div><\/div><\/div>\n<p><a href=\"https:\/\/tierra-de-oz.net\/wordpress\/2025-2\/\">back<\/a><\/p>\n","protected":false},"excerpt":{"rendered":"<p>W&uuml;stenberg &ndash; 29.12.2025 Fiddler&rsquo;s Green &ndash; 29.12.2025 back<\/p>\n","protected":false},"author":1,"featured_media":0,"parent":0,"menu_order":0,"comment_status":"closed","ping_status":"closed","template":"","meta":{"footnotes":""},"tags":[935,549,2118],"class_list":["post-14269","page","type-page","status-publish","hentry","tag-fiddlers-green","tag-lowensaal-nurnberg","tag-wustenberg"],"_links":{"self":[{"href":"https:\/\/tierra-de-oz.net\/wordpress\/wp-json\/wp\/v2\/pages\/14269","targetHints":{"allow":["GET"]}}],"collection":[{"href":"https:\/\/tierra-de-oz.net\/wordpress\/wp-json\/wp\/v2\/pages"}],"about":[{"href":"https:\/\/tierra-de-oz.net\/wordpress\/wp-json\/wp\/v2\/types\/page"}],"author":[{"embeddable":true,"href":"https:\/\/tierra-de-oz.net\/wordpress\/wp-json\/wp\/v2\/users\/1"}],"replies":[{"embeddable":true,"href":"https:\/\/tierra-de-oz.net\/wordpress\/wp-json\/wp\/v2\/comments?post=14269"}],"version-history":[{"count":1,"href":"https:\/\/tierra-de-oz.net\/wordpress\/wp-json\/wp\/v2\/pages\/14269\/revisions"}],"predecessor-version":[{"id":14270,"href":"https:\/\/tierra-de-oz.net\/wordpress\/wp-json\/wp\/v2\/pages\/14269\/revisions\/14270"}],"wp:attachment":[{"href":"https:\/\/tierra-de-oz.net\/wordpress\/wp-json\/wp\/v2\/media?parent=14269"}],"wp:term":[{"taxonomy":"post_tag","embeddable":true,"href":"https:\/\/tierra-de-oz.net\/wordpress\/wp-json\/wp\/v2\/tags?post=14269"}],"curies":[{"name":"wp","href":"https:\/\/api.w.org\/{rel}","templated":true}]}}