{"id":14240,"date":"2025-12-20T21:37:46","date_gmt":"2025-12-20T20:37:46","guid":{"rendered":"https:\/\/tierra-de-oz.net\/wordpress\/?page_id=14240"},"modified":"2025-12-20T21:42:02","modified_gmt":"2025-12-20T20:42:02","slug":"angstskrig-mork-gryning-and-oceans-backstage-munchen-17-12-2025","status":"publish","type":"page","link":"https:\/\/tierra-de-oz.net\/wordpress\/angstskrig-mork-gryning-and-oceans-backstage-munchen-17-12-2025\/","title":{"rendered":"Angstskr\u00edg, M\u00f6rk Gryning &#038; &#8230;and Oceans @ Backstage, M\u00fcnchen 17.12.2025"},"content":{"rendered":"<div class=\"associated-posts thumbnail-title\"><div class=\"associated-post\"><div class=\"thumb-frame\"><a href=\"https:\/\/tierra-de-oz.net\/wordpress\/angstskrig-17-12-2025\/\" title=\"Angstskr\u00edg &#8211; 17.12.2025\"><img src=\"https:\/\/tierra-de-oz.net\/wordpress\/wp-content\/uploads\/2025\/12\/Angstskrig-Backstage-Muenchen-17-12-2025-25-150x150.jpg\" width=\"150\" height=\"150\" alt=\"Angstskr\u00edg &#8211; 17.12.2025\" title=\"Angstskr\u00edg &#8211; 17.12.2025\" class=\"thumb post-preview-image\"><\/a><div class=\"post-title\"><a href=\"https:\/\/tierra-de-oz.net\/wordpress\/angstskrig-17-12-2025\/\" title=\"Angstskr\u00edg &#8211; 17.12.2025\" style=\"max-width:150px\"> Angstskr\u00edg &#8211; 17.12.2025 <\/a><\/div><\/div><\/div><div class=\"associated-post\"><div class=\"thumb-frame\"><a href=\"https:\/\/tierra-de-oz.net\/wordpress\/mork-gryning-17-12-2025\/\" title=\"M\u00f6rk Gryning &#8211; 17.12.2025\"><img src=\"https:\/\/tierra-de-oz.net\/wordpress\/wp-content\/uploads\/2025\/12\/Mork-Gryning-Backstage-Muenchen-17-12-2025-01-150x150.jpg\" width=\"150\" height=\"150\" alt=\"M\u00f6rk Gryning &#8211; 17.12.2025\" title=\"M\u00f6rk Gryning &#8211; 17.12.2025\" class=\"thumb post-preview-image\"><\/a><div class=\"post-title\"><a href=\"https:\/\/tierra-de-oz.net\/wordpress\/mork-gryning-17-12-2025\/\" title=\"M\u00f6rk Gryning &#8211; 17.12.2025\" style=\"max-width:150px\"> M\u00f6rk Gryning &#8211; 17.12.2025 <\/a><\/div><\/div><\/div><div class=\"associated-post\"><div class=\"thumb-frame\"><a href=\"https:\/\/tierra-de-oz.net\/wordpress\/and-oceans-17-12-2025\/\" title=\"&#8230;and Oceans &#8211; 17.12.2025\"><img src=\"https:\/\/tierra-de-oz.net\/wordpress\/wp-content\/uploads\/2025\/12\/And-Oceans-Backstage-Muenchen-17-12-2025-01-150x150.jpg\" width=\"150\" height=\"150\" alt=\"&#8230;and Oceans &#8211; 17.12.2025\" title=\"&#8230;and Oceans &#8211; 17.12.2025\" class=\"thumb post-preview-image\"><\/a><div class=\"post-title\"><a href=\"https:\/\/tierra-de-oz.net\/wordpress\/and-oceans-17-12-2025\/\" title=\"&#8230;and Oceans &#8211; 17.12.2025\" style=\"max-width:150px\"> &#8230;and Oceans &#8211; 17.12.2025 <\/a><\/div><\/div><\/div><\/div>\n<p><a href=\"https:\/\/tierra-de-oz.net\/wordpress\/2025-2\/\">back<\/a><\/p>\n","protected":false},"excerpt":{"rendered":"<p>Angstskr&iacute;g &ndash; 17.12.2025 M&ouml;rk Gryning &ndash; 17.12.2025 &hellip;and Oceans &ndash; 17.12.2025 back<\/p>\n","protected":false},"author":1,"featured_media":0,"parent":0,"menu_order":0,"comment_status":"closed","ping_status":"closed","template":"","meta":{"footnotes":""},"tags":[2116,2114,135,2115],"class_list":["post-14240","page","type-page","status-publish","hentry","tag-and-oceans","tag-angstskrig","tag-backstage-munchen","tag-mork-gryning"],"_links":{"self":[{"href":"https:\/\/tierra-de-oz.net\/wordpress\/wp-json\/wp\/v2\/pages\/14240","targetHints":{"allow":["GET"]}}],"collection":[{"href":"https:\/\/tierra-de-oz.net\/wordpress\/wp-json\/wp\/v2\/pages"}],"about":[{"href":"https:\/\/tierra-de-oz.net\/wordpress\/wp-json\/wp\/v2\/types\/page"}],"author":[{"embeddable":true,"href":"https:\/\/tierra-de-oz.net\/wordpress\/wp-json\/wp\/v2\/users\/1"}],"replies":[{"embeddable":true,"href":"https:\/\/tierra-de-oz.net\/wordpress\/wp-json\/wp\/v2\/comments?post=14240"}],"version-history":[{"count":1,"href":"https:\/\/tierra-de-oz.net\/wordpress\/wp-json\/wp\/v2\/pages\/14240\/revisions"}],"predecessor-version":[{"id":14241,"href":"https:\/\/tierra-de-oz.net\/wordpress\/wp-json\/wp\/v2\/pages\/14240\/revisions\/14241"}],"wp:attachment":[{"href":"https:\/\/tierra-de-oz.net\/wordpress\/wp-json\/wp\/v2\/media?parent=14240"}],"wp:term":[{"taxonomy":"post_tag","embeddable":true,"href":"https:\/\/tierra-de-oz.net\/wordpress\/wp-json\/wp\/v2\/tags?post=14240"}],"curies":[{"name":"wp","href":"https:\/\/api.w.org\/{rel}","templated":true}]}}