{"id":14043,"date":"2025-10-24T19:28:23","date_gmt":"2025-10-24T18:28:23","guid":{"rendered":"https:\/\/tierra-de-oz.net\/wordpress\/?page_id=14043"},"modified":"2025-10-24T19:30:42","modified_gmt":"2025-10-24T18:30:42","slug":"strom-nestor-lowensaal-nurnberg-20-10-2025","status":"publish","type":"page","link":"https:\/\/tierra-de-oz.net\/wordpress\/strom-nestor-lowensaal-nurnberg-20-10-2025\/","title":{"rendered":"Str\u00f6m &#038; Nestor @ L\u00f6wensaal, N\u00fcrnberg 20.10.2025"},"content":{"rendered":"<div class=\"associated-posts thumbnail-title\"><div class=\"associated-post\"><div class=\"thumb-frame\"><a href=\"https:\/\/tierra-de-oz.net\/wordpress\/strom-20-10-2025\/\" title=\"Str\u00f6m &#8211; 20.10.2025\"><img src=\"https:\/\/tierra-de-oz.net\/wordpress\/wp-content\/uploads\/2025\/10\/Stroem-Loewensaal-Nuernberg-20-10-2025-01-150x150.jpg\" width=\"150\" height=\"150\" alt=\"Str\u00f6m &#8211; 20.10.2025\" title=\"Str\u00f6m &#8211; 20.10.2025\" class=\"thumb post-preview-image\"><\/a><div class=\"post-title\"><a href=\"https:\/\/tierra-de-oz.net\/wordpress\/strom-20-10-2025\/\" title=\"Str\u00f6m &#8211; 20.10.2025\" style=\"max-width:150px\"> Str\u00f6m &#8211; 20.10.2025 <\/a><\/div><\/div><\/div><div class=\"associated-post\"><div class=\"thumb-frame\"><a href=\"https:\/\/tierra-de-oz.net\/wordpress\/nestor-20-10-2025\/\" title=\"Nestor &#8211; 20.10.2025\"><img src=\"https:\/\/tierra-de-oz.net\/wordpress\/wp-content\/uploads\/2025\/10\/Nestor-Loewensaal-Nuernberg-20-10-2025-01-150x150.jpg\" width=\"150\" height=\"150\" alt=\"Nestor &#8211; 20.10.2025\" title=\"Nestor &#8211; 20.10.2025\" class=\"thumb post-preview-image\"><\/a><div class=\"post-title\"><a href=\"https:\/\/tierra-de-oz.net\/wordpress\/nestor-20-10-2025\/\" title=\"Nestor &#8211; 20.10.2025\" style=\"max-width:150px\"> Nestor &#8211; 20.10.2025 <\/a><\/div><\/div><\/div><\/div>\n<p><a href=\"https:\/\/tierra-de-oz.net\/wordpress\/2025-2\/\">back<\/a><\/p>\n","protected":false},"excerpt":{"rendered":"<p>Str&ouml;m &ndash; 20.10.2025 Nestor &ndash; 20.10.2025 back<\/p>\n","protected":false},"author":1,"featured_media":0,"parent":0,"menu_order":0,"comment_status":"closed","ping_status":"closed","template":"","meta":{"footnotes":""},"tags":[549,1982,2098],"class_list":["post-14043","page","type-page","status-publish","hentry","tag-lowensaal-nurnberg","tag-nestor","tag-strom"],"_links":{"self":[{"href":"https:\/\/tierra-de-oz.net\/wordpress\/wp-json\/wp\/v2\/pages\/14043","targetHints":{"allow":["GET"]}}],"collection":[{"href":"https:\/\/tierra-de-oz.net\/wordpress\/wp-json\/wp\/v2\/pages"}],"about":[{"href":"https:\/\/tierra-de-oz.net\/wordpress\/wp-json\/wp\/v2\/types\/page"}],"author":[{"embeddable":true,"href":"https:\/\/tierra-de-oz.net\/wordpress\/wp-json\/wp\/v2\/users\/1"}],"replies":[{"embeddable":true,"href":"https:\/\/tierra-de-oz.net\/wordpress\/wp-json\/wp\/v2\/comments?post=14043"}],"version-history":[{"count":1,"href":"https:\/\/tierra-de-oz.net\/wordpress\/wp-json\/wp\/v2\/pages\/14043\/revisions"}],"predecessor-version":[{"id":14044,"href":"https:\/\/tierra-de-oz.net\/wordpress\/wp-json\/wp\/v2\/pages\/14043\/revisions\/14044"}],"wp:attachment":[{"href":"https:\/\/tierra-de-oz.net\/wordpress\/wp-json\/wp\/v2\/media?parent=14043"}],"wp:term":[{"taxonomy":"post_tag","embeddable":true,"href":"https:\/\/tierra-de-oz.net\/wordpress\/wp-json\/wp\/v2\/tags?post=14043"}],"curies":[{"name":"wp","href":"https:\/\/api.w.org\/{rel}","templated":true}]}}