{"id":12862,"date":"2025-01-05T00:37:04","date_gmt":"2025-01-04T23:37:04","guid":{"rendered":"https:\/\/tierra-de-oz.net\/wordpress\/?page_id=12862"},"modified":"2026-01-01T19:48:10","modified_gmt":"2026-01-01T18:48:10","slug":"2025-2","status":"publish","type":"page","link":"https:\/\/tierra-de-oz.net\/wordpress\/2025-2\/","title":{"rendered":"2025"},"content":{"rendered":"<div class=\"associated-posts thumbnail-title\"><\/div>\n<p><a href=\"https:\/\/tierra-de-oz.net\/wordpress\/purple-rising-dio-alive-hirsch-nurnberg-2-1-2025\/\">Purple Rising &amp; Dio Alive @ Hirsch, N\u00fcrnberg 2.1.2025<\/a><br \/>\n<a href=\"https:\/\/tierra-de-oz.net\/wordpress\/nephylim-thulcandra-sacramentum-z-bau-nurnberg-7-1-2025\/\">Nephylim, Thulcandra &amp; Sacramentum @ Z-Bau, N\u00fcrnberg 7.1.2025<\/a><br \/>\n<a href=\"https:\/\/tierra-de-oz.net\/wordpress\/dr-woos-rocknroll-circus-hirsch-nurnberg-24-1-2025\/\">Dr. Woo&#8217;s Rock&#8217;N&#8217;Roll Circus @ Hirsch, N\u00fcrnberg 24.1.2025<\/a><br \/>\n<a href=\"https:\/\/tierra-de-oz.net\/wordpress\/battlecreek-dust-bolt-power-trip-z-bau-nurnberg-29-1-2025\/\">Battlecreek, Dust Bolt &amp; Power Trip @ Z-Bau, N\u00fcrnberg 29.1.2025<\/a><br \/>\n<a href=\"https:\/\/tierra-de-oz.net\/wordpress\/warwolf-victory-grave-digger-hirsch-nurnberg-31-1-2025\/\">WarWolf, Victory &amp; Grave Digger @ Hirsch, N\u00fcrnberg 31.1.2025<\/a><br \/>\n<a href=\"https:\/\/tierra-de-oz.net\/wordpress\/night-of-freestyle-arena-nurnberg-8-2-2025\/\">Night Of Freestyle @ Arena, N\u00fcrnberg 8.2.2025<\/a><br \/>\n<a href=\"https:\/\/tierra-de-oz.net\/wordpress\/brat-full-of-hell-crowbar-napalm-death-lowensaal-nurnberg-15-2-2025\/\">Brat, Full Of Hell, Crowbar &amp; Napalm Death @ L\u00f6wensaal, N\u00fcrnberg 15.2.2025<\/a><br \/>\n<a href=\"https:\/\/tierra-de-oz.net\/wordpress\/metalite-the-night-flight-orchestra-hirsch-nurnberg-20-2-2025\/\">Metalite &amp; The Night Flight Orchestra @ Hirsch, N\u00fcrnberg 20.2.2025<\/a><br \/>\n<a href=\"https:\/\/tierra-de-oz.net\/wordpress\/vulvarine-cobra-spell-thundermother-hirsch-nurnberg-23-2-2025\/\">Vulvarine, Cobra Spell &amp; Thundermother @ Hirsch, N\u00fcrnberg 23.2.2025<\/a><br \/>\n<a href=\"https:\/\/tierra-de-oz.net\/wordpress\/livgone-tribulation-vaz-burglengenfeld-28-2-2025\/\">Livgone &amp; Tribulation @ VAZ, Burglengenfeld 28.2.2025<\/a><br \/>\n<a href=\"https:\/\/tierra-de-oz.net\/wordpress\/kilmara-nanowar-of-steel-dynazty-hirsch-nurnberg-2-3-2025\/\">Kilmara, Nanowar Of Steel &amp; Dynazty @ Hirsch, N\u00fcrnberg 2.3.2025<\/a><br \/>\n<a href=\"https:\/\/tierra-de-oz.net\/wordpress\/blood-command-bad-cop-bad-cop-the-baboon-show-lowensaal-nurnberg-6-3-2025\/\">Blood Command, Bad Cop\/Bad Cop &amp; The Baboon Show @ L\u00f6wensaal, N\u00fcrnberg 6.3.2025<\/a><br \/>\n<a href=\"https:\/\/tierra-de-oz.net\/wordpress\/rock-for-one-world-2025-komma-esslingen-8-3-2025\/\">Rock for one World 2025 @ Komma, Esslingen 8.3.2025<\/a><br \/>\n<a href=\"https:\/\/tierra-de-oz.net\/wordpress\/demonic-resurrection-calva-louise-bloodywood-backstage-munchen-12-3-2025\/\">Demonic Resurrection, Calva Louise &amp; Bloodywood @ Backstage, M\u00fcnchen 12.3.2025<\/a><br \/>\n<a href=\"https:\/\/tierra-de-oz.net\/wordpress\/mytallica-hirsch-nurnberg-28-3-2025\/\">My&#8217;tallica @ Hirsch, N\u00fcrnberg 28.3.2025<\/a><br \/>\n<a href=\"https:\/\/tierra-de-oz.net\/wordpress\/night-laser-axel-rudi-pell-hirsch-nurnberg-9-4-2025\/\">Night Laser &amp; Axel Rudi Pell @ Hirsch, N\u00fcrnberg 9.4.2025<\/a><br \/>\n<a href=\"https:\/\/tierra-de-oz.net\/wordpress\/system-of-a-stu-ragetrack-hirsch-nurnberg-11-4-2025\/\">System Of A Stu &amp; Ragetrack @ Hirsch, N\u00fcrnberg 11.4.2025<\/a><br \/>\n<a href=\"https:\/\/tierra-de-oz.net\/wordpress\/rock-meets-classic-arena-nurnberg-12-4-2025\/\">Rock Meets Classic @ Arena, N\u00fcrnberg 12.4.2025<\/a><br \/>\n<a href=\"https:\/\/tierra-de-oz.net\/wordpress\/guts-human-zoo-michael-schenker-group-hirsch-nurnberg-22-4-2025\/\">Gut&#8217;s, Human Zoo &amp; Michael Schenker Group @ Hirsch, N\u00fcrnberg 22.4.2025<\/a><br \/>\n<a href=\"https:\/\/tierra-de-oz.net\/wordpress\/legacy-reborn-skytribe-visionatica-muz-club-nurnberg-25-4-2025\/\">Legacy Reborn, Skytribe &amp; Visionatica @ MUZ-Club, N\u00fcrnberg 25.4.2025<\/a><br \/>\n<a href=\"https:\/\/tierra-de-oz.net\/wordpress\/martin-frank-konzerthalle-bamberg-3-5-2025\/\">Martin Frank @ Konzerthalle, Bamberg 3.5.2025<\/a><br \/>\n<a href=\"https:\/\/tierra-de-oz.net\/wordpress\/pavlovs-dog-hirsch-nurnberg-28-5-2025\/\">Pavlov&#8217;s Dog @ Hirsch, N\u00fcrnberg 28.5.2025<\/a><br \/>\n<a href=\"https:\/\/tierra-de-oz.net\/wordpress\/teeth-of-lamb-battlecreek-rezet-la-cham-29-5-2025\/\">Teeth Of Lamb, Battlecreek &amp; Rezet @ LA, Cham 29.5.2025<\/a><br \/>\n<a href=\"https:\/\/tierra-de-oz.net\/wordpress\/rock-im-park-zeppelinfeld-nurnberg-6-8-6-2025\/\">Rock im Park @ Zeppelinfeld, N\u00fcrnberg 6. \u2013 8.6.2025<\/a><br \/>\n<a href=\"https:\/\/tierra-de-oz.net\/wordpress\/eihwar-the-hu-z-bau-nurnberg-12-6-2025\/\">Eihwar &amp; The Hu @ Z-Bau, N\u00fcrnberg 12.6.2025<\/a><br \/>\n<a href=\"https:\/\/tierra-de-oz.net\/wordpress\/still-counting-hirsch-nurnberg-13-6-2025\/\">Still Counting @ Hirsch, N\u00fcrnberg 13.6.2025<\/a><br \/>\n<a href=\"https:\/\/tierra-de-oz.net\/wordpress\/angel-witch-paradise-lost-king-diamond-mhp-arena-ludwigsburg-14-6-2025\/\">Angel Witch, Paradise Lost &amp; King Diamond @ MHP Arena, Ludwigsburg 14.6.2025<\/a><br \/>\n<a href=\"https:\/\/tierra-de-oz.net\/wordpress\/truck-stop-marktplatz-hallstadt-15-6-2025\/\">Truck Stop @ Marktplatz, Hallstadt 15.6.2025<\/a><br \/>\n<a href=\"https:\/\/tierra-de-oz.net\/wordpress\/induction-savatage-zenith-munchen-19-6-2025\/\">Induction &amp; Savatage @ Zenith, M\u00fcnchen 19.6.2025<\/a><br \/>\n<a href=\"https:\/\/tierra-de-oz.net\/wordpress\/the-treatment-the-dead-daisies-hirsch-nurnberg-23-6-2025\/\">The Treatment &amp; The Dead Daisies @ Hirsch, N\u00fcrnberg 23.6.2025<\/a><br \/>\n<a href=\"https:\/\/tierra-de-oz.net\/wordpress\/battlecreek-sacred-reich-hirsch-nurnberg-25-6-2025\/\">Battlecreek &amp; Sacred Reich @ Hirsch, N\u00fcrnberg 25.6.2025<\/a><br \/>\n<a href=\"https:\/\/tierra-de-oz.net\/wordpress\/save-the-core-stadionpark-open-air-nurnberg-5-7-2025\/\">Save The Core @ Stadionpark Open Air, N\u00fcrnberg 5.7.2025<\/a><br \/>\n<a href=\"https:\/\/tierra-de-oz.net\/wordpress\/dragonforce-hirsch-nurnberg-9-7-2025\/\">Dragonforce @ Hirsch, N\u00fcrnberg 9.7.2025<\/a><br \/>\n<a href=\"https:\/\/tierra-de-oz.net\/wordpress\/vrdrbr-teufelnacht-death-cult-69-z-bau-nurnberg-12-7-2025\/\">Vrdrbr, Teufelnacht &amp; Death Cult 69 @ Z-Bau, N\u00fcrnberg 12.7.2025<\/a><br \/>\n<a href=\"https:\/\/tierra-de-oz.net\/wordpress\/phil-campbell-and-the-bastard-sons-accept-judas-priest-olympiahalle-munchen-13-7-2025\/\">Phil Campbell And The Bastard Sons, Accept &amp; Judas Priest @ Olympiahalle, M\u00fcnchen 13.7.2025<\/a><br \/>\n<a href=\"https:\/\/tierra-de-oz.net\/wordpress\/lieder-am-see-2025\/\">Lieder Am See 2025<\/a><br \/>\n<a href=\"https:\/\/tierra-de-oz.net\/wordpress\/warbringer-rotting-christ-kreator-eventhall-airport-obertraubling-21-7-2025\/\">Warbringer, Rotting Christ &amp; Kreator @ Eventhall Airport, Obertraubling 21.7.2025<\/a><br \/>\n<a href=\"https:\/\/tierra-de-oz.net\/wordpress\/pyraser-classic-rock-night-2025\/\">Pyraser Classic Rock Night 2025<\/a><br \/>\n<a href=\"https:\/\/tierra-de-oz.net\/wordpress\/tag-my-heart-fear-factory-hirsch-nurnberg-31-7-2025\/\">Tag My Heart &amp; Fear Factory @ Hirsch, N\u00fcrnberg 31.7.2025<\/a><br \/>\n<a href=\"https:\/\/tierra-de-oz.net\/wordpress\/summer-breeze-open-air-2025\/\">Summer Breeze Open Air 2025<\/a><br \/>\n<a href=\"https:\/\/tierra-de-oz.net\/wordpress\/sexschweiss-slime-hirsch-nurnberg-12-9-2025\/\">Sexschweiss &amp; Slime @ Hirsch, N\u00fcrnberg 12.9.2025<\/a><br \/>\n<a href=\"https:\/\/tierra-de-oz.net\/wordpress\/johnny-tupolev-schattenmann-die-krupps-hirsch-nurnberg-13-9-2025\/\">Johnny Tupolev, Schattenmann &amp; Die Krupps @ Hirsch, N\u00fcrnberg 13.9.2025<\/a><br \/>\n<a href=\"https:\/\/tierra-de-oz.net\/wordpress\/darker-half-glenn-hughes-hirsch-nurnberg-16-9-2025\/\">Darker Half &amp; Glenn Hughes @ Hirsch, N\u00fcrnberg 16.9.2025<\/a><br \/>\n<a href=\"https:\/\/tierra-de-oz.net\/wordpress\/ivanhoe-vanden-plas-casinosaal-amberg-18-9-2025\/\">Ivanhoe &amp; Vanden Plas @ Casinosaal, Amberg 18.9.2025<\/a><br \/>\n<a href=\"https:\/\/tierra-de-oz.net\/wordpress\/the-amity-affliction-thy-art-is-murder-parkway-drive-olympiahalle-munchen-20-9-2025\/\">The Amity Affliction, Thy Art Is Murder &amp; Parkway Drive @ Olympiahalle, M\u00fcnchen 20.9.2025<\/a><br \/>\n<a href=\"https:\/\/tierra-de-oz.net\/wordpress\/surrender-the-crown-mission-in-black-rage-hirsch-nurnberg-25-9-2025\/\">Surrender The Crown, Mission In Black &amp; Rage @ Hirsch, N\u00fcrnberg 25.9.2025<\/a><br \/>\n<a href=\"https:\/\/tierra-de-oz.net\/wordpress\/blood-white-lordi-lowensaal-nurnberg-27-9-2025\/\">Blood White &amp; Lordi @ L\u00f6wensaal, N\u00fcrnberg 27.9.2025<\/a><br \/>\n<a href=\"https:\/\/tierra-de-oz.net\/wordpress\/wild-heart-tyketto-hirsch-nurnberg-30-9-2025\/\">Wild Heart &amp; Tyketto @ Hirsch, N\u00fcrnberg 30.9.2025<\/a><br \/>\n<a href=\"https:\/\/tierra-de-oz.net\/wordpress\/rpwl-hirsch-nurnberg-1-10-2025\/\">RPWL @ Hirsch, N\u00fcrnberg 1.10.2025<\/a><br \/>\n<a href=\"https:\/\/tierra-de-oz.net\/wordpress\/aurora-fest-2025\/\">Aurora Fest 2025<\/a><br \/>\n<a href=\"https:\/\/tierra-de-oz.net\/wordpress\/ultima-ratio-fest-2025\/\">Ultima Ratio Fest 2025<\/a><br \/>\n<a href=\"https:\/\/tierra-de-oz.net\/wordpress\/midnight-danger-formosa-h-e-a-t-hirsch-nurnberg-13-10-2025\/\">Midnight Danger, Formosa &amp; H.E.A.T @ Hirsch, N\u00fcrnberg 13.10.2025<\/a><br \/>\n<a href=\"https:\/\/tierra-de-oz.net\/wordpress\/just-priest-up-the-irons-hirsch-nurnberg-17-10-2025\/\">Just Priest &amp; Up The Irons @ Hirsch, N\u00fcrnberg 17.10.2025<\/a><br \/>\n<a href=\"https:\/\/tierra-de-oz.net\/wordpress\/strom-nestor-lowensaal-nurnberg-20-10-2025\/\">Str\u00f6m &amp; Nestor @ L\u00f6wensaal, N\u00fcrnberg 20.10.2025<\/a><br \/>\n<a href=\"https:\/\/tierra-de-oz.net\/wordpress\/ronnie-romero-gus-g-hirsch-nurnberg-21-10-2025\/\">Ronnie Romero &amp; Gus G @ Hirsch, N\u00fcrnberg 21.10.2025<\/a><br \/>\n<a href=\"https:\/\/tierra-de-oz.net\/wordpress\/the-night-eternal-year-of-the-goat-posthalle-wurzburg-29-10-2025\/\">The Night Eternal &amp; Year Of The Goat @ Posthalle, W\u00fcrzburg 29.10.2025<\/a><br \/>\n<a href=\"https:\/\/tierra-de-oz.net\/wordpress\/the-69-eyes-d-a-d-lowensaal-nurnberg-4-11-2025\/\">The 69 Eyes &amp; D-A-D @ L\u00f6wensaal, N\u00fcrnberg 4.11.2025<\/a><br \/>\n<a href=\"https:\/\/tierra-de-oz.net\/wordpress\/heavy-pettin-april-wine-uriah-heep-stadthalle-furth-5-11-2025\/\">Heavy Pettin, April Wine &amp; Uriah Heep @ Stadthalle, F\u00fcrth 5.11.2025<\/a><br \/>\n<a href=\"https:\/\/tierra-de-oz.net\/wordpress\/bloodywood-halestorm-zenith-munchen-8-11-2025\/\">Bloodywood &amp; Halestorm @ Zenith, M\u00fcnchen 8.11.2025<\/a><br \/>\n<a href=\"https:\/\/tierra-de-oz.net\/wordpress\/no-pressure-terror-gorilla-biscuits-lowensaal-nurnberg-15-11-2025\/\">No Pressure, Terror &amp; Gorilla Biscuits @ L\u00f6wensaal, N\u00fcrnberg 15.11.2025<\/a><br \/>\n<a href=\"https:\/\/tierra-de-oz.net\/wordpress\/the-legendary-orchestra-sabaton-olympiahalle-munchen-20-11-2025\/\">The Legendary Orchestra &amp; Sabaton @ Olympiahalle, M\u00fcnchen 20.11.2025<\/a><br \/>\n<a href=\"https:\/\/tierra-de-oz.net\/wordpress\/mittelalter-meets-metal-casino-saal-amberg-22-11-2025\/\">Mittelalter Meets Metal @ Casino Saal, Amberg 22.11.2025<\/a><br \/>\n<a href=\"https:\/\/tierra-de-oz.net\/wordpress\/mothers-finest-hirsch-nurnberg-24-11-2025\/\">Mothers Finest @ Hirsch, N\u00fcrnberg 24.11.2025<\/a><br \/>\n<a href=\"https:\/\/tierra-de-oz.net\/wordpress\/reach-eclipse-hirsch-nurnberg-25-11-2025\/\">Reach &amp; Eclipse @ Hirsch, N\u00fcrnberg 25.11.2025<\/a><br \/>\n<a href=\"https:\/\/tierra-de-oz.net\/wordpress\/antikvlt-nornir-the-spirit-groza-eventhall-airport-obertraubling-27-11-2025\/\">Antikvlt, Norn\u00edr, The Spirit &amp; Groza @ Eventhall Airport, Obertraubling 27.11.2025<\/a><br \/>\n<a href=\"https:\/\/tierra-de-oz.net\/wordpress\/majestica-dominum-battle-beast-lowensaal-nurnberg-29-11-2025\/\">Majestica, Dominum &amp; Battle Beast @ L\u00f6wensaal, N\u00fcrnberg 29.11.2025<\/a><br \/>\n<a href=\"https:\/\/tierra-de-oz.net\/wordpress\/flic-flac-x-mas-show-volksfestplatz-nurnberg-15-12-2025\/\">Flic Flac X-Mas-Show @ Volksfestplatz, N\u00fcrnberg 15.12.2025<\/a><br \/>\n<a href=\"https:\/\/tierra-de-oz.net\/wordpress\/angstskrig-mork-gryning-and-oceans-backstage-munchen-17-12-2025\/\">Angstskr\u00edg, M\u00f6rk Gryning &amp; &#8230;and Oceans @ Backstage, M\u00fcnchen 17.12.2025<\/a><br \/>\n<a href=\"https:\/\/tierra-de-oz.net\/wordpress\/holy-mother-doro-lowensaal-nurnberg-21-12-2025\/\">Holy Mother &amp; Doro @ L\u00f6wensaal, N\u00fcrnberg 21.12.2025<\/a><br \/>\n<a href=\"https:\/\/tierra-de-oz.net\/wordpress\/dr-love-stinger-hirsch-nurnberg-27-12-2025\/\">Dr. Love &amp; Stinger @ Hirsch, N\u00fcrnberg 27.12.2025<\/a><br \/>\n<a href=\"https:\/\/tierra-de-oz.net\/wordpress\/motorblast-ozzyfied-hirsch-nurnberg-28-12-2025\/\">Mot\u00f6rblast &amp; Ozzyfied @ Hirsch, N\u00fcrnberg 28.12.2025<\/a><br \/>\n<a href=\"https:\/\/tierra-de-oz.net\/wordpress\/wustenberg-fiddlers-green-lowensaal-nurnberg-29-12-2025\/\">W\u00fcstenberg &amp; Fiddler&#8217;s Green @ L\u00f6wensaal, N\u00fcrnberg 29.12.2025<\/a><\/p>\n<p><a href=\"https:\/\/tierra-de-oz.net\/wordpress\/gallery\/\">back<\/a><\/p>\n","protected":false},"excerpt":{"rendered":"<p>Purple Rising &amp; Dio Alive @ Hirsch, N&uuml;rnberg 2.1.2025 Nephylim, Thulcandra &amp; Sacramentum @ Z-Bau, N&uuml;rnberg 7.1.2025 Dr. Woo&rsquo;s Rock&rsquo;N&rsquo;Roll Circus @<\/p>\n<p class=\"link-more\"><a class=\"myButt \" href=\"https:\/\/tierra-de-oz.net\/wordpress\/2025-2\/\">Read More<\/a><\/p>\n","protected":false},"author":1,"featured_media":0,"parent":0,"menu_order":0,"comment_status":"closed","ping_status":"closed","template":"","meta":{"footnotes":""},"tags":[],"class_list":["post-12862","page","type-page","status-publish","hentry"],"_links":{"self":[{"href":"https:\/\/tierra-de-oz.net\/wordpress\/wp-json\/wp\/v2\/pages\/12862","targetHints":{"allow":["GET"]}}],"collection":[{"href":"https:\/\/tierra-de-oz.net\/wordpress\/wp-json\/wp\/v2\/pages"}],"about":[{"href":"https:\/\/tierra-de-oz.net\/wordpress\/wp-json\/wp\/v2\/types\/page"}],"author":[{"embeddable":true,"href":"https:\/\/tierra-de-oz.net\/wordpress\/wp-json\/wp\/v2\/users\/1"}],"replies":[{"embeddable":true,"href":"https:\/\/tierra-de-oz.net\/wordpress\/wp-json\/wp\/v2\/comments?post=12862"}],"version-history":[{"count":127,"href":"https:\/\/tierra-de-oz.net\/wordpress\/wp-json\/wp\/v2\/pages\/12862\/revisions"}],"predecessor-version":[{"id":14299,"href":"https:\/\/tierra-de-oz.net\/wordpress\/wp-json\/wp\/v2\/pages\/12862\/revisions\/14299"}],"wp:attachment":[{"href":"https:\/\/tierra-de-oz.net\/wordpress\/wp-json\/wp\/v2\/media?parent=12862"}],"wp:term":[{"taxonomy":"post_tag","embeddable":true,"href":"https:\/\/tierra-de-oz.net\/wordpress\/wp-json\/wp\/v2\/tags?post=12862"}],"curies":[{"name":"wp","href":"https:\/\/api.w.org\/{rel}","templated":true}]}}