{"id":1208,"date":"2013-01-03T20:15:32","date_gmt":"2013-01-03T19:15:32","guid":{"rendered":"http:\/\/tierra-de-oz.net\/wordpress\/?page_id=1208"},"modified":"2014-01-08T20:33:15","modified_gmt":"2014-01-08T19:33:15","slug":"2013-2","status":"publish","type":"page","link":"https:\/\/tierra-de-oz.net\/wordpress\/2013-2\/","title":{"rendered":"2013"},"content":{"rendered":"<div class=\"associated-posts thumbnail-title\"><\/div>\n<p><a title=\"Spotlight Brides, 5 Aces &amp; Steel Engraved @ FreYheit, Freyung 5.1.2013\" href=\"https:\/\/tierra-de-oz.net\/wordpress\/?page_id=1282\">Spotlight Brides, 5 Aces &amp; Steel Engraved @ FreYheit, Freyung 5.1.2013<br \/>\n<\/a><a title=\"German Metal Attack \u2013 Gun Barrel, Wizard, Majesty &amp; Grave Digger @ Musichall, Geiselwind 18.1.2013\" href=\"https:\/\/tierra-de-oz.net\/wordpress\/?page_id=1305\">German Metal Attack &#8211; Gun Barrel, Wizard, Majesty &amp; Grave Digger @ Musichall, Geiselwind 18.1.2013<\/a><a title=\"Spotlight Brides, 5 Aces &amp; Steel Engraved @ FreYheit, Freyung 5.1.2013\" href=\"https:\/\/tierra-de-oz.net\/wordpress\/?page_id=1282\"><br \/>\n<\/a><a title=\"Back to the Black Tour 2013 \u2013 Fhobi, Bloodshot Dawn, Bonded by Blood, Aborted &amp; Vater @ Eventhalle Westpark, Ingolstadt 31.1.2013\" href=\"https:\/\/tierra-de-oz.net\/wordpress\/?page_id=1329\">Back to the Black Tour 2013 &#8211; Fhobi, Bloodshot Dawn, Bonded by Blood, Aborted &amp; Vader @ Eventhalle Westpark, Ingolstadt 31.1.2013<\/a><br \/>\n<a title=\"Metal Assault III @ Posthalle, W\u00fcrzburg 2.2.2013\" href=\"https:\/\/tierra-de-oz.net\/wordpress\/?page_id=1762\">Metal Assault III @ Posthalle, W\u00fcrzburg 2.2.2013<\/a><br \/>\n<a title=\"Unzucht &amp; Lord of the Lost @ Hirsch, N\u00fcrnberg 7.2.2013\" href=\"https:\/\/tierra-de-oz.net\/wordpress\/?page_id=1350\">Unzucht &amp; Lord of the Lost @ Hirsch, N\u00fcrnberg 7.2.2013<\/a><br \/>\n<a title=\"Straight off Track &amp; Hard Obsession @ Jack\u2019s Rock Bar, Plattling 8.2.2013\" href=\"https:\/\/tierra-de-oz.net\/wordpress\/?page_id=1361\">Straight off Track &amp; Hard Obsession @ Jack&#8217;s Rock Bar, Plattling 9.2.2013<\/a><br \/>\n<a title=\"Enforcer, Angel Witch &amp; Grand Magus @ Posthalle, W\u00fcrzburg 16.2.2013\" href=\"https:\/\/tierra-de-oz.net\/wordpress\/?page_id=1439\">Enforcer, Angel Witch &amp; Grand Magus @ Posthalle, W\u00fcrzburg 16.2.2013<\/a><br \/>\n<a title=\"Metsat\u00f6ll &amp; Korpiklaani @ Eventhalle Westpark, Ingolstadt 23.2.2013\" href=\"https:\/\/tierra-de-oz.net\/wordpress\/?page_id=1606\">Metsat\u00f6ll &amp; Korpiklaani @ Eventhalle Westpark, Ingolstadt 23.2.2013<\/a><br \/>\n<a title=\"Paganfest @ Posthalle, W\u00fcrzburg 1.3.2013\" href=\"https:\/\/tierra-de-oz.net\/wordpress\/?page_id=1658\">Paganfest @ Posthalle, W\u00fcrzburg 1.3.2013<\/a><br \/>\n<a title=\"Rock for one World @ Komma, Esslingen 2.3.2013\" href=\"https:\/\/tierra-de-oz.net\/wordpress\/?page_id=1628\">Rock for one World @ Komma, Esslingen 2.3.2013<\/a><br \/>\n<a title=\"Rock meets Classic @ Arena, N\u00fcrnberg 9.3.2013\" href=\"https:\/\/tierra-de-oz.net\/wordpress\/?page_id=1685\">Rock meets Classic @ Arena, N\u00fcrnberg 9.3.2013<\/a><br \/>\n<a title=\"An Evening with Joe Bonamassa @ Meistersingerhalle, N\u00fcrnberg 11.3.2013\" href=\"https:\/\/tierra-de-oz.net\/wordpress\/?page_id=1705\">An Evening with Joe Bonamassa @ Meistersingerhalle, N\u00fcrnberg 11.3.2013<\/a><br \/>\n<a title=\"Dark Roots of Earth Tour \u2013 Bleed from Within, Dew Scented &amp; Testament @ Rockfabrik, N\u00fcrnberg 17.3.2013\" href=\"https:\/\/tierra-de-oz.net\/wordpress\/?page_id=1710\">Dark Roots of Earth Tour &#8211; Bleed from Within, Dew Scented &amp; Testament @ Rockfabrik, N\u00fcrnberg 17.3.2013<\/a><br \/>\n<a title=\"Souldrinker, Visions of Atlantis &amp; Serenity @ Komma, W\u00f6rgl 22.3.2013\" href=\"https:\/\/tierra-de-oz.net\/wordpress\/?page_id=1730\">Souldrinker, Visions of Atlantis &amp; Serenity @ Komma, W\u00f6rgl 22.3.2013<\/a><br \/>\n<a title=\"Seven Kingdoms &amp; Amaranthe @ Hirsch, N\u00fcrnberg 27.3.2013\" href=\"https:\/\/tierra-de-oz.net\/wordpress\/?page_id=1746\">Seven Kingdoms &amp; Amaranthe @ Hirsch, N\u00fcrnberg 27.3.2013<\/a><br \/>\n<a title=\"Tour Beast or not Tour Beast 2013 \u2013 Reverse Grip, Tri State Corner &amp; Lordi @ Musichall, Geiselwind 4.4.2013\" href=\"https:\/\/tierra-de-oz.net\/wordpress\/?page_id=1789\">Tour Beast or not Tour Beast 2013 \u2013 Reverse Grip, Tri State Corner &amp; Lordi @ Musichall, Geiselwind 4.4.2013<\/a><br \/>\n<a title=\"Ragnar\u00f6k Festival @ Stadthalle, Lichtenfels 5. &amp; 6.4.2013\" href=\"https:\/\/tierra-de-oz.net\/wordpress\/?page_id=1806\">Ragnar\u00f6k Festival @ Stadthalle, Lichtenfels 5. &amp; 6.4.2013<\/a><br \/>\n<a title=\"Double Trouble &amp; Dr. Woo\u2019s Rock\u2019n'Roll Circus @ Kofferfabrik, F\u00fcrth 13.4.2013\" href=\"https:\/\/tierra-de-oz.net\/wordpress\/?page_id=1876\">Double Trouble &amp; Dr. Woo&#8217;s Rock&#8217;n&#8217;Roll Circus @ Kofferfabrik, F\u00fcrth 13.4.2013<br \/>\n<\/a><a title=\"Hellish Rock Part II \u2013 Shadowside, Gamma Ray &amp; Helloween @ Oberpfalzhalle, Schwandorf 21.4.2013\" href=\"https:\/\/tierra-de-oz.net\/wordpress\/?page_id=1890\">Hellish Rock Part II &#8211; Shadowside, Gamma Ray &amp; Helloween @ Oberpfalzhalle, Schwandorf 21.4.2013<\/a><a title=\"Double Trouble &amp; Dr. Woo\u2019s Rock\u2019n'Roll Circus @ Kofferfabrik, F\u00fcrth 13.4.2013\" href=\"https:\/\/tierra-de-oz.net\/wordpress\/?page_id=1876\"><br \/>\n<\/a><a title=\"Avantasia \u2013 The Mystery of Time World Tour @ Stadthalle, Lichtenfels 26.4.2013\" href=\"https:\/\/tierra-de-oz.net\/wordpress\/?page_id=1907\">Avantasia &#8211; The Mystery of Time World Tour @ Stadthalle, Lichtenfels 26.4.2013<\/a><a title=\"Double Trouble &amp; Dr. Woo\u2019s Rock\u2019n'Roll Circus @ Kofferfabrik, F\u00fcrth 13.4.2013\" href=\"https:\/\/tierra-de-oz.net\/wordpress\/?page_id=1876\"><br \/>\n<\/a><a title=\"Rock Hard Festival 2013 @ Amphitheater, Gelsenkirchen\" href=\"https:\/\/tierra-de-oz.net\/wordpress\/?page_id=1914\">Rock Hard Festival 2013 @ Amphitheater, Gelsenkirchen<\/a><br \/>\n<a title=\"Beastival 2013 @ Eventzentrum, Geiselwind\" href=\"https:\/\/tierra-de-oz.net\/wordpress\/?page_id=1981\">Beastival 2013 @ Eventzentrum, Geiselwind<\/a><br \/>\n<a title=\"With Full Force XX @ Flugplatz, Roitzschjora\" href=\"https:\/\/tierra-de-oz.net\/wordpress\/?page_id=2077\">With Full Force XX @ Flugplatz, Roitzschjora<\/a><br \/>\n<a title=\"Rockharz 20th Anniversary @ Flugplatz, Ballenstedt\" href=\"https:\/\/tierra-de-oz.net\/wordpress\/?page_id=2181\">Rockharz 20th Anniversary @ Flugplatz, Ballenstedt<\/a><br \/>\n<a title=\"Pyraser Classic Rock Night @ Brauereigutshof, Pyras 20.7.2013\" href=\"https:\/\/tierra-de-oz.net\/wordpress\/?page_id=2317\">Pyraser Classic Rock Night @ Brauereigutshof, Pyras 20.7.2013<\/a><br \/>\n<a title=\"Eisenwahn Festival 2013 @ Obersinn\" href=\"https:\/\/tierra-de-oz.net\/wordpress\/?page_id=2349\">Eisenwahn Festival 2013 @ Ludwig Zeller Ring, Obersinn<\/a><br \/>\n<a title=\"Double Crush Syndrome, Buffalo Summer &amp; Ugly Kid Joe @ Rockfabrik, N\u00fcrnberg 30.7.2013\" href=\"https:\/\/tierra-de-oz.net\/wordpress\/?page_id=2333\">Double Crush Syndrome, Buffalo Summer &amp; Ugly Kid Joe @ Rockfabrik, N\u00fcrnberg 30.7.2013<\/a><br \/>\n<a title=\"Dr. Woo\u2019s Rock\u2019n'Roll Circus, NeonFly &amp; Alice Cooper @ Stadthalle, Lichtenfels 4.8.2013\" href=\"https:\/\/tierra-de-oz.net\/wordpress\/?page_id=2400\">Dr. Woo&#8217;s Rock&#8217;n&#8217;Roll Circus, NeonFly &amp; Alice Cooper @ Stadthalle, Lichtenfels 4.8.2013<\/a><br \/>\n<a title=\"Summer Breeze 2013 @ Dinkelsb\u00fchl\" href=\"https:\/\/tierra-de-oz.net\/wordpress\/?page_id=4110\">Summer Breeze 2013 @ Dinkelsb\u00fchl<\/a><br \/>\n<a title=\"Sk\u00e1lm\u00f6ld, T\u00fdr &amp; Finntroll @ Hirsch, N\u00fcrnberg 10.9.2013\" href=\"https:\/\/tierra-de-oz.net\/wordpress\/?page_id=2910\">Sk\u00e1lm\u00f6ld, T\u00fdr &amp; Finntroll @ Hirsch, N\u00fcrnberg 10.9.2013<\/a><br \/>\n<a title=\"Bonfire, Pink Cream 69 &amp; Pretty Maids @ Rockfabrik, N\u00fcrnberg 19.9.2013\" href=\"https:\/\/tierra-de-oz.net\/wordpress\/?page_id=4243\">Bonfire, Pink Cream 69 &amp; Pretty Maids @ Rockfabrik, N\u00fcrnberg 19.9.2013<\/a><br \/>\n<a title=\"TXL &amp; Kevin Russell @ Turbinenhalle, Oberhausen 21.9.2013\" href=\"https:\/\/tierra-de-oz.net\/wordpress\/?page_id=4262\">TXL &amp; Kevin Russell @ Turbinenhalle, Oberhausen 21.9.2013<\/a><br \/>\n<a title=\"The Mars Chronicles, Klone, Bilocate &amp; Orphaned Land @ Hirsch, N\u00fcrnberg 29.9.2013\" href=\"https:\/\/tierra-de-oz.net\/wordpress\/?page_id=4276\">The Mars Chronicles, Klone, Bilocate &amp; Orphaned Land @ Hirsch, N\u00fcrnberg 29.9.2013<\/a><br \/>\n<a title=\"Ashes of Ares, Battle Beast, Majesty &amp; Powerwolf @ Backstage, M\u00fcnchen 4.10.2013\" href=\"https:\/\/tierra-de-oz.net\/wordpress\/?page_id=4299\">Ashes of Ares, Battle Beast, Majesty &amp; Powerwolf @ Backstage, M\u00fcnchen 4.10.2013<\/a><br \/>\n<a title=\"Dr. Woo\u2019s Rock\u2019n'Roll Circus &amp; Y&amp;T @ Hirsch, N\u00fcrnberg 6.10.2013\" href=\"https:\/\/tierra-de-oz.net\/wordpress\/?page_id=4319\">Dr. Woo&#8217;s Rock&#8217;n&#8217;Roll Circus &amp; Y&amp;T @ Hirsch, N\u00fcrnberg 6.10.2013<\/a><br \/>\n<a title=\"Siren\u2019s Cry, Sebastien, Mystic Prophecy &amp; Masterplan @ Backstage, M\u00fcnchen 13.10.2013\" href=\"https:\/\/tierra-de-oz.net\/wordpress\/sirens-cry-sebastien-mystic-prophecy-masterplan-backstage-munchen-13-10-2013\/\">Siren&#8217;s Cry, Sebastien, Mystic Prophecy &amp; Masterplan @ Backstage, M\u00fcnchen 13.10.2013<\/a><br \/>\n<a title=\"M.I.God. &amp; Brainstorm @ Rockfabrik, N\u00fcrnberg 18.10.2013\" href=\"https:\/\/tierra-de-oz.net\/wordpress\/?page_id=4332\">M.I.God. &amp; Brainstorm @ Rockfabrik, N\u00fcrnberg 18.10.2013<br \/>\n<\/a><a title=\"Jaded Heart, Steel Engraved, Alpha Tiger &amp; Queensryche @ Theaterfabrik, M\u00fcnchen 25.10.2013\" href=\"https:\/\/tierra-de-oz.net\/wordpress\/?page_id=4359\">Jaded Heart, Steel Engraved, Alpha Tiger &amp; Queensryche @ Theaterfabrik, M\u00fcnchen 25.10.2013<\/a><br \/>\n<a title=\"Teodasia &amp; Tarja @ Backstage, M\u00fcnchen 26.10.2013\" href=\"https:\/\/tierra-de-oz.net\/wordpress\/?page_id=4374\">Teodasia &amp; Tarja @ Backstage, M\u00fcnchen 26.10.2013<\/a><br \/>\n<a title=\"Vlad in Tears, Ihresgleichen &amp; H\u00e4matom @ Reithalle Stra\u00dfe E, Dresden 1.11.2013\" href=\"https:\/\/tierra-de-oz.net\/wordpress\/?page_id=4388\">Vlad in Tears, Ihresgleichen &amp; H\u00e4matom @ Reithalle Stra\u00dfe E, Dresden 1.11.2013<\/a><br \/>\n<a title=\"Katatonia, Lacuna Coil &amp; Paradise Lost @ Hirsch, N\u00fcrnberg 11.11.2013\" href=\"https:\/\/tierra-de-oz.net\/wordpress\/katatonia-lacuna-coil-paradise-lost-hirsch-nurnberg-11-11-2013\/\">Katatonia, Lacuna Coil &amp; Paradise Lost @ Hirsch, N\u00fcrnberg 11.11.2013<\/a><br \/>\n<a title=\"Contaminant &amp; Crematory @ Rockfabrik, N\u00fcrnberg 15.11.2013\" href=\"https:\/\/tierra-de-oz.net\/wordpress\/contaminant-crematory-rockfabrik-nurnberg-15-11-2013\/\">Contaminant &amp; Crematory @ Rockfabrik, N\u00fcrnberg 15.11.2013<\/a><br \/>\n<a title=\"GFF, Glamour of the Kill &amp; Papa Roach @ Rockfabrik, N\u00fcrnberg 16.11.2013\" href=\"https:\/\/tierra-de-oz.net\/wordpress\/gff-glamour-of-the-kill-papa-roach-rockfabrik-nurnberg-16-11-2013\/\">GFF, Glamour of the Kill &amp; Papa Roach @ Rockfabrik, N\u00fcrnberg 16.11.2013<\/a><br \/>\n<a title=\"Tellus Requiem, ReVamp &amp; Kamelot @ Backstage, M\u00fcnchen 19.11.2013\" href=\"https:\/\/tierra-de-oz.net\/wordpress\/tellus-requiem-revamp-kamelot-backstage-munchen-19-11-2013\/\">Tellus Requiem, ReVamp &amp; Kamelot @ Backstage, M\u00fcnchen 19.11.2013<\/a><br \/>\n<a title=\"Dead City Ruins, Ugly Kid Joe &amp; Skid Row @ Rockfabrik, Ludwigsburg 21.11.2013\" href=\"https:\/\/tierra-de-oz.net\/wordpress\/dead-city-ruins-ugly-kid-joe-skid-row-rockfabrik-ludwigsburg-21-11-2013\/\">Dead City Ruins, Ugly Kid Joe &amp; Skid Row @ Rockfabrik, Ludwigsburg 21.11.2013<\/a><br \/>\n<a title=\"Stahlzeit @ Kesselhaus, M\u00fcnchen 30.11.2013\" href=\"https:\/\/tierra-de-oz.net\/wordpress\/stahlzeit-kesselhaus-munchen-30-11-2013\/\">Stahlzeit @ Kesselhaus, M\u00fcnchen 30.11.2013<\/a><br \/>\n<a title=\"Black-Bone &amp; Mustasch @ Hirsch, N\u00fcrnberg 1.12.2013\" href=\"https:\/\/tierra-de-oz.net\/wordpress\/black-bone-mustasch-hirsch-nurnberg-1-12-2013\/\">Black-Bone &amp; Mustasch @ Hirsch, N\u00fcrnberg 1.12.2013<\/a><br \/>\n<a title=\"Henriette &amp; Extrabreit @ Rockfabrik, N\u00fcrnberg 13.12.2013\" href=\"https:\/\/tierra-de-oz.net\/wordpress\/henriette-extrabreit-rockfabrik-nurnberg-13-12-2013\/\">Henriette &amp; Extrabreit @ Rockfabrik, N\u00fcrnberg 13.12.2013<\/a><br \/>\n<a title=\"Majesty &amp; Rage Lingua Mortis Orchestra @ Hirsch, N\u00fcrnberg 20.12.2013\" href=\"https:\/\/tierra-de-oz.net\/wordpress\/majesty-rage-lingua-mortis-orchestra-hirsch-nurnberg-20-12-2013\/\">Majesty &amp; Rage and Lingua Mortis Orchestra @ Hirsch, N\u00fcrnberg 20.12.2013<\/a><br \/>\n<a title=\"Eisheilige Nacht \u2013 Lord of the Lost, Lordi, Korpiklaani &amp; Subway to Sally @ Stadthalle, F\u00fcrth 27.12.2013\" href=\"https:\/\/tierra-de-oz.net\/wordpress\/eisheilige-nacht-lord-of-the-lost-lordi-korpiklaani-subway-to-sally-stadthalle-furth-27-12-2013\/\">Eisheilige Nacht &#8211; Lord of the Lost, Lordi, Korpiklaani &amp; Subway to Sally @ Stadthalle, F\u00fcrth 27.12.2013<\/a><\/p>\n<p><a title=\"Gallery\" href=\"https:\/\/tierra-de-oz.net\/wordpress\/?page_id=104\">back to Gallery<\/a><\/p>\n","protected":false},"excerpt":{"rendered":"<p>Spotlight Brides, 5 Aces &amp; Steel Engraved @ FreYheit, Freyung 5.1.2013 German Metal Attack &ndash; Gun Barrel, Wizard, Majesty &amp; Grave Digger<\/p>\n<p class=\"link-more\"><a class=\"myButt \" href=\"https:\/\/tierra-de-oz.net\/wordpress\/2013-2\/\">Read More<\/a><\/p>\n","protected":false},"author":1,"featured_media":0,"parent":0,"menu_order":0,"comment_status":"open","ping_status":"open","template":"","meta":{"footnotes":""},"tags":[],"class_list":["post-1208","page","type-page","status-publish","hentry"],"_links":{"self":[{"href":"https:\/\/tierra-de-oz.net\/wordpress\/wp-json\/wp\/v2\/pages\/1208","targetHints":{"allow":["GET"]}}],"collection":[{"href":"https:\/\/tierra-de-oz.net\/wordpress\/wp-json\/wp\/v2\/pages"}],"about":[{"href":"https:\/\/tierra-de-oz.net\/wordpress\/wp-json\/wp\/v2\/types\/page"}],"author":[{"embeddable":true,"href":"https:\/\/tierra-de-oz.net\/wordpress\/wp-json\/wp\/v2\/users\/1"}],"replies":[{"embeddable":true,"href":"https:\/\/tierra-de-oz.net\/wordpress\/wp-json\/wp\/v2\/comments?post=1208"}],"version-history":[{"count":99,"href":"https:\/\/tierra-de-oz.net\/wordpress\/wp-json\/wp\/v2\/pages\/1208\/revisions"}],"predecessor-version":[{"id":4558,"href":"https:\/\/tierra-de-oz.net\/wordpress\/wp-json\/wp\/v2\/pages\/1208\/revisions\/4558"}],"wp:attachment":[{"href":"https:\/\/tierra-de-oz.net\/wordpress\/wp-json\/wp\/v2\/media?parent=1208"}],"wp:term":[{"taxonomy":"post_tag","embeddable":true,"href":"https:\/\/tierra-de-oz.net\/wordpress\/wp-json\/wp\/v2\/tags?post=1208"}],"curies":[{"name":"wp","href":"https:\/\/api.w.org\/{rel}","templated":true}]}}