{"id":10717,"date":"2023-01-08T22:11:05","date_gmt":"2023-01-08T21:11:05","guid":{"rendered":"https:\/\/tierra-de-oz.net\/wordpress\/?page_id=10717"},"modified":"2024-01-06T00:38:12","modified_gmt":"2024-01-05T23:38:12","slug":"2023-2","status":"publish","type":"page","link":"https:\/\/tierra-de-oz.net\/wordpress\/2023-2\/","title":{"rendered":"2023"},"content":{"rendered":"<div class=\"associated-posts thumbnail-title\"><\/div>\n<p><a href=\"https:\/\/tierra-de-oz.net\/wordpress\/the-busters-hirsch-nurnberg-5-1-2023\/\">The Busters @ Hirsch, N\u00fcrnberg 5.1.2023<\/a><br \/>\n<a href=\"https:\/\/tierra-de-oz.net\/wordpress\/ozzyfied-kilmister-hirsch-nurnberg-6-1-2023\/\">Ozzyfied &amp; Kilmister @ Hirsch, N\u00fcrnberg 6.1.2023<\/a><br \/>\n<a href=\"https:\/\/tierra-de-oz.net\/wordpress\/andre-rieu-arena-nurnberg-19-1-2023\/\">Andr\u00e9 Rieu @ Arena, N\u00fcrnberg 19.1.2023<\/a><br \/>\n<a href=\"https:\/\/tierra-de-oz.net\/wordpress\/m-i-god-slears-a-life-divided-hirsch-nurnberg-27-1-2023\/\">M.I.God., Slears &amp; A Life Divided @ Hirsch, N\u00fcrnberg 27.1.2023<\/a><br \/>\n<a href=\"https:\/\/tierra-de-oz.net\/wordpress\/sibbi-hier-zebrahead-hirsch-nurnberg-12-2-2023\/\">Sibbi Hier &amp; Zebrahead @ Hirsch, N\u00fcrnberg 12.2.2023<\/a><br \/>\n<a href=\"https:\/\/tierra-de-oz.net\/wordpress\/riverdance-brose-arena-bamberg-24-2-2023\/\">Riverdance @ Brose Arena, Bamberg 24.2.2023<\/a><br \/>\n<a href=\"https:\/\/tierra-de-oz.net\/wordpress\/17-hippies-hirsch-nurnberg-26-2-2023\/\">17 Hippies @ Hirsch, N\u00fcrnberg 26.2.2023<\/a><br \/>\n<a href=\"https:\/\/tierra-de-oz.net\/wordpress\/beyond-the-rainbow-purple-rising-hirsch-nurnberg-3-3-2023\/\">Beyond The Rainbow &amp; Purple Rising @ Hirsch, N\u00fcrnberg 3.3.2023<\/a><br \/>\n<a href=\"https:\/\/tierra-de-oz.net\/wordpress\/rock-for-one-world-2023-komma-esslingen-4-3-2023\/\">Rock for one World 2023 @ Komma, Esslingen 4.3.2023<\/a><br \/>\n<a href=\"https:\/\/tierra-de-oz.net\/wordpress\/tungsten-northtale-arion-bloodbound-hirsch-nurnberg-5-3-2023\/\">Tungsten, Northtale, Arion &amp; Bloodbound @ Hirsch, N\u00fcrnberg 5.3.2023<\/a><br \/>\n<a href=\"https:\/\/tierra-de-oz.net\/wordpress\/temperance-tarja-hirsch-nurnberg-7-3-2023\/\">Temperance &amp; Tarja @ Hirsch, N\u00fcrnberg 7.3.2023<\/a><br \/>\n<a href=\"https:\/\/tierra-de-oz.net\/wordpress\/mister-misery-the-69-eyes-hirsch-nurnberg-13-3-2023\/\">Mister Misery &amp; The 69 Eyes @ Hirsch, N\u00fcrnberg 13.3.2023<\/a><br \/>\n<a href=\"https:\/\/tierra-de-oz.net\/wordpress\/the-australian-pink-floyd-show-meistersingerhalle-nurnberg-19-3-2023\/\">The Australian Pink Floyd Show @ Meistersingerhalle, N\u00fcrnberg 19.3.2023<\/a><br \/>\n<a href=\"https:\/\/tierra-de-oz.net\/wordpress\/tri-state-corner-mark-daly-and-the-ravens-geoff-tate-hirsch-nurnberg-22-3-2023\/\">Tri State Corner, Mark Daly And The Ravens &amp; Geoff Tate @ Hirsch, N\u00fcrnberg 22.3.2023<\/a><br \/>\n<a href=\"https:\/\/tierra-de-oz.net\/wordpress\/peter-kraus-meistersingerhalle-nurnberg-2-4-2023\/\">Peter Kraus @ Meistersingerhalle, N\u00fcrnberg 2.4.2023<\/a><br \/>\n<a href=\"https:\/\/tierra-de-oz.net\/wordpress\/joe-satriani-lowensaal-nurnberg-18-4-2023\/\">Joe Satriani @ L\u00f6wensaal, N\u00fcrnberg 18.4.2023<\/a><br \/>\n<a href=\"https:\/\/tierra-de-oz.net\/wordpress\/dawn-of-eternity-dust-in-mind-enemy-inside-der-cult-nurnberg-20-4-2023\/\">Dawn Of Eternity, Dust In Mind &amp; Enemy Inside @ Der Cult, N\u00fcrnberg 20.4.2023<\/a><br \/>\n<a href=\"https:\/\/tierra-de-oz.net\/wordpress\/rock-meets-classic-arena-nurnberg-22-4-2023\/\">Rock meets Classic @ Arena, N\u00fcrnberg 22.4.2023<\/a><br \/>\n<a href=\"https:\/\/tierra-de-oz.net\/wordpress\/joe-bonamassa-arena-nurnberg-29-4-2023\/\">Joe Bonamassa @ Arena, N\u00fcrnberg 29.4.2023<\/a><br \/>\n<a href=\"https:\/\/tierra-de-oz.net\/wordpress\/tir-nan-og-warkings-feuerschwanz-deus-vult-lowensaal-nurnberg-30-4-2023\/\">Tir Nan Og, Warkings, Feuerschwanz &amp; Deus Vult @ L\u00f6wensaal, N\u00fcrnberg 30.4.2023<\/a><br \/>\n<a href=\"https:\/\/tierra-de-oz.net\/wordpress\/dr-woos-rocknroll-circus-kammerspiele-ansbach-5-5-2023\/\">Dr. Woo&#8217;s Rock&#8217;n&#8217;Roll Circus @ Kammerspiele, Ansbach 5.5.2023<\/a><br \/>\n<a href=\"https:\/\/tierra-de-oz.net\/wordpress\/nirvana-it-stinger-hirsch-nurnberg-12-5-2023\/\">Nirvana It &amp; Stinger @ Hirsch, N\u00fcrnberg 12.5.2023<\/a><br \/>\n<a href=\"https:\/\/tierra-de-oz.net\/wordpress\/vulvarine-thundermother-hirsch-nurnberg-17-5-2023\/\">Vulvarine &amp; Thundermother @ Hirsch, N\u00fcrnberg 17.5.2023<\/a><br \/>\n<a href=\"https:\/\/tierra-de-oz.net\/wordpress\/brachmond-deus-vult-burg-dagestein-vilseck-19-5-2023\/\">Brachmond &amp; Deus Vult @ Burg Dagestein, Vilseck 19.5.2023<\/a><br \/>\n<a href=\"https:\/\/tierra-de-oz.net\/wordpress\/bosstime-hirsch-nurnberg-26-5-2023\/\">Bosstime @ Hirsch, N\u00fcrnberg 26.5.2023<\/a><br \/>\n<a href=\"https:\/\/tierra-de-oz.net\/wordpress\/rock-im-park-zeppelinfeld-nurnberg-2-4-6-2023\/\">Rock im Park @ Zeppelinfeld, N\u00fcrnberg 2. \u2013 4.6.2023<\/a><br \/>\n<a href=\"https:\/\/www.metal-hammer.de\/rammstein-live-in-muenchen-2083445\/\">Rammstein @ Olympiastadion, M\u00fcnchen 8.6.2023<\/a><br \/>\n<a href=\"https:\/\/tierra-de-oz.net\/wordpress\/the-hellacopters-ghost-ratiopharm-arena-neu-ulm-20-6-2023\/\">The Hellacopters &amp; Ghost @ Ratiopharm Arena, Neu-Ulm 20.6.2023<\/a><br \/>\n<a href=\"https:\/\/tierra-de-oz.net\/wordpress\/basinfirefest-spalene-porici-czech-republic-22-25-6-2023\/\">Basinfirefest @ Sp\u00e1len\u00e9 Po\u0159\u00ed\u010d\u00ed, Czech Republic 22. &#8211; 25.6.2023<\/a><br \/>\n<a href=\"https:\/\/tierra-de-oz.net\/wordpress\/the-hooters-serenadenhof-nurnberg-5-7-2023\/\">The Hooters @ Serenadenhof, N\u00fcrnberg 5.7.2023<\/a><br \/>\n<a href=\"https:\/\/tierra-de-oz.net\/wordpress\/rock-over-franken-festival-hirsch-nurnberg-9-7-2023\/\">Rock Over Franken Festival @ Hirsch, N\u00fcrnberg 9.7.2023<\/a><br \/>\n<a href=\"https:\/\/tierra-de-oz.net\/wordpress\/black-mirrors-life-of-agony-hirsch-nurnberg-11-7-2023\/\">Black Mirrors &amp; Life Of Agony @ Hirsch, N\u00fcrnberg 11.7.2023<\/a><br \/>\n<a href=\"https:\/\/tierra-de-oz.net\/wordpress\/the-standstills-eagles-of-death-metal-hirsch-nurnberg-18-7-2023\/\">The Standstills &amp; Eagles Of Death Metal @ Hirsch, N\u00fcrnberg 18.7.2023<\/a><br \/>\n<a href=\"https:\/\/tierra-de-oz.net\/wordpress\/pyraser-classic-rock-night-2023\/\">Pyraser Classic Rock Night 2023<\/a><br \/>\n<a href=\"https:\/\/tierra-de-oz.net\/wordpress\/shadow-of-intent-bleed-from-within-heaven-shall-burn-lowensaal-nurnberg-8-8-2023\/\">Shadow Of Intent, Bleed From Within &amp; Heaven Shall Burn @ L\u00f6wensaal, N\u00fcrnberg 8.8.2023<\/a><br \/>\n<a href=\"https:\/\/tierra-de-oz.net\/wordpress\/summer-breeze-open-air-2023\/\">Summer Breeze Open Air 2023<\/a><br \/>\n<a href=\"https:\/\/tierra-de-oz.net\/wordpress\/audiovision-kulturterrasse-furth-9-9-2023\/\">AudioVision @ Kulturterrasse, F\u00fcrth 9.9.2023<\/a><br \/>\n<a href=\"https:\/\/tierra-de-oz.net\/wordpress\/dominum-six-finger-jack-winterstorm-hirsch-nurnberg-24-9-2023\/\">Dominum, Six Finger Jack &amp; Winterstorm @ Hirsch, N\u00fcrnberg 24.9.2023<\/a><br \/>\n<a href=\"https:\/\/tierra-de-oz.net\/wordpress\/marc-amacher-band-the-bosshoss-kia-metropol-arena-nurnberg-29-9-2023\/\">Marc Amacher &amp; Band &amp; The BossHoss @ Kia Metropol Arena, N\u00fcrnberg 29.9.2023<\/a><br \/>\n<a href=\"https:\/\/tierra-de-oz.net\/wordpress\/scardust-blind-guardian-stadthalle-lichtenfels-30-9-2023\/\">Scardust &amp; Blind Guardian @ Stadthalle, Lichtenfels 30.9.2023<\/a><br \/>\n<a href=\"https:\/\/tierra-de-oz.net\/wordpress\/the-virginmarys-the-sisters-of-mercy-posthalle-wurzburg-14-10-2023\/\">The Virginmarys &amp; The Sisters Of Mercy @ Posthalle, W\u00fcrzburg 14.10.2023<\/a><br \/>\n<a href=\"https:\/\/tierra-de-oz.net\/wordpress\/decembre-noir-endseeker-der-cult-nurnberg-19-10-2023\/\">D\u00e9cembre Noir &amp; Endseeker @ Der Cult, N\u00fcrnberg 19.10.2023<\/a><br \/>\n<a href=\"https:\/\/tierra-de-oz.net\/wordpress\/to-kill-achilles-fixation-annisokay-hirsch-nurnberg-24-10-2023\/\">To Kill Achilles, Fixation &amp; Annisokay @ Hirsch, N\u00fcrnberg 24.10.2023<\/a><br \/>\n<a href=\"https:\/\/tierra-de-oz.net\/wordpress\/ryujin-eleine-ensiferum-pain-hirsch-nurnberg-7-11-2023\/\">Ryujin, Eleine, Ensiferum &amp; Pain @ Hirsch, N\u00fcrnberg 7.11.2023<\/a><br \/>\n<a href=\"https:\/\/tierra-de-oz.net\/wordpress\/afrodiziac-the-darkness-technikum-munchen-11-11-2023\/\">AfroDiziac &amp; The Darkness @ Technikum, M\u00fcnchen 11.11.2023<\/a><br \/>\n<a href=\"https:\/\/tierra-de-oz.net\/wordpress\/seiler-speer-stadthalle-furth-16-11-2023\/\">Seiler &amp; Speer @ Stadthalle, F\u00fcrth 16.11.2023<\/a><br \/>\n<a href=\"https:\/\/tierra-de-oz.net\/wordpress\/san-dalen-eurosmith-hirsch-nurnberg-18-11-2023\/\">San Dalen &amp; Eurosmith @ Hirsch, N\u00fcrnberg 18.11.2023<\/a><br \/>\n<a href=\"https:\/\/tierra-de-oz.net\/wordpress\/kvaen-in-mourning-insomnium-hirsch-nurnberg-5-12-2023\/\">Kvaen, In Mourning &amp; Insomnium @ Hirsch, N\u00fcrnberg 5.12.2023<\/a><br \/>\n<a href=\"https:\/\/tierra-de-oz.net\/wordpress\/spike-the-dead-daisies-hirsch-nurnberg-9-12-2023\/\">Spike &amp; The Dead Daisies @ Hirsch, N\u00fcrnberg 9.12.2023<\/a><br \/>\n<a href=\"https:\/\/tierra-de-oz.net\/wordpress\/flic-flac-x-mas-show-zeppelinfeld-nurnberg-14-12-2023\/\">Flic Flac X-Mas-Show @ Zeppelinfeld, N\u00fcrnberg 14.12.2023<\/a><br \/>\n<a href=\"https:\/\/tierra-de-oz.net\/wordpress\/flic-flac-x-mas-show-zeppelinfeld-nurnberg-27-12-2023\/\">Flic Flac X-Mas-Show @ Zeppelinfeld, N\u00fcrnberg 27.12.2023<\/a><br \/>\n<a href=\"https:\/\/tierra-de-oz.net\/wordpress\/stinger-hirsch-nurnberg-28-12-2023\/\">Stinger @ Hirsch, N\u00fcrnberg 28.12.2023<\/a><br \/>\n<a href=\"https:\/\/tierra-de-oz.net\/wordpress\/heroes-bounce-hirsch-nurnberg-29-12-2023\/\">Heroes &amp; Bounce @ Hirsch, N\u00fcrnberg 29.12.2023<\/a><\/p>\n<p><a href=\"https:\/\/tierra-de-oz.net\/wordpress\/gallery\/\">back<\/a><\/p>\n","protected":false},"excerpt":{"rendered":"<p>The Busters @ Hirsch, N&uuml;rnberg 5.1.2023 Ozzyfied &amp; Kilmister @ Hirsch, N&uuml;rnberg 6.1.2023 Andr&eacute; Rieu @ Arena, N&uuml;rnberg 19.1.2023 M.I.God., Slears &amp;<\/p>\n<p class=\"link-more\"><a class=\"myButt \" href=\"https:\/\/tierra-de-oz.net\/wordpress\/2023-2\/\">Read More<\/a><\/p>\n","protected":false},"author":1,"featured_media":0,"parent":0,"menu_order":0,"comment_status":"closed","ping_status":"closed","template":"","meta":{"footnotes":""},"tags":[],"class_list":["post-10717","page","type-page","status-publish","hentry"],"_links":{"self":[{"href":"https:\/\/tierra-de-oz.net\/wordpress\/wp-json\/wp\/v2\/pages\/10717","targetHints":{"allow":["GET"]}}],"collection":[{"href":"https:\/\/tierra-de-oz.net\/wordpress\/wp-json\/wp\/v2\/pages"}],"about":[{"href":"https:\/\/tierra-de-oz.net\/wordpress\/wp-json\/wp\/v2\/types\/page"}],"author":[{"embeddable":true,"href":"https:\/\/tierra-de-oz.net\/wordpress\/wp-json\/wp\/v2\/users\/1"}],"replies":[{"embeddable":true,"href":"https:\/\/tierra-de-oz.net\/wordpress\/wp-json\/wp\/v2\/comments?post=10717"}],"version-history":[{"count":100,"href":"https:\/\/tierra-de-oz.net\/wordpress\/wp-json\/wp\/v2\/pages\/10717\/revisions"}],"predecessor-version":[{"id":11720,"href":"https:\/\/tierra-de-oz.net\/wordpress\/wp-json\/wp\/v2\/pages\/10717\/revisions\/11720"}],"wp:attachment":[{"href":"https:\/\/tierra-de-oz.net\/wordpress\/wp-json\/wp\/v2\/media?parent=10717"}],"wp:term":[{"taxonomy":"post_tag","embeddable":true,"href":"https:\/\/tierra-de-oz.net\/wordpress\/wp-json\/wp\/v2\/tags?post=10717"}],"curies":[{"name":"wp","href":"https:\/\/api.w.org\/{rel}","templated":true}]}}